{"id":5894,"date":"2022-10-04T00:46:17","date_gmt":"2022-10-04T00:46:17","guid":{"rendered":"http:\/\/carmogepereira.pt\/vaiserperfeito\/?post_type=product&#038;p=5894"},"modified":"2025-12-13T09:28:47","modified_gmt":"2025-12-13T09:28:47","slug":"cuffsblindfoldsetsp","status":"publish","type":"product","link":"https:\/\/carmogepereira.pt\/pt\/shop\/cuffsblindfoldsetsp\/","title":{"rendered":"Cuffs and Blindfold Set Special Edition Sportsheets"},"content":{"rendered":"<p><b><span data-contrast=\"auto\">Caracter\u00edsticas:<\/span><\/b><span data-ccp-props=\"{&quot;201341983&quot;:0,&quot;335559739&quot;:160,&quot;335559740&quot;:259}\">\u00a0<\/span><\/p>\n<p><span data-contrast=\"auto\">Adequado tanto para pulsos como para tornozelos.<\/span><\/p>\n<p><span data-contrast=\"auto\">Couro falso de alta qualidade.<\/span><\/p>\n<p><span data-contrast=\"auto\">Fivelas e presilhas douradas.<\/span><\/p>\n<p><span data-contrast=\"auto\">Venda macia de cetim.<\/span><\/p>\n<p><b><span data-contrast=\"auto\">Dimens\u00f5es do Produto:<\/span><\/b><\/p>\n<p>Algema punhos\/ tornozelos at\u00e9 aos 25.4cm.<\/p>\n<p><b><span data-contrast=\"auto\">Conte\u00fado:<\/span><\/b><span data-ccp-props=\"{&quot;201341983&quot;:0,&quot;335559739&quot;:160,&quot;335559740&quot;:259}\">\u00a0<\/span><\/p>\n<p>2x Algemas ajust\u00e1veis<\/p>\n<p>1x Venda de Cetim<\/p>\n<p><b><span data-contrast=\"auto\">Materiais:<\/span><\/b><span data-ccp-props=\"{&quot;201341983&quot;:0,&quot;335559739&quot;:160,&quot;335559740&quot;:259}\">\u00a0<\/span><\/p>\n<p class=\"toolbar toolbar-top\">60% poliuretano, 13% espuma de poliuretano, 13% metal sem n\u00edquel, 12% poli\u00e9ster, 2% elastano.<\/p>","protected":false},"excerpt":{"rendered":"<p>Estas algemas essenciais est\u00e3o adornadas com ferragens douradas, incluindo um fecho de fivela para ajuste. Uma presilha em cada algema permite versatilidade, ligam-se entre si, ou a qualquer coisa desejada! Incorpora a venda de cetim inclu\u00edda para maior excita\u00e7\u00e3o e antecipa\u00e7\u00e3o durante as brincadeiras.<\/p>\n<p><span class=\"TextRun SCXW203525785 BCX0\" lang=\"EN-US\" xml:lang=\"EN-US\" data-contrast=\"auto\"><span class=\"NormalTextRun SCXW203525785 BCX0\">Emparelha com o teu chicote favorito para brincadeiras sensoriais mais extremas. Lubrificante e toy cleaner s\u00e3o o melhor amigo deste produto para o manteres nas melhores condi\u00e7\u00f5es.<\/span><\/span><span class=\"EOP SCXW203525785 BCX0\" data-ccp-props=\"{&quot;201341983&quot;:0,&quot;335559739&quot;:160,&quot;335559740&quot;:259}\">\u00a0<\/span><\/p>\n<p>Adequado tanto para pulsos como para tornozelos com 25,4cm de comprimento. Este conjunto de algemas de alta qualidade em couro falso possui fivelas douradas e presilhas de liga\u00e7\u00e3o. Para maior tens\u00e3o e sensualidade, uma venda em cetim preto macio tamb\u00e9m est\u00e1 inclu\u00edda neste conjunto. Estas vers\u00e1teis algemas podem ser presas entre si para prender os punhos tradicionalmente, usadas com outros conjuntos para prender em hog-tye, ou separadas e presas a acess\u00f3rios como a Adjustable Spreader Bar.<\/p>","protected":false},"featured_media":5896,"comment_status":"open","ping_status":"closed","template":"","meta":{"_acf_changed":false},"pwb-brand":[347],"product_brand":[],"product_cat":[113,126,116,117],"product_tag":[222,213,217,226,245,243,220,250,216,219],"class_list":{"0":"post-5894","1":"product","2":"type-product","3":"status-publish","4":"has-post-thumbnail","6":"pwb-brand-sportsheets","7":"product_cat-accessorieskink","8":"product_cat-blindfolds-masks","9":"product_cat-bondage","10":"product_cat-cuffs","11":"product_tag-ankles","12":"product_tag-bdsm","13":"product_tag-blindfold","14":"product_tag-cuffs","15":"product_tag-external","16":"product_tag-feather-tickler","17":"product_tag-restriction","18":"product_tag-sensory-play","19":"product_tag-vision","20":"product_tag-wrists","21":"pa_color-black","22":"pa_color-gold","23":"nt-post-class","24":"","25":"masonry-item","26":"col-lg-6","34":"first","35":"outofstock","36":"taxable","37":"shipping-taxable","38":"purchasable","39":"product-type-simple","40":"add-to-wishlist-after_add_to_cart"},"acf":[],"brands":[{"id":347,"name":"Sportsheets","slug":"sportsheets"}],"_links":{"self":[{"href":"https:\/\/carmogepereira.pt\/pt\/wp-json\/wp\/v2\/product\/5894","targetHints":{"allow":["GET"]}}],"collection":[{"href":"https:\/\/carmogepereira.pt\/pt\/wp-json\/wp\/v2\/product"}],"about":[{"href":"https:\/\/carmogepereira.pt\/pt\/wp-json\/wp\/v2\/types\/product"}],"replies":[{"embeddable":true,"href":"https:\/\/carmogepereira.pt\/pt\/wp-json\/wp\/v2\/comments?post=5894"}],"version-history":[{"count":0,"href":"https:\/\/carmogepereira.pt\/pt\/wp-json\/wp\/v2\/product\/5894\/revisions"}],"wp:featuredmedia":[{"embeddable":true,"href":"https:\/\/carmogepereira.pt\/pt\/wp-json\/wp\/v2\/media\/5896"}],"wp:attachment":[{"href":"https:\/\/carmogepereira.pt\/pt\/wp-json\/wp\/v2\/media?parent=5894"}],"wp:term":[{"taxonomy":"pwb-brand","embeddable":true,"href":"https:\/\/carmogepereira.pt\/pt\/wp-json\/wp\/v2\/pwb-brand?post=5894"},{"taxonomy":"product_brand","embeddable":true,"href":"https:\/\/carmogepereira.pt\/pt\/wp-json\/wp\/v2\/product_brand?post=5894"},{"taxonomy":"product_cat","embeddable":true,"href":"https:\/\/carmogepereira.pt\/pt\/wp-json\/wp\/v2\/product_cat?post=5894"},{"taxonomy":"product_tag","embeddable":true,"href":"https:\/\/carmogepereira.pt\/pt\/wp-json\/wp\/v2\/product_tag?post=5894"}],"curies":[{"name":"wp","href":"https:\/\/api.w.org\/{rel}","templated":true}]}}