{"id":5911,"date":"2022-10-04T02:07:01","date_gmt":"2022-10-04T02:07:01","guid":{"rendered":"http:\/\/carmogepereira.pt\/vaiserperfeito\/?post_type=product&#038;p=5911"},"modified":"2025-12-11T15:07:13","modified_gmt":"2025-12-11T15:07:13","slug":"shadowlockingcuffs-sm","status":"publish","type":"product","link":"https:\/\/carmogepereira.pt\/pt\/shop\/shadowlockingcuffs-sm\/","title":{"rendered":"Shadow Locking Cuffs S&#038;M"},"content":{"rendered":"<p><b><span data-contrast=\"auto\">Caracter\u00edsticas:<\/span><\/b><span data-ccp-props=\"{&quot;201341983&quot;:0,&quot;335559739&quot;:160,&quot;335559740&quot;:259}\">\u00a0<\/span><\/p>\n<p>Shadow Locking Cuffs proporcionam uma conten\u00e7\u00e3o simples e elegante sem comprometer a durabilidade.<\/p>\n<p>Usa a fechadura de bloqueio para fixar o algema no lugar, o par de algemas inclui (2) chaves.<\/p>\n<p>Emparelha com a tua barra de expans\u00e3o preferida ou prende a uma cabeceira para divertidas encena\u00e7\u00f5es de fantasia.<\/p>\n<p>A correia ajust\u00e1vel torna o uso e a remo\u00e7\u00e3o simples mas segura.<\/p>\n<p><b><span data-contrast=\"auto\">Dimens\u00f5es do Produto:<\/span><\/b><\/p>\n<p>25.4cm x 6.35cm.<\/p>\n<p><b><span data-contrast=\"auto\">Conte\u00fado:<\/span><\/b><span data-ccp-props=\"{&quot;201341983&quot;:0,&quot;335559739&quot;:160,&quot;335559740&quot;:259}\">\u00a0<\/span><\/p>\n<p>1x Par de algemas.<\/p>\n<p>2x Chaves.<\/p>\n<p><b><span data-contrast=\"auto\">Materiais:<\/span><\/b><span data-ccp-props=\"{&quot;201341983&quot;:0,&quot;335559739&quot;:160,&quot;335559740&quot;:259}\">\u00a0<\/span><\/p>\n<p>31% Poliuretano, 31% Polietileno, 25% Poli\u00e9ster, 13% Metal Sem N\u00edquel.<\/p>","protected":false},"excerpt":{"rendered":"<p>Permite-te e adiciona as indispens\u00e1veis Shadow Locking Cuffs \u00e0 tua colec\u00e7\u00e3o de brinquedos. Com um design intrigante de fechaduras e fechos, oferece uma restri\u00e7\u00e3o simples e elegante sem comprometer a durabilidade. Ajusta o fecho ao teu tamanho, assegurando o ajuste perfeito. Estas algemas vegan podem ser usadas por si pr\u00f3prias como um acess\u00f3rio di\u00e1rio para uma noite na cidade. Quando a situa\u00e7\u00e3o se tornar impertinente, conecta as algemas usando a corrente de liga\u00e7\u00e3o sem n\u00edquel e os an\u00e9is em D girat\u00f3rios e prende-te ou a pessoa amante com o fecho de bloqueio. D\u00e1 o poder a quem quiser participar. Emparelha com a uma pe\u00e7a de posicionamento preferida como a Spreader Bar ou prende a uma cabeceira para divertidas encena\u00e7\u00f5es de fantasia.<\/p>","protected":false},"featured_media":5913,"comment_status":"open","ping_status":"closed","template":"","meta":{"_acf_changed":false},"pwb-brand":[348,347],"product_brand":[],"product_cat":[113,116,117],"product_tag":[213,252,226,220,357,219],"class_list":{"0":"post-5911","1":"product","2":"type-product","3":"status-publish","4":"has-post-thumbnail","6":"pwb-brand-sexmischief","7":"pwb-brand-sportsheets","8":"product_cat-accessorieskink","9":"product_cat-bondage","10":"product_cat-cuffs","11":"product_tag-bdsm","12":"product_tag-bracelets","13":"product_tag-cuffs","14":"product_tag-restriction","15":"product_tag-shadow_collection","16":"product_tag-wrists","17":"pa_color-black","18":"nt-post-class","19":"","20":"masonry-item","21":"col-lg-6","29":"first","30":"outofstock","31":"taxable","32":"shipping-taxable","33":"purchasable","34":"product-type-simple","35":"add-to-wishlist-after_add_to_cart"},"acf":[],"brands":[{"id":348,"name":"Sex &amp; Mischief","slug":"sexmischief"},{"id":347,"name":"Sportsheets","slug":"sportsheets"}],"_links":{"self":[{"href":"https:\/\/carmogepereira.pt\/pt\/wp-json\/wp\/v2\/product\/5911","targetHints":{"allow":["GET"]}}],"collection":[{"href":"https:\/\/carmogepereira.pt\/pt\/wp-json\/wp\/v2\/product"}],"about":[{"href":"https:\/\/carmogepereira.pt\/pt\/wp-json\/wp\/v2\/types\/product"}],"replies":[{"embeddable":true,"href":"https:\/\/carmogepereira.pt\/pt\/wp-json\/wp\/v2\/comments?post=5911"}],"version-history":[{"count":0,"href":"https:\/\/carmogepereira.pt\/pt\/wp-json\/wp\/v2\/product\/5911\/revisions"}],"wp:featuredmedia":[{"embeddable":true,"href":"https:\/\/carmogepereira.pt\/pt\/wp-json\/wp\/v2\/media\/5913"}],"wp:attachment":[{"href":"https:\/\/carmogepereira.pt\/pt\/wp-json\/wp\/v2\/media?parent=5911"}],"wp:term":[{"taxonomy":"pwb-brand","embeddable":true,"href":"https:\/\/carmogepereira.pt\/pt\/wp-json\/wp\/v2\/pwb-brand?post=5911"},{"taxonomy":"product_brand","embeddable":true,"href":"https:\/\/carmogepereira.pt\/pt\/wp-json\/wp\/v2\/product_brand?post=5911"},{"taxonomy":"product_cat","embeddable":true,"href":"https:\/\/carmogepereira.pt\/pt\/wp-json\/wp\/v2\/product_cat?post=5911"},{"taxonomy":"product_tag","embeddable":true,"href":"https:\/\/carmogepereira.pt\/pt\/wp-json\/wp\/v2\/product_tag?post=5911"}],"curies":[{"name":"wp","href":"https:\/\/api.w.org\/{rel}","templated":true}]}}