{"id":5915,"date":"2022-10-04T02:24:33","date_gmt":"2022-10-04T02:24:33","guid":{"rendered":"http:\/\/carmogepereira.pt\/vaiserperfeito\/?post_type=product&#038;p=5915"},"modified":"2024-03-01T14:10:22","modified_gmt":"2024-03-01T14:10:22","slug":"saffron-handcuffs-sportsheets","status":"publish","type":"product","link":"https:\/\/carmogepereira.pt\/pt\/shop\/saffron-handcuffs-sportsheets\/","title":{"rendered":"Saffron Handcuffs Sportsheets"},"content":{"rendered":"<p><b><span data-contrast=\"auto\">Caracter\u00edsticas:<\/span><\/b><span data-ccp-props=\"{&quot;201341983&quot;:0,&quot;335559739&quot;:160,&quot;335559740&quot;:259}\">\u00a0<\/span><\/p>\n<p>Tamanho \u00fanico serve grande parte das pessoas.<\/p>\n<p>Algemas de pulso vermelhas e escaldantes.<\/p>\n<p>Algemas de pulso vegan de alta resist\u00eancia.<\/p>\n<p>Interior macio para maior conforto.<\/p>\n<p>Compat\u00edvel com barra extens\u00edvel, correntes, ou outros acess\u00f3rios BDSM.<\/p>\n<p>Dur\u00e1veis e seguras.<\/p>\n<p><b><span data-contrast=\"auto\">Conte\u00fado:<\/span><\/b><span data-ccp-props=\"{&quot;201341983&quot;:0,&quot;335559739&quot;:160,&quot;335559740&quot;:259}\">\u00a0<\/span><\/p>\n<p>1x Par de algemas.<\/p>\n<p><b><span data-contrast=\"auto\">Materiais:<\/span><\/b><span data-ccp-props=\"{&quot;201341983&quot;:0,&quot;335559739&quot;:160,&quot;335559740&quot;:259}\">\u00a0<\/span><\/p>\n<p>Couro PU.<\/p>","protected":false},"excerpt":{"rendered":"<p>Aumenta o picante com estas algemas de pulso quentes e vermelhas!<\/p>\n<p>Escarlate brilhante em couro vegan da meia-noite mais escura cria uma algema ic\u00f3nica que ir\u00e1 dar sabor a muitas noites de deboche. Estas pulseiras robustas t\u00eam um interior macio para uma confort\u00e1vel sedu\u00e7\u00e3o enquanto se brinca com poder, castigo, e prazer. Junte as algemas como um conjunto padr\u00e3o ou separa-as e combina-as com uma barra de expans\u00e3o, correntes, ou outros acess\u00f3rios BDSM. Estas algemas s\u00e3o dur\u00e1veis e seguras, para que se saiba que quem brinca fica totalmente cativado.<\/p>","protected":false},"featured_media":5917,"comment_status":"open","ping_status":"closed","template":"","meta":{"_acf_changed":false},"pwb-brand":[347],"product_brand":[],"product_cat":[113,116,117],"product_tag":[213,226,220,358,219],"class_list":{"0":"post-5915","1":"product","2":"type-product","3":"status-publish","4":"has-post-thumbnail","6":"pwb-brand-sportsheets","7":"product_cat-accessorieskink","8":"product_cat-bondage","9":"product_cat-cuffs","10":"product_tag-bdsm","11":"product_tag-cuffs","12":"product_tag-restriction","13":"product_tag-saffron","14":"product_tag-wrists","15":"pa_color-black","16":"pa_color-red","17":"nt-post-class","18":"","19":"masonry-item","20":"col-lg-6","28":"first","29":"instock","30":"taxable","31":"shipping-taxable","32":"purchasable","33":"product-type-simple","34":"add-to-wishlist-after_add_to_cart"},"acf":[],"brands":[{"id":347,"name":"Sportsheets","slug":"sportsheets"}],"_links":{"self":[{"href":"https:\/\/carmogepereira.pt\/pt\/wp-json\/wp\/v2\/product\/5915","targetHints":{"allow":["GET"]}}],"collection":[{"href":"https:\/\/carmogepereira.pt\/pt\/wp-json\/wp\/v2\/product"}],"about":[{"href":"https:\/\/carmogepereira.pt\/pt\/wp-json\/wp\/v2\/types\/product"}],"replies":[{"embeddable":true,"href":"https:\/\/carmogepereira.pt\/pt\/wp-json\/wp\/v2\/comments?post=5915"}],"version-history":[{"count":0,"href":"https:\/\/carmogepereira.pt\/pt\/wp-json\/wp\/v2\/product\/5915\/revisions"}],"wp:featuredmedia":[{"embeddable":true,"href":"https:\/\/carmogepereira.pt\/pt\/wp-json\/wp\/v2\/media\/5917"}],"wp:attachment":[{"href":"https:\/\/carmogepereira.pt\/pt\/wp-json\/wp\/v2\/media?parent=5915"}],"wp:term":[{"taxonomy":"pwb-brand","embeddable":true,"href":"https:\/\/carmogepereira.pt\/pt\/wp-json\/wp\/v2\/pwb-brand?post=5915"},{"taxonomy":"product_brand","embeddable":true,"href":"https:\/\/carmogepereira.pt\/pt\/wp-json\/wp\/v2\/product_brand?post=5915"},{"taxonomy":"product_cat","embeddable":true,"href":"https:\/\/carmogepereira.pt\/pt\/wp-json\/wp\/v2\/product_cat?post=5915"},{"taxonomy":"product_tag","embeddable":true,"href":"https:\/\/carmogepereira.pt\/pt\/wp-json\/wp\/v2\/product_tag?post=5915"}],"curies":[{"name":"wp","href":"https:\/\/api.w.org\/{rel}","templated":true}]}}