{"id":5920,"date":"2022-10-04T16:58:52","date_gmt":"2022-10-04T16:58:52","guid":{"rendered":"http:\/\/carmogepereira.pt\/vaiserperfeito\/?post_type=product&#038;p=5920"},"modified":"2024-03-01T14:10:21","modified_gmt":"2024-03-01T14:10:21","slug":"saffronhogtiecuffsetsp","status":"publish","type":"product","link":"https:\/\/carmogepereira.pt\/pt\/shop\/saffronhogtiecuffsetsp\/","title":{"rendered":"Saffron Hog Tie &#038; Cuff Set Sportsheets"},"content":{"rendered":"<p><b><span data-contrast=\"auto\">Caracter\u00edsticas:<\/span><\/b><span data-ccp-props=\"{&quot;201341983&quot;:0,&quot;335559739&quot;:160,&quot;335559740&quot;:259}\">\u00a0<\/span><\/p>\n<p class=\"translation-block\">Ata pulsos e tornozelos.<\/p>\n<p class=\"translation-block\">Algemas ajust\u00e1veis ligeiramente almofadadas.\n\u00a0<p>\u00a0<\/p>Material resistente e algemas firmemente ajust\u00e1veis.<\/p>\n<p><span data-contrast=\"auto\">Algemas ajust\u00e1veis servem \u00e0 maioria das pessoas.<\/span><\/p>\n<p>Algemas compat\u00edveis com outro equipamento.<\/p>\n<p><span data-contrast=\"auto\">Grampos de mola girat\u00f3rios tornam qualquer posi\u00e7\u00e3o poss\u00edvel.<\/span><\/p>\n<p><span data-contrast=\"auto\">Couro falso vegan.<\/span><span data-ccp-props=\"{&quot;134233279&quot;:true,&quot;201341983&quot;:0,&quot;335559739&quot;:160,&quot;335559740&quot;:259}\">\u00a0<\/span><\/p>\n<p><span data-contrast=\"auto\">Metal isento de n\u00edquel.<\/span><span data-ccp-props=\"{&quot;134233279&quot;:true,&quot;201341983&quot;:0,&quot;335559739&quot;:160,&quot;335559740&quot;:259}\">\u00a0<\/span><\/p>\n<p><b><span data-contrast=\"auto\">Dimens\u00f5es do Produto:<\/span><\/b><\/p>\n<p>Tubo de alum\u00ednio robusto de 4 vias 12.1cmx4<\/p>\n<p>Algemas 25.4cm<\/p>\n<p><b><span data-contrast=\"auto\">Conte\u00fado:<\/span><\/b><span data-ccp-props=\"{&quot;201341983&quot;:0,&quot;335559739&quot;:160,&quot;335559740&quot;:259}\">\u00a0<\/span><\/p>\n<p>1x Tubo de alum\u00ednio robusto de 4 vias<br \/>\n4x O-Rings de conector fixos<br \/>\n4x algemas de couro falso com fecho de fivela e conector por gancho de mola.<\/p>\n<p><b><span data-contrast=\"auto\">Materiais:<\/span><\/b><\/p>\n<p>60% A\u00e7o inoxid\u00e1vel, 25% Poliuretano, 10% Espuma de poliuretano, 5% Metal sem N\u00edquel.<\/p>","protected":false},"excerpt":{"rendered":"<p class=\"translation-block\">Saffron Hog Tie and Cuff Set prende os pulsos e tornozelos, mas liberta as tuas fantasias mais selvagens. Uma forte barra em forma de X com O-Rings firmemente soldados colocados em cada extremidade est\u00e1 pronta para governar quando conectada a quatro algemas de couro falso, ligeiramente acolchoadas e ajust\u00e1veis da colec\u00e7\u00e3o Saffron, com assinatura vermelha e preta. \n \nCom ferragens pesadas e algemas firmemente ajustadas, n\u00e3o haver\u00e1 qualquer problema! Cada ponto de conex\u00e3o robusto pode tomar um pulso, tornozelo, ou combina\u00e7\u00e3o dos dois, para te fixar devidamente ou \u00e0 pessoa com quem brincas. As algemas tamb\u00e9m podem ser presas juntas ou presas a outro equipamento de bondage para maximizar os jogos de bondage. Mistura e combina com outros produtos da colec\u00e7\u00e3o Saffron para um prazer ainda mais interdito!<\/p>","protected":false},"featured_media":5927,"comment_status":"open","ping_status":"closed","template":"","meta":{"_acf_changed":false},"pwb-brand":[347],"product_brand":[],"product_cat":[113,116,117,253],"product_tag":[222,213,226,220,358,359,219],"class_list":{"0":"post-5920","1":"product","2":"type-product","3":"status-publish","4":"has-post-thumbnail","6":"pwb-brand-sportsheets","7":"product_cat-accessorieskink","8":"product_cat-bondage","9":"product_cat-cuffs","10":"product_cat-furniture-and-sex-swings","11":"product_tag-ankles","12":"product_tag-bdsm","13":"product_tag-cuffs","14":"product_tag-restriction","15":"product_tag-saffron","16":"product_tag-sex-furniture","17":"product_tag-wrists","18":"pa_color-black","19":"pa_color-red","20":"nt-post-class","21":"","22":"masonry-item","23":"col-lg-6","31":"first","32":"instock","33":"taxable","34":"shipping-taxable","35":"purchasable","36":"product-type-simple","37":"add-to-wishlist-after_add_to_cart"},"acf":[],"brands":[{"id":347,"name":"Sportsheets","slug":"sportsheets"}],"_links":{"self":[{"href":"https:\/\/carmogepereira.pt\/pt\/wp-json\/wp\/v2\/product\/5920","targetHints":{"allow":["GET"]}}],"collection":[{"href":"https:\/\/carmogepereira.pt\/pt\/wp-json\/wp\/v2\/product"}],"about":[{"href":"https:\/\/carmogepereira.pt\/pt\/wp-json\/wp\/v2\/types\/product"}],"replies":[{"embeddable":true,"href":"https:\/\/carmogepereira.pt\/pt\/wp-json\/wp\/v2\/comments?post=5920"}],"version-history":[{"count":0,"href":"https:\/\/carmogepereira.pt\/pt\/wp-json\/wp\/v2\/product\/5920\/revisions"}],"wp:featuredmedia":[{"embeddable":true,"href":"https:\/\/carmogepereira.pt\/pt\/wp-json\/wp\/v2\/media\/5927"}],"wp:attachment":[{"href":"https:\/\/carmogepereira.pt\/pt\/wp-json\/wp\/v2\/media?parent=5920"}],"wp:term":[{"taxonomy":"pwb-brand","embeddable":true,"href":"https:\/\/carmogepereira.pt\/pt\/wp-json\/wp\/v2\/pwb-brand?post=5920"},{"taxonomy":"product_brand","embeddable":true,"href":"https:\/\/carmogepereira.pt\/pt\/wp-json\/wp\/v2\/product_brand?post=5920"},{"taxonomy":"product_cat","embeddable":true,"href":"https:\/\/carmogepereira.pt\/pt\/wp-json\/wp\/v2\/product_cat?post=5920"},{"taxonomy":"product_tag","embeddable":true,"href":"https:\/\/carmogepereira.pt\/pt\/wp-json\/wp\/v2\/product_tag?post=5920"}],"curies":[{"name":"wp","href":"https:\/\/api.w.org\/{rel}","templated":true}]}}