{"id":5929,"date":"2022-10-04T23:52:43","date_gmt":"2022-10-04T23:52:43","guid":{"rendered":"http:\/\/carmogepereira.pt\/vaiserperfeito\/?post_type=product&#038;p=5929"},"modified":"2025-12-13T09:00:50","modified_gmt":"2025-12-13T09:00:50","slug":"saffronspreaderbarcuffsetsp","status":"publish","type":"product","link":"https:\/\/carmogepereira.pt\/pt\/shop\/saffronspreaderbarcuffsetsp\/","title":{"rendered":"Saffron Spreader Bar &#038; Cuff Set Sportsheets"},"content":{"rendered":"<p><b><span data-contrast=\"auto\">Caracter\u00edsticas:<\/span><\/b><span data-ccp-props=\"{&quot;201341983&quot;:0,&quot;335559739&quot;:160,&quot;335559740&quot;:259}\">\u00a0<\/span><\/p>\n<p><span class=\"NormalTextRun SCXW167579148 BCX0\">Algemas ajust\u00e1veis ligeiramente acolchoadas para pulsos e tornozelos.<\/span><\/p>\n<p><span class=\"NormalTextRun SCXW167579148 BCX0\">An\u00e9is fortes e s\u00f3lidos da barra firmemente soldados no seu lugar.<\/span><\/p>\n<p class=\"translation-block\">Barra de quatro pontos de fixa\u00e7\u00e3o e encaixe girat\u00f3rio em cada algema.<\/p>\n<p class=\"translation-block\">Hog-tying ou uso com m\u00faltiplas pessoas poss\u00edvel.<\/p>\n<p><span data-contrast=\"auto\">Algemas ajust\u00e1veis servem \u00e0 maioria das pessoas.<\/span><\/p>\n<p><span data-contrast=\"auto\">Grampos de mola girat\u00f3rios tornam qualquer posi\u00e7\u00e3o poss\u00edvel.<\/span><\/p>\n<p><span data-contrast=\"auto\">Couro falso vegan.<\/span><\/p>\n<p><span data-contrast=\"auto\">Metal isento de n\u00edquel.<\/span><\/p>\n<p><b><span data-contrast=\"auto\">Dimens\u00f5es do Produto:<\/span><\/b><\/p>\n<p><span data-contrast=\"auto\">Tubo 63.75cm.<\/span><\/p>\n<p><span data-contrast=\"auto\">Algemas 25.4cm.<\/span><\/p>\n<p><b><span data-contrast=\"auto\">Conte\u00fado:<\/span><\/b><span data-ccp-props=\"{&quot;201341983&quot;:0,&quot;335559739&quot;:160,&quot;335559740&quot;:259}\">\u00a0<\/span><\/p>\n<p><span data-contrast=\"auto\">1x Tubo s\u00f3lido de alum\u00ednio preto mate sem n\u00edquel com 4 an\u00e9is O de liga\u00e7\u00e3o soldados.<\/span><\/p>\n<p><span data-contrast=\"auto\">4x algemas de couro falso com fecho de fivela e conector por gancho de mola.<\/span><span data-ccp-props=\"{&quot;134233279&quot;:true,&quot;201341983&quot;:0,&quot;335559739&quot;:160,&quot;335559740&quot;:259}\">\u00a0<\/span><\/p>\n<p><b><span data-contrast=\"auto\">Materiais:<\/span><\/b><span data-ccp-props=\"{&quot;201341983&quot;:0,&quot;335559739&quot;:160,&quot;335559740&quot;:259}\">\u00a0<\/span><\/p>\n<p>60% A\u00e7o inoxid\u00e1vel, 25% Poliuretano, 10% Espuma de poliuretano, 5% Metal sem N\u00edquel.<\/p>","protected":false},"excerpt":{"rendered":"<p class=\"translation-block\">Realiza as tuas fantasias de poder mais atrevidas com o Saffron Spreader Bar and Cuff Set. Quatro algemas em pele falsa, ligeiramente acolchoadas e ajust\u00e1veis na assinatura vermelha e preta da colec\u00e7\u00e3o Saffron apertam confortavelmente \u00e0 volta dos pulsos e tornozelos e prendem-se \u00e0 barra de expans\u00e3o e umas \u00e0s outras de qualquer forma que possas sonhar. As argolas fortes e s\u00f3lidas da barra de expans\u00e3o est\u00e3o firmemente soldadas no seu lugar, por isso n\u00e3o h\u00e1 fuga...apenas liberta\u00e7\u00e3o.<\/p>\n<p class=\"translation-block\">Imagina os tornozelos algemados at\u00e9 \u00e0s extremidades mais distantes da barra de expans\u00e3o, deixando o corpo em exposi\u00e7\u00e3o e acess\u00edvel ao prazer perverso da pessoa amante, ou os bra\u00e7os abertos e imobilizados enquanto te provocam e atormentam em cada cent\u00edmetro. Os quatro pontos de fixa\u00e7\u00e3o da barra espa\u00e7adora e os ganchos girat\u00f3rios em cada punho tornam at\u00e9 poss\u00edvel hog-tying ou m\u00faltiplas combina\u00e7\u00f5es de pessoas. Mistura e combina com outros produtos da colec\u00e7\u00e3o Saffron para entretenimento ainda mais proibitivo!<\/p>","protected":false},"featured_media":5938,"comment_status":"open","ping_status":"closed","template":"","meta":{"_acf_changed":false},"pwb-brand":[347],"product_brand":[],"product_cat":[113,116,117,253],"product_tag":[222,213,226,220,358,359,219],"class_list":{"0":"post-5929","1":"product","2":"type-product","3":"status-publish","4":"has-post-thumbnail","6":"pwb-brand-sportsheets","7":"product_cat-accessorieskink","8":"product_cat-bondage","9":"product_cat-cuffs","10":"product_cat-furniture-and-sex-swings","11":"product_tag-ankles","12":"product_tag-bdsm","13":"product_tag-cuffs","14":"product_tag-restriction","15":"product_tag-saffron","16":"product_tag-sex-furniture","17":"product_tag-wrists","18":"pa_color-black","19":"pa_color-red","20":"nt-post-class","21":"","22":"masonry-item","23":"col-lg-6","31":"first","32":"outofstock","33":"taxable","34":"shipping-taxable","35":"purchasable","36":"product-type-simple","37":"add-to-wishlist-after_add_to_cart"},"acf":[],"brands":[{"id":347,"name":"Sportsheets","slug":"sportsheets"}],"_links":{"self":[{"href":"https:\/\/carmogepereira.pt\/pt\/wp-json\/wp\/v2\/product\/5929","targetHints":{"allow":["GET"]}}],"collection":[{"href":"https:\/\/carmogepereira.pt\/pt\/wp-json\/wp\/v2\/product"}],"about":[{"href":"https:\/\/carmogepereira.pt\/pt\/wp-json\/wp\/v2\/types\/product"}],"replies":[{"embeddable":true,"href":"https:\/\/carmogepereira.pt\/pt\/wp-json\/wp\/v2\/comments?post=5929"}],"version-history":[{"count":0,"href":"https:\/\/carmogepereira.pt\/pt\/wp-json\/wp\/v2\/product\/5929\/revisions"}],"wp:featuredmedia":[{"embeddable":true,"href":"https:\/\/carmogepereira.pt\/pt\/wp-json\/wp\/v2\/media\/5938"}],"wp:attachment":[{"href":"https:\/\/carmogepereira.pt\/pt\/wp-json\/wp\/v2\/media?parent=5929"}],"wp:term":[{"taxonomy":"pwb-brand","embeddable":true,"href":"https:\/\/carmogepereira.pt\/pt\/wp-json\/wp\/v2\/pwb-brand?post=5929"},{"taxonomy":"product_brand","embeddable":true,"href":"https:\/\/carmogepereira.pt\/pt\/wp-json\/wp\/v2\/product_brand?post=5929"},{"taxonomy":"product_cat","embeddable":true,"href":"https:\/\/carmogepereira.pt\/pt\/wp-json\/wp\/v2\/product_cat?post=5929"},{"taxonomy":"product_tag","embeddable":true,"href":"https:\/\/carmogepereira.pt\/pt\/wp-json\/wp\/v2\/product_tag?post=5929"}],"curies":[{"name":"wp","href":"https:\/\/api.w.org\/{rel}","templated":true}]}}