{"id":5943,"date":"2022-10-05T00:28:28","date_gmt":"2022-10-05T00:28:28","guid":{"rendered":"http:\/\/carmogepereira.pt\/vaiserperfeito\/?post_type=product&#038;p=5943"},"modified":"2024-03-01T14:10:20","modified_gmt":"2024-03-01T14:10:20","slug":"expandablespreaderbarsp","status":"publish","type":"product","link":"https:\/\/carmogepereira.pt\/pt\/shop\/expandablespreaderbarsp\/","title":{"rendered":"Expandable Spreader Bar &#038; Cuffs Set Sportsheets"},"content":{"rendered":"<p><b><span data-contrast=\"auto\">Caracter\u00edsticas:<\/span><\/b><span data-ccp-props=\"{&quot;201341983&quot;:0,&quot;335559739&quot;:160,&quot;335559740&quot;:259}\">\u00a0<\/span><\/p>\n<p><span data-contrast=\"auto\">Ajusta-se de 74cm a 94cm.<\/span><span data-ccp-props=\"{&quot;134233279&quot;:true,&quot;201341983&quot;:0,&quot;335559739&quot;:160,&quot;335559740&quot;:259}\">\u00a0<\/span><\/p>\n<p><span data-contrast=\"auto\">Divide-se em tr\u00eas pe\u00e7as para f\u00e1cil armazenamento e transporte.<\/span><\/p>\n<p><span data-contrast=\"auto\">Inclui 2 algemas ajust\u00e1veis para tornozelos ou pulsos, que se prendem a cada extremidade da barra.<\/span><\/p>\n<p><span data-contrast=\"auto\">As algemas soltam-se para uso isolado ou com outros sistemas de bondage.<\/span><span data-ccp-props=\"{&quot;134233279&quot;:true,&quot;201341983&quot;:0,&quot;335559739&quot;:160,&quot;335559740&quot;:259}\">\u00a0<\/span><\/p>\n<p><b><span data-contrast=\"auto\">Dimens\u00f5es do Produto:<\/span><\/b><\/p>\n<p><span data-contrast=\"auto\">Tubo central de alum\u00ednio 37cm.<\/span><\/p>\n<p><span data-contrast=\"auto\">Tubos de alum\u00ednio com molas de bloqueio que expandem 37cm.<\/span><\/p>\n<p><span data-contrast=\"auto\"> Montado 74cm - 94cm.<\/span><\/p>\n<p><b><span data-contrast=\"auto\">Conte\u00fado:<\/span><\/b><span data-ccp-props=\"{&quot;201341983&quot;:0,&quot;335559739&quot;:160,&quot;335559740&quot;:259}\">\u00a0<\/span><\/p>\n<p><span data-contrast=\"auto\">1x barra extens\u00edvel.<\/span><span data-ccp-props=\"{&quot;134233279&quot;:true,&quot;201341983&quot;:0,&quot;335551550&quot;:1,&quot;335551620&quot;:1,&quot;335559685&quot;:720,&quot;335559737&quot;:0,&quot;335559739&quot;:160,&quot;335559740&quot;:259,&quot;335559991&quot;:360}\">\u00a0<\/span><\/p>\n<p><span data-contrast=\"auto\">2x Algemas ajust\u00e1veis.<\/span><span data-ccp-props=\"{&quot;134233279&quot;:true,&quot;201341983&quot;:0,&quot;335559739&quot;:160,&quot;335559740&quot;:259}\">\u00a0<\/span><\/p>\n<p><b><span data-contrast=\"auto\">Materiais:<\/span><\/b><\/p>\n<p><span data-ccp-props=\"{&quot;201341983&quot;:0,&quot;335559739&quot;:160,&quot;335559740&quot;:259}\">Alum\u00ednio, Neoprene, Velcro, Metal Isento de N\u00edquel.<\/span><\/p>","protected":false},"excerpt":{"rendered":"<p><span class=\"TextRun SCXW56284664 BCX0\" lang=\"EN-US\" xml:lang=\"EN-US\" data-contrast=\"auto\"><span class=\"NormalTextRun SCXW56284664 BCX0\">Agrega uma nova dimens\u00e3o de dom\u00ednio ao teu repert\u00f3rio BDSM for\u00e7ando a pessoa parceira a manter as pernas (ou bra\u00e7os) bem abertos. Os fechos girat\u00f3rios permitem-lhe utilizar as amarras por si s\u00f3 em conjunto com as algemas de pulso ou tornozelo. Divide-se em tr\u00eas segmentos, o que o torna apto para viagens e conveniente para armazenamento.<\/span><\/span><span class=\"EOP SCXW56284664 BCX0\" data-ccp-props=\"{&quot;201341983&quot;:0,&quot;335559739&quot;:160,&quot;335559740&quot;:259}\">\u00a0<\/span><\/p>","protected":false},"featured_media":5948,"comment_status":"open","ping_status":"closed","template":"","meta":{"_acf_changed":false},"pwb-brand":[347],"product_brand":[],"product_cat":[113,116,117,253],"product_tag":[222,213,226,220,359,219],"class_list":{"0":"post-5943","1":"product","2":"type-product","3":"status-publish","4":"has-post-thumbnail","6":"pwb-brand-sportsheets","7":"product_cat-accessorieskink","8":"product_cat-bondage","9":"product_cat-cuffs","10":"product_cat-furniture-and-sex-swings","11":"product_tag-ankles","12":"product_tag-bdsm","13":"product_tag-cuffs","14":"product_tag-restriction","15":"product_tag-sex-furniture","16":"product_tag-wrists","17":"pa_color-black","18":"pa_color-silver","19":"nt-post-class","20":"","21":"masonry-item","22":"col-lg-6","30":"first","31":"instock","32":"taxable","33":"shipping-taxable","34":"purchasable","35":"product-type-simple","36":"add-to-wishlist-after_add_to_cart"},"acf":[],"brands":[{"id":347,"name":"Sportsheets","slug":"sportsheets"}],"_links":{"self":[{"href":"https:\/\/carmogepereira.pt\/pt\/wp-json\/wp\/v2\/product\/5943","targetHints":{"allow":["GET"]}}],"collection":[{"href":"https:\/\/carmogepereira.pt\/pt\/wp-json\/wp\/v2\/product"}],"about":[{"href":"https:\/\/carmogepereira.pt\/pt\/wp-json\/wp\/v2\/types\/product"}],"replies":[{"embeddable":true,"href":"https:\/\/carmogepereira.pt\/pt\/wp-json\/wp\/v2\/comments?post=5943"}],"version-history":[{"count":0,"href":"https:\/\/carmogepereira.pt\/pt\/wp-json\/wp\/v2\/product\/5943\/revisions"}],"wp:featuredmedia":[{"embeddable":true,"href":"https:\/\/carmogepereira.pt\/pt\/wp-json\/wp\/v2\/media\/5948"}],"wp:attachment":[{"href":"https:\/\/carmogepereira.pt\/pt\/wp-json\/wp\/v2\/media?parent=5943"}],"wp:term":[{"taxonomy":"pwb-brand","embeddable":true,"href":"https:\/\/carmogepereira.pt\/pt\/wp-json\/wp\/v2\/pwb-brand?post=5943"},{"taxonomy":"product_brand","embeddable":true,"href":"https:\/\/carmogepereira.pt\/pt\/wp-json\/wp\/v2\/product_brand?post=5943"},{"taxonomy":"product_cat","embeddable":true,"href":"https:\/\/carmogepereira.pt\/pt\/wp-json\/wp\/v2\/product_cat?post=5943"},{"taxonomy":"product_tag","embeddable":true,"href":"https:\/\/carmogepereira.pt\/pt\/wp-json\/wp\/v2\/product_tag?post=5943"}],"curies":[{"name":"wp","href":"https:\/\/api.w.org\/{rel}","templated":true}]}}