{"id":5954,"date":"2022-10-05T00:57:59","date_gmt":"2022-10-05T00:57:59","guid":{"rendered":"http:\/\/carmogepereira.pt\/vaiserperfeito\/?post_type=product&#038;p=5954"},"modified":"2024-03-01T14:10:19","modified_gmt":"2024-03-01T14:10:19","slug":"underthebedrestraintsystemsp","status":"publish","type":"product","link":"https:\/\/carmogepereira.pt\/pt\/shop\/underthebedrestraintsystemsp\/","title":{"rendered":"Under The Bed Restraint System Sportsheets"},"content":{"rendered":"<p><b><span data-contrast=\"auto\">Caracter\u00edsticas:<\/span><\/b><\/p>\n<p><span data-contrast=\"auto\">Adapta-se a qualquer tamanho de colch\u00e3o e \u00e9 bastante port\u00e1til.<\/span><\/p>\n<p><span data-contrast=\"auto\">Usa em casa ou de f\u00e9rias.<\/span><\/p>\n<p><span data-contrast=\"auto\">4 algemas ajust\u00e1veis ( servem 10.16cm-30.48cm), quatro cintas de fixa\u00e7\u00e3o presas a uma correia de liga\u00e7\u00e3o que encaixa firmemente sob o seu colch\u00e3o.<\/span><span data-ccp-props=\"{&quot;134233279&quot;:true,&quot;201341983&quot;:0,&quot;335559739&quot;:160,&quot;335559740&quot;:259}\">\u00a0<\/span><\/p>\n<p><span data-contrast=\"auto\">Montagem f\u00e1cil em qualquer colch\u00e3o.<\/span><span data-ccp-props=\"{&quot;134233279&quot;:true,&quot;201341983&quot;:0,&quot;335559739&quot;:160,&quot;335559740&quot;:259}\">\u00a0<\/span><\/p>\n<p><span data-contrast=\"auto\">Port\u00e1til e excelente para uma escapadela surpresa.<\/span><\/p>\n<p>Lav\u00e1vel \u00e0 m\u00e1quina.<\/p>\n<p><b><span data-contrast=\"auto\">Dimens\u00f5es do Produto:<\/span><\/b><\/p>\n<p><span data-contrast=\"auto\">Correia de liga\u00e7\u00e3o 152cm<\/span><span data-ccp-props=\"{&quot;134233279&quot;:true,&quot;201341983&quot;:0,&quot;335559739&quot;:160,&quot;335559740&quot;:259}\">\u00a0<\/span><\/p>\n<p><span data-contrast=\"auto\">Correias 152cm.<\/span><span data-ccp-props=\"{&quot;134233279&quot;:true,&quot;201341983&quot;:0,&quot;335559739&quot;:160,&quot;335559740&quot;:259}\">\u00a0<\/span><\/p>\n<p><b><span data-contrast=\"auto\">Conte\u00fado:<\/span><\/b><\/p>\n<p><span data-contrast=\"auto\">4x algemas de pulso\/tornozelo<\/span><span data-ccp-props=\"{&quot;134233279&quot;:true,&quot;201341983&quot;:0,&quot;335559739&quot;:160,&quot;335559740&quot;:259}\">\u00a0<\/span><\/p>\n<p><span data-contrast=\"auto\">1x correia de liga\u00e7\u00e3o<\/span><\/p>\n<p><span data-contrast=\"auto\">4x correias.<\/span><\/p>\n<p><b><span data-contrast=\"auto\">Materiais:<\/span><\/b><\/p>\n<p>74% Polipropileno, 10% Poli\u00e9ster, 8% Metal isento de n\u00edquel, 5% Gancho e La\u00e7o, 3% Abs Pl\u00e1stico.<\/p>","protected":false},"excerpt":{"rendered":"<p><span data-contrast=\"auto\">O original (sim, a Sportheets inventou-o) Under\u00a0The\u00a0Bed Restraint System\u00ae \u00e9 f\u00e1cil de instalar, de facto, instala-se em minutos.\u00a04 algemas ajust\u00e1veis (cabe em partes do corpo de 10.16cm-30.48cm), quatro correias de fixa\u00e7\u00e3o presas a uma correia de liga\u00e7\u00e3o que cabe firmemente debaixo do colch\u00e3o. Prende os bra\u00e7os e pernas dos lados ou na parte inferior da cama. A correia de fixa\u00e7\u00e3o encaixa rapidamente debaixo de qualquer colch\u00e3o sem ganchos e ajusta-se ao tamanho que desejar. Montagem f\u00e1cil em qualquer colch\u00e3o.\u00a0Port\u00e1til e excelente para uma escapadela surpresa.<\/span><span data-ccp-props=\"{&quot;201341983&quot;:0,&quot;335559739&quot;:160,&quot;335559740&quot;:259}\">\u00a0<\/span><\/p>\n<p>Lav\u00e1vel \u00e0 m\u00e1quina.<\/p>","protected":false},"featured_media":5956,"comment_status":"open","ping_status":"closed","template":"","meta":{"_acf_changed":false},"pwb-brand":[347],"product_brand":[],"product_cat":[113,116,117,253],"product_tag":[222,213,226,220,359,219],"class_list":{"0":"post-5954","1":"product","2":"type-product","3":"status-publish","4":"has-post-thumbnail","6":"pwb-brand-sportsheets","7":"product_cat-accessorieskink","8":"product_cat-bondage","9":"product_cat-cuffs","10":"product_cat-furniture-and-sex-swings","11":"product_tag-ankles","12":"product_tag-bdsm","13":"product_tag-cuffs","14":"product_tag-restriction","15":"product_tag-sex-furniture","16":"product_tag-wrists","17":"pa_color-black","18":"nt-post-class","19":"","20":"masonry-item","21":"col-lg-6","29":"first","30":"instock","31":"taxable","32":"shipping-taxable","33":"purchasable","34":"product-type-simple","35":"add-to-wishlist-after_add_to_cart"},"acf":[],"brands":[{"id":347,"name":"Sportsheets","slug":"sportsheets"}],"_links":{"self":[{"href":"https:\/\/carmogepereira.pt\/pt\/wp-json\/wp\/v2\/product\/5954","targetHints":{"allow":["GET"]}}],"collection":[{"href":"https:\/\/carmogepereira.pt\/pt\/wp-json\/wp\/v2\/product"}],"about":[{"href":"https:\/\/carmogepereira.pt\/pt\/wp-json\/wp\/v2\/types\/product"}],"replies":[{"embeddable":true,"href":"https:\/\/carmogepereira.pt\/pt\/wp-json\/wp\/v2\/comments?post=5954"}],"version-history":[{"count":0,"href":"https:\/\/carmogepereira.pt\/pt\/wp-json\/wp\/v2\/product\/5954\/revisions"}],"wp:featuredmedia":[{"embeddable":true,"href":"https:\/\/carmogepereira.pt\/pt\/wp-json\/wp\/v2\/media\/5956"}],"wp:attachment":[{"href":"https:\/\/carmogepereira.pt\/pt\/wp-json\/wp\/v2\/media?parent=5954"}],"wp:term":[{"taxonomy":"pwb-brand","embeddable":true,"href":"https:\/\/carmogepereira.pt\/pt\/wp-json\/wp\/v2\/pwb-brand?post=5954"},{"taxonomy":"product_brand","embeddable":true,"href":"https:\/\/carmogepereira.pt\/pt\/wp-json\/wp\/v2\/product_brand?post=5954"},{"taxonomy":"product_cat","embeddable":true,"href":"https:\/\/carmogepereira.pt\/pt\/wp-json\/wp\/v2\/product_cat?post=5954"},{"taxonomy":"product_tag","embeddable":true,"href":"https:\/\/carmogepereira.pt\/pt\/wp-json\/wp\/v2\/product_tag?post=5954"}],"curies":[{"name":"wp","href":"https:\/\/api.w.org\/{rel}","templated":true}]}}