{"id":5962,"date":"2022-10-05T01:19:20","date_gmt":"2022-10-05T01:19:20","guid":{"rendered":"http:\/\/carmogepereira.pt\/vaiserperfeito\/?post_type=product&#038;p=5962"},"modified":"2024-03-01T14:10:18","modified_gmt":"2024-03-01T14:10:18","slug":"sincerelylacecorsetcuffssp","status":"publish","type":"product","link":"https:\/\/carmogepereira.pt\/pt\/shop\/sincerelylacecorsetcuffssp\/","title":{"rendered":"Sincerely Lace Corset Arm Cuffs Sportsheets"},"content":{"rendered":"<p><b><span data-contrast=\"auto\">Caracter\u00edsticas:<\/span><\/b><span data-ccp-props=\"{&quot;201341983&quot;:0,&quot;335559739&quot;:160,&quot;335559740&quot;:259}\">\u00a0<\/span><\/p>\n<p>Algemas que podem ser usadas perto do peito e atr\u00e1s das costas.<\/p>\n<p>Fechos de espartilho.<\/p>\n<p>Dobr\u00e1veis mas seguras.<\/p>\n<p>Acrescenta um par de algemas de tornozelo para possibilitar uma sess\u00e3o de restri\u00e7\u00e3o mais intensa.<\/p>\n<p><b><span data-contrast=\"auto\">Conte\u00fado:<\/span><\/b><span data-ccp-props=\"{&quot;201341983&quot;:0,&quot;335559739&quot;:160,&quot;335559740&quot;:259}\">\u00a0<\/span><\/p>\n<p>1x Algemas Espartilho<\/p>\n<p><b><span data-contrast=\"auto\">Materiais:<\/span><\/b><\/p>\n<p>30% Poli\u00e9ster, 30% Poliuretano, 30% Polietileno, 10% Metal Sem N\u00edquel.<\/p>","protected":false},"excerpt":{"rendered":"<p>Uma introdu\u00e7\u00e3o ao dispositivos de restri\u00e7\u00e3o que pode ser usada perto do peito e atr\u00e1s das costas. Permite testar os limites e a flexibilidade com fechos de espartilho e algemas dobr\u00e1veis mas seguras.<\/p>","protected":false},"featured_media":5965,"comment_status":"open","ping_status":"closed","template":"","meta":{"_acf_changed":false},"pwb-brand":[347],"product_brand":[],"product_cat":[113,116,117],"product_tag":[213,226,220,246,360,219],"class_list":{"0":"post-5962","1":"product","2":"type-product","3":"status-publish","4":"has-post-thumbnail","6":"pwb-brand-sportsheets","7":"product_cat-accessorieskink","8":"product_cat-bondage","9":"product_cat-cuffs","10":"product_tag-bdsm","11":"product_tag-cuffs","12":"product_tag-restriction","13":"product_tag-sincerely","14":"product_tag-sincerely-lace","15":"product_tag-wrists","16":"pa_color-black","17":"nt-post-class","18":"","19":"masonry-item","20":"col-lg-6","28":"first","29":"instock","30":"taxable","31":"shipping-taxable","32":"purchasable","33":"product-type-simple","34":"add-to-wishlist-after_add_to_cart"},"acf":[],"brands":[{"id":347,"name":"Sportsheets","slug":"sportsheets"}],"_links":{"self":[{"href":"https:\/\/carmogepereira.pt\/pt\/wp-json\/wp\/v2\/product\/5962","targetHints":{"allow":["GET"]}}],"collection":[{"href":"https:\/\/carmogepereira.pt\/pt\/wp-json\/wp\/v2\/product"}],"about":[{"href":"https:\/\/carmogepereira.pt\/pt\/wp-json\/wp\/v2\/types\/product"}],"replies":[{"embeddable":true,"href":"https:\/\/carmogepereira.pt\/pt\/wp-json\/wp\/v2\/comments?post=5962"}],"version-history":[{"count":0,"href":"https:\/\/carmogepereira.pt\/pt\/wp-json\/wp\/v2\/product\/5962\/revisions"}],"wp:featuredmedia":[{"embeddable":true,"href":"https:\/\/carmogepereira.pt\/pt\/wp-json\/wp\/v2\/media\/5965"}],"wp:attachment":[{"href":"https:\/\/carmogepereira.pt\/pt\/wp-json\/wp\/v2\/media?parent=5962"}],"wp:term":[{"taxonomy":"pwb-brand","embeddable":true,"href":"https:\/\/carmogepereira.pt\/pt\/wp-json\/wp\/v2\/pwb-brand?post=5962"},{"taxonomy":"product_brand","embeddable":true,"href":"https:\/\/carmogepereira.pt\/pt\/wp-json\/wp\/v2\/product_brand?post=5962"},{"taxonomy":"product_cat","embeddable":true,"href":"https:\/\/carmogepereira.pt\/pt\/wp-json\/wp\/v2\/product_cat?post=5962"},{"taxonomy":"product_tag","embeddable":true,"href":"https:\/\/carmogepereira.pt\/pt\/wp-json\/wp\/v2\/product_tag?post=5962"}],"curies":[{"name":"wp","href":"https:\/\/api.w.org\/{rel}","templated":true}]}}