{"id":5987,"date":"2022-10-05T18:59:15","date_gmt":"2022-10-05T18:59:15","guid":{"rendered":"http:\/\/carmogepereira.pt\/vaiserperfeito\/?post_type=product&#038;p=5987"},"modified":"2024-03-01T14:11:57","modified_gmt":"2024-03-01T14:11:57","slug":"mazetasselchokerbi","status":"publish","type":"product","link":"https:\/\/carmogepereira.pt\/pt\/shop\/mazetasselchokerbi\/","title":{"rendered":"Maze Tassel Choker Bijoux Indiscrets"},"content":{"rendered":"<p><b><span data-contrast=\"auto\">Caracter\u00edsticas:<\/span><\/b><span data-ccp-props=\"{&quot;201341983&quot;:0,&quot;335559739&quot;:160,&quot;335559740&quot;:259}\">\u00a0<\/span><\/p>\n<p>Coleira com franjas.<\/p>\n<p>Combine com as tuas roupas e lingerie favoritas.<\/p>\n<p>3 em 1: coleira, trela e chicote.<\/p>\n<p>Acess\u00f3rio de moda que traz inspira\u00e7\u00e3o e usos de bondage.<\/p>\n<p>Vegan aprovado pela PETA.<\/p>\n<p><b><span data-contrast=\"auto\">Dimens\u00f5es do Produto:<\/span><\/b><\/p>\n<p>Min 27cm Max 41cm.<\/p>\n<p><b><span data-contrast=\"auto\">Conte\u00fado:<\/span><\/b><span data-ccp-props=\"{&quot;201341983&quot;:0,&quot;335559739&quot;:160,&quot;335559740&quot;:259}\">\u00a0<\/span><\/p>\n<p>1x Coleira com franjas.<\/p>\n<p><b><span data-contrast=\"auto\">Materiais:<\/span><\/b><\/p>\n<p><span data-ccp-props=\"{&quot;201341983&quot;:0,&quot;335559739&quot;:160,&quot;335559740&quot;:259}\">Couro Vegan, Metal Isento de n\u00edquel.\u00a0<\/span><\/p>","protected":false},"excerpt":{"rendered":"<p>Esta \u00e9 a pi\u00e8ce de r\u00e9sistance de toda a colec\u00e7\u00e3o Maze. Esta gargantilha esconde tantos segredos que \u00e9 um acess\u00f3rio 3 em 1. A coleira franjas \u00e9 um belo colar. As suas franjas podem transformar-se numa trela e poder\u00e1s deixar-te guiar apenas pela tua pessoa amante. Podes us\u00e1-lo para castigar com prazer, uma vez que se converte num chicote delicado. Este acess\u00f3rio de moda traz inspira\u00e7\u00e3o de bondage \u00e0s divers\u00f5es no teu quarto.<\/p>","protected":false},"featured_media":5988,"comment_status":"open","ping_status":"closed","template":"","meta":{"_acf_changed":false},"pwb-brand":[340],"product_brand":[],"product_cat":[113,123,119,120],"product_tag":[213,225,241,529,229,356,228,227],"class_list":{"0":"post-5987","1":"product","2":"type-product","3":"status-publish","4":"has-post-thumbnail","6":"pwb-brand-bijouxindiscrets","7":"product_cat-accessorieskink","8":"product_cat-collarsgag","9":"product_cat-whipsfeathers","10":"product_cat-whipsandcanes","11":"product_tag-bdsm","12":"product_tag-body","13":"product_tag-collar","14":"product_tag-flogger-or-whip","15":"product_tag-leash","16":"product_tag-maze","17":"product_tag-neck","18":"product_tag-wearable","19":"pa_color-black","20":"nt-post-class","21":"","22":"masonry-item","23":"col-lg-6","31":"first","32":"instock","33":"taxable","34":"shipping-taxable","35":"purchasable","36":"product-type-simple","37":"add-to-wishlist-after_add_to_cart"},"acf":[],"brands":[{"id":340,"name":"Bijoux Indiscrets","slug":"bijouxindiscrets"}],"_links":{"self":[{"href":"https:\/\/carmogepereira.pt\/pt\/wp-json\/wp\/v2\/product\/5987","targetHints":{"allow":["GET"]}}],"collection":[{"href":"https:\/\/carmogepereira.pt\/pt\/wp-json\/wp\/v2\/product"}],"about":[{"href":"https:\/\/carmogepereira.pt\/pt\/wp-json\/wp\/v2\/types\/product"}],"replies":[{"embeddable":true,"href":"https:\/\/carmogepereira.pt\/pt\/wp-json\/wp\/v2\/comments?post=5987"}],"version-history":[{"count":0,"href":"https:\/\/carmogepereira.pt\/pt\/wp-json\/wp\/v2\/product\/5987\/revisions"}],"wp:featuredmedia":[{"embeddable":true,"href":"https:\/\/carmogepereira.pt\/pt\/wp-json\/wp\/v2\/media\/5988"}],"wp:attachment":[{"href":"https:\/\/carmogepereira.pt\/pt\/wp-json\/wp\/v2\/media?parent=5987"}],"wp:term":[{"taxonomy":"pwb-brand","embeddable":true,"href":"https:\/\/carmogepereira.pt\/pt\/wp-json\/wp\/v2\/pwb-brand?post=5987"},{"taxonomy":"product_brand","embeddable":true,"href":"https:\/\/carmogepereira.pt\/pt\/wp-json\/wp\/v2\/product_brand?post=5987"},{"taxonomy":"product_cat","embeddable":true,"href":"https:\/\/carmogepereira.pt\/pt\/wp-json\/wp\/v2\/product_cat?post=5987"},{"taxonomy":"product_tag","embeddable":true,"href":"https:\/\/carmogepereira.pt\/pt\/wp-json\/wp\/v2\/product_tag?post=5987"}],"curies":[{"name":"wp","href":"https:\/\/api.w.org\/{rel}","templated":true}]}}