{"id":5996,"date":"2022-10-05T21:07:39","date_gmt":"2022-10-05T21:07:39","guid":{"rendered":"http:\/\/carmogepereira.pt\/vaiserperfeito\/?post_type=product&#038;p=5996"},"modified":"2024-03-01T14:11:56","modified_gmt":"2024-03-01T14:11:56","slug":"sincerelybowtiecollarleashsp","status":"publish","type":"product","link":"https:\/\/carmogepereira.pt\/pt\/shop\/sincerelybowtiecollarleashsp\/","title":{"rendered":"Sincerely Bow Tie Collar &#038; Leash Sportsheets"},"content":{"rendered":"<p><b><span data-contrast=\"auto\">Caracter\u00edsticas:<\/span><\/b><span data-ccp-props=\"{&quot;201341983&quot;:0,&quot;335559739&quot;:160,&quot;335559740&quot;:259}\">\u00a0<\/span><\/p>\n<p>Promove acessibilidade.<\/p>\n<p>Para todos os n\u00edveis de experi\u00eancia.<\/p>\n<p>Couro falso.<\/p>\n<p>Limpeza \u00e0 m\u00e3o.<\/p>\n<p>Isento de N\u00edquel.<\/p>\n<p>Restri\u00e7\u00e3o.<\/p>\n<p>Como tratar: Usa um toalhete com \u00e1lcool para a coleira e trela.<\/p>\n<p><b><span data-contrast=\"auto\">Dimens\u00f5es do Produto:<\/span><\/b><\/p>\n<p>Coleira 58.4cm<\/p>\n<p>Trela 127cm<\/p>\n<p><b><span data-contrast=\"auto\">Conte\u00fado:<\/span><\/b><span data-ccp-props=\"{&quot;201341983&quot;:0,&quot;335559739&quot;:160,&quot;335559740&quot;:259}\">\u00a0<\/span><\/p>\n<p>1x Coleira<\/p>\n<p>1x Trela<\/p>\n<p><b><span data-contrast=\"auto\">Materiais:<\/span><\/b><span data-ccp-props=\"{&quot;201341983&quot;:0,&quot;335559739&quot;:160,&quot;335559740&quot;:259}\">\u00a0<\/span><\/p>\n<p class=\"toolbar toolbar-top\">65% Poliuretano, 5% Metal isento de n\u00edquel.<\/p>","protected":false},"excerpt":{"rendered":"<p>Faz uma declara\u00e7\u00e3o com a coleira e trela Bow Tie. Veste a tua roupa preferida com a coleira para um visual sexy submisso ou domina o espa\u00e7o enquanto uma pessoa parceira te pavoneia sem mais nada vestido. Este set tem um aspecto formal para manter um jogo do poderes sofisticado e sexy. N\u00e3o importa o teu estilo, vais roubar o espect\u00e1culo ou pelo menos o foco.<\/p>\n<p>Como tratar: Usa um toalhete com \u00e1lcool para a coleira e trela.<\/p>","protected":false},"featured_media":5999,"comment_status":"open","ping_status":"closed","template":"","meta":{"_acf_changed":false},"pwb-brand":[347],"product_brand":[],"product_cat":[113,123],"product_tag":[213,225,241,229,228,246,361],"class_list":{"0":"post-5996","1":"product","2":"type-product","3":"status-publish","4":"has-post-thumbnail","6":"pwb-brand-sportsheets","7":"product_cat-accessorieskink","8":"product_cat-collarsgag","9":"product_tag-bdsm","10":"product_tag-body","11":"product_tag-collar","12":"product_tag-leash","13":"product_tag-neck","14":"product_tag-sincerely","15":"product_tag-sincerely-bow-tie","16":"pa_color-black","17":"nt-post-class","18":"","19":"masonry-item","20":"col-lg-6","28":"first","29":"instock","30":"taxable","31":"shipping-taxable","32":"purchasable","33":"product-type-simple","34":"add-to-wishlist-after_add_to_cart"},"acf":[],"brands":[{"id":347,"name":"Sportsheets","slug":"sportsheets"}],"_links":{"self":[{"href":"https:\/\/carmogepereira.pt\/pt\/wp-json\/wp\/v2\/product\/5996","targetHints":{"allow":["GET"]}}],"collection":[{"href":"https:\/\/carmogepereira.pt\/pt\/wp-json\/wp\/v2\/product"}],"about":[{"href":"https:\/\/carmogepereira.pt\/pt\/wp-json\/wp\/v2\/types\/product"}],"replies":[{"embeddable":true,"href":"https:\/\/carmogepereira.pt\/pt\/wp-json\/wp\/v2\/comments?post=5996"}],"version-history":[{"count":0,"href":"https:\/\/carmogepereira.pt\/pt\/wp-json\/wp\/v2\/product\/5996\/revisions"}],"wp:featuredmedia":[{"embeddable":true,"href":"https:\/\/carmogepereira.pt\/pt\/wp-json\/wp\/v2\/media\/5999"}],"wp:attachment":[{"href":"https:\/\/carmogepereira.pt\/pt\/wp-json\/wp\/v2\/media?parent=5996"}],"wp:term":[{"taxonomy":"pwb-brand","embeddable":true,"href":"https:\/\/carmogepereira.pt\/pt\/wp-json\/wp\/v2\/pwb-brand?post=5996"},{"taxonomy":"product_brand","embeddable":true,"href":"https:\/\/carmogepereira.pt\/pt\/wp-json\/wp\/v2\/product_brand?post=5996"},{"taxonomy":"product_cat","embeddable":true,"href":"https:\/\/carmogepereira.pt\/pt\/wp-json\/wp\/v2\/product_cat?post=5996"},{"taxonomy":"product_tag","embeddable":true,"href":"https:\/\/carmogepereira.pt\/pt\/wp-json\/wp\/v2\/product_tag?post=5996"}],"curies":[{"name":"wp","href":"https:\/\/api.w.org\/{rel}","templated":true}]}}