{"id":6003,"date":"2022-10-05T21:19:21","date_gmt":"2022-10-05T21:19:21","guid":{"rendered":"http:\/\/carmogepereira.pt\/vaiserperfeito\/?post_type=product&#038;p=6003"},"modified":"2024-03-01T14:11:55","modified_gmt":"2024-03-01T14:11:55","slug":"sincerely-lace-locking-collar-leash-sportsheets","status":"publish","type":"product","link":"https:\/\/carmogepereira.pt\/pt\/shop\/sincerely-lace-locking-collar-leash-sportsheets\/","title":{"rendered":"Sincerely Lace Locking Collar &#038; Leash Sportsheets"},"content":{"rendered":"<p><b><span data-contrast=\"auto\">Caracter\u00edsticas:<\/span><\/b><span data-ccp-props=\"{&quot;201341983&quot;:0,&quot;335559739&quot;:160,&quot;335559740&quot;:259}\">\u00a0<\/span><\/p>\n<p>Confort\u00e1vel para usar durante longos per\u00edodos de tempo.<\/p>\n<p>Revestido em renda bonita.<\/p>\n<p>Combina com a colec\u00e7\u00e3o \"Sincerely Lace\".<\/p>\n<p><b><span data-contrast=\"auto\">Dimens\u00f5es do Produto:<\/span><\/b><\/p>\n<p>Coleira 50.165cm.<\/p>\n<p><b><span data-contrast=\"auto\">Conte\u00fado:<\/span><\/b><span data-ccp-props=\"{&quot;201341983&quot;:0,&quot;335559739&quot;:160,&quot;335559740&quot;:259}\">\u00a0<\/span><\/p>\n<p>1x coleira com trela.<\/p>\n<p><b><span data-contrast=\"auto\">Materiais:<\/span><\/b><span data-ccp-props=\"{&quot;201341983&quot;:0,&quot;335559739&quot;:160,&quot;335559740&quot;:259}\">\u00a0<\/span><\/p>\n<p>38% Poliuretano, 38% Polietileno, 24% Metal Sem N\u00edquel.<\/p>","protected":false},"excerpt":{"rendered":"<p>Explora limites e introduz suaves jogos de submiss\u00e3o com a pessoa que te acompanha com a Locking Lace Collar and Leash. Confort\u00e1vel para usar durante longos per\u00edodos de tempo ou apenas o suficiente para tornar as coisas excitantes durante uma encena\u00e7\u00e3o de fantasias. Emparelha com a tua roupa favorita ou retira cada pe\u00e7a de roupa e limita-te apenas ao quarto. Combina com a colec\u00e7\u00e3o Sincerely Lace.<\/p>","protected":false},"featured_media":6005,"comment_status":"open","ping_status":"closed","template":"","meta":{"_acf_changed":false},"pwb-brand":[347],"product_brand":[],"product_cat":[113,123],"product_tag":[213,225,241,229,228,246,360],"class_list":{"0":"post-6003","1":"product","2":"type-product","3":"status-publish","4":"has-post-thumbnail","6":"pwb-brand-sportsheets","7":"product_cat-accessorieskink","8":"product_cat-collarsgag","9":"product_tag-bdsm","10":"product_tag-body","11":"product_tag-collar","12":"product_tag-leash","13":"product_tag-neck","14":"product_tag-sincerely","15":"product_tag-sincerely-lace","16":"pa_color-black","17":"nt-post-class","18":"","19":"masonry-item","20":"col-lg-6","28":"first","29":"instock","30":"taxable","31":"shipping-taxable","32":"purchasable","33":"product-type-simple","34":"add-to-wishlist-after_add_to_cart"},"acf":[],"brands":[{"id":347,"name":"Sportsheets","slug":"sportsheets"}],"_links":{"self":[{"href":"https:\/\/carmogepereira.pt\/pt\/wp-json\/wp\/v2\/product\/6003","targetHints":{"allow":["GET"]}}],"collection":[{"href":"https:\/\/carmogepereira.pt\/pt\/wp-json\/wp\/v2\/product"}],"about":[{"href":"https:\/\/carmogepereira.pt\/pt\/wp-json\/wp\/v2\/types\/product"}],"replies":[{"embeddable":true,"href":"https:\/\/carmogepereira.pt\/pt\/wp-json\/wp\/v2\/comments?post=6003"}],"version-history":[{"count":0,"href":"https:\/\/carmogepereira.pt\/pt\/wp-json\/wp\/v2\/product\/6003\/revisions"}],"wp:featuredmedia":[{"embeddable":true,"href":"https:\/\/carmogepereira.pt\/pt\/wp-json\/wp\/v2\/media\/6005"}],"wp:attachment":[{"href":"https:\/\/carmogepereira.pt\/pt\/wp-json\/wp\/v2\/media?parent=6003"}],"wp:term":[{"taxonomy":"pwb-brand","embeddable":true,"href":"https:\/\/carmogepereira.pt\/pt\/wp-json\/wp\/v2\/pwb-brand?post=6003"},{"taxonomy":"product_brand","embeddable":true,"href":"https:\/\/carmogepereira.pt\/pt\/wp-json\/wp\/v2\/product_brand?post=6003"},{"taxonomy":"product_cat","embeddable":true,"href":"https:\/\/carmogepereira.pt\/pt\/wp-json\/wp\/v2\/product_cat?post=6003"},{"taxonomy":"product_tag","embeddable":true,"href":"https:\/\/carmogepereira.pt\/pt\/wp-json\/wp\/v2\/product_tag?post=6003"}],"curies":[{"name":"wp","href":"https:\/\/api.w.org\/{rel}","templated":true}]}}