{"id":6006,"date":"2022-10-05T21:55:14","date_gmt":"2022-10-05T21:55:14","guid":{"rendered":"http:\/\/carmogepereira.pt\/vaiserperfeito\/?post_type=product&#038;p=6006"},"modified":"2024-03-01T14:11:54","modified_gmt":"2024-03-01T14:11:54","slug":"shadowsparklecollarcuffsp","status":"publish","type":"product","link":"https:\/\/carmogepereira.pt\/pt\/shop\/shadowsparklecollarcuffsp\/","title":{"rendered":"Shadow Sparkle Collar &#038; Cuff Set Sportsheets"},"content":{"rendered":"<p><b><span data-contrast=\"auto\">Caracter\u00edsticas:<\/span><\/b><span data-ccp-props=\"{&quot;201341983&quot;:0,&quot;335559739&quot;:160,&quot;335559740&quot;:259}\">\u00a0<\/span><\/p>\n<p>Coleira e algemas.<\/p>\n<p>Bling para o quarto.<\/p>\n<p>Corrente sem n\u00edquel.<\/p>\n<p>Prende-se a outros acess\u00f3rios, tais como spreader bars.<\/p>\n<p>Coleira e algemas amov\u00edveis para serem usadas como acess\u00f3rios.<\/p>\n<p><b><span data-contrast=\"auto\">Dimens\u00f5es do Produto:<\/span><\/b><\/p>\n<p>Coleira 44.45cm, Corrente sem n\u00edquel 76.2cm, Par de algemas 25.4cm.<\/p>\n<p><b><span data-contrast=\"auto\">Conte\u00fado:<\/span><\/b><span data-ccp-props=\"{&quot;201341983&quot;:0,&quot;335559739&quot;:160,&quot;335559740&quot;:259}\">\u00a0<\/span><\/p>\n<p>1x Coleira com corrente<\/p>\n<p>1x Par de algemas.<\/p>\n<p><b><span data-contrast=\"auto\">Materiais:<\/span><\/b><span data-ccp-props=\"{&quot;201341983&quot;:0,&quot;335559739&quot;:160,&quot;335559740&quot;:259}\">\u00a0<\/span><\/p>\n<p class=\"toolbar toolbar-top\"><span class=\"expand-close\"> 40% Poliuretano, 29% PVC Sem ftalatos, 23% Metais isentos de n\u00edquel, 4% Gancho &amp; La\u00e7o, 4% Polipropileno.<\/span><\/p>","protected":false},"excerpt":{"rendered":"<p>Os tons contrastantes de brilho e extremo combinam-se para criar um conjunto provocativo de Shadow Sparkle Collar &amp; Cuff Set. Uma corrente preta mate liga-se atrav\u00e9s dos an\u00e9is em D no punho e no colarinho, dando possibilidades criativas para a restri\u00e7\u00e3o. Prende a coleira ou algemas a uma barra ou combina com os outros acess\u00f3rios da Shadow Collection. A coleira e algemas podem ser soltas da corrente e usadas como um acess\u00f3rio perfeito para sair.<\/p>","protected":false},"featured_media":6009,"comment_status":"open","ping_status":"closed","template":"","meta":{"_acf_changed":false},"pwb-brand":[],"product_brand":[],"product_cat":[113,116,123,117],"product_tag":[213,225,241,226,229,228,357,219],"class_list":{"0":"post-6006","1":"product","2":"type-product","3":"status-publish","4":"has-post-thumbnail","6":"product_cat-accessorieskink","7":"product_cat-bondage","8":"product_cat-collarsgag","9":"product_cat-cuffs","10":"product_tag-bdsm","11":"product_tag-body","12":"product_tag-collar","13":"product_tag-cuffs","14":"product_tag-leash","15":"product_tag-neck","16":"product_tag-shadow_collection","17":"product_tag-wrists","18":"pa_color-black","19":"nt-post-class","20":"","21":"masonry-item","22":"col-lg-6","30":"first","31":"instock","32":"taxable","33":"shipping-taxable","34":"purchasable","35":"product-type-simple","36":"add-to-wishlist-after_add_to_cart"},"acf":[],"brands":[],"_links":{"self":[{"href":"https:\/\/carmogepereira.pt\/pt\/wp-json\/wp\/v2\/product\/6006","targetHints":{"allow":["GET"]}}],"collection":[{"href":"https:\/\/carmogepereira.pt\/pt\/wp-json\/wp\/v2\/product"}],"about":[{"href":"https:\/\/carmogepereira.pt\/pt\/wp-json\/wp\/v2\/types\/product"}],"replies":[{"embeddable":true,"href":"https:\/\/carmogepereira.pt\/pt\/wp-json\/wp\/v2\/comments?post=6006"}],"version-history":[{"count":0,"href":"https:\/\/carmogepereira.pt\/pt\/wp-json\/wp\/v2\/product\/6006\/revisions"}],"wp:featuredmedia":[{"embeddable":true,"href":"https:\/\/carmogepereira.pt\/pt\/wp-json\/wp\/v2\/media\/6009"}],"wp:attachment":[{"href":"https:\/\/carmogepereira.pt\/pt\/wp-json\/wp\/v2\/media?parent=6006"}],"wp:term":[{"taxonomy":"pwb-brand","embeddable":true,"href":"https:\/\/carmogepereira.pt\/pt\/wp-json\/wp\/v2\/pwb-brand?post=6006"},{"taxonomy":"product_brand","embeddable":true,"href":"https:\/\/carmogepereira.pt\/pt\/wp-json\/wp\/v2\/product_brand?post=6006"},{"taxonomy":"product_cat","embeddable":true,"href":"https:\/\/carmogepereira.pt\/pt\/wp-json\/wp\/v2\/product_cat?post=6006"},{"taxonomy":"product_tag","embeddable":true,"href":"https:\/\/carmogepereira.pt\/pt\/wp-json\/wp\/v2\/product_tag?post=6006"}],"curies":[{"name":"wp","href":"https:\/\/api.w.org\/{rel}","templated":true}]}}