{"id":6011,"date":"2022-10-05T22:14:46","date_gmt":"2022-10-05T22:14:46","guid":{"rendered":"http:\/\/carmogepereira.pt\/vaiserperfeito\/?post_type=product&#038;p=6011"},"modified":"2025-12-13T09:07:53","modified_gmt":"2025-12-13T09:07:53","slug":"speaknoevilchoker","status":"publish","type":"product","link":"https:\/\/carmogepereira.pt\/pt\/shop\/speaknoevilchoker\/","title":{"rendered":"Speak No Evil Choker Picobong"},"content":{"rendered":"<p><b><span data-contrast=\"auto\">Caracter\u00edsticas:<\/span><\/b><span data-ccp-props=\"{&quot;201341983&quot;:0,&quot;335559739&quot;:160,&quot;335559740&quot;:259}\">\u00a0<\/span><\/p>\n<p>Emparelha com a Colec\u00e7\u00e3o Picobong.<\/p>\n<p>F\u00e1cil de por e tirar.<\/p>\n<p>Com trela.<\/p>\n<p>Neoprene ultra-suave.<\/p>\n<p>Confort\u00e1vel e 100% Ajust\u00e1vel.<\/p>\n<p>Lavagem manual e \u00e0 m\u00e1quina.<\/p>\n<p><b><span data-contrast=\"auto\">Conte\u00fado:<\/span><\/b><span data-ccp-props=\"{&quot;201341983&quot;:0,&quot;335559739&quot;:160,&quot;335559740&quot;:259}\">\u00a0<\/span><\/p>\n<p>1x coleira<\/p>\n<p>1x trela<\/p>\n<p><b><span data-contrast=\"auto\">Materiais:<\/span><\/b><span data-ccp-props=\"{&quot;201341983&quot;:0,&quot;335559739&quot;:160,&quot;335559740&quot;:259}\">\u00a0<\/span><\/p>\n<p>Velcro, Neoprene.<\/p>","protected":false},"excerpt":{"rendered":"<p>Consegues lidar com a press\u00e3o? Concebida para estimular um lugar onde a press\u00e3o encontra o prazer, esta coleira d\u00e1 um significado totalmente novo a \u201cn\u00e3o deixar ir\". Feita apenas com o neoprene mais macio, brinca como quiseres, mantendo ao mesmo tempo o conforto e o controlo.<\/p>","protected":false},"featured_media":6012,"comment_status":"open","ping_status":"closed","template":"","meta":{"_acf_changed":false},"pwb-brand":[344],"product_brand":[],"product_cat":[113,123,555],"product_tag":[213,225,241,229,228,355],"class_list":{"0":"post-6011","1":"product","2":"type-product","3":"status-publish","4":"has-post-thumbnail","6":"pwb-brand-miscellaneous","7":"product_cat-accessorieskink","8":"product_cat-collarsgag","9":"product_cat-readytoship","10":"product_tag-bdsm","11":"product_tag-body","12":"product_tag-collar","13":"product_tag-leash","14":"product_tag-neck","15":"product_tag-picobong","16":"pa_color-blue","17":"nt-post-class","18":"","19":"masonry-item","20":"col-lg-6","28":"first","29":"instock","30":"sale","31":"taxable","32":"shipping-taxable","33":"purchasable","34":"product-type-simple","35":"add-to-wishlist-after_add_to_cart"},"acf":[],"brands":[{"id":344,"name":"Variadas","slug":"miscellaneous"}],"_links":{"self":[{"href":"https:\/\/carmogepereira.pt\/pt\/wp-json\/wp\/v2\/product\/6011","targetHints":{"allow":["GET"]}}],"collection":[{"href":"https:\/\/carmogepereira.pt\/pt\/wp-json\/wp\/v2\/product"}],"about":[{"href":"https:\/\/carmogepereira.pt\/pt\/wp-json\/wp\/v2\/types\/product"}],"replies":[{"embeddable":true,"href":"https:\/\/carmogepereira.pt\/pt\/wp-json\/wp\/v2\/comments?post=6011"}],"version-history":[{"count":0,"href":"https:\/\/carmogepereira.pt\/pt\/wp-json\/wp\/v2\/product\/6011\/revisions"}],"wp:featuredmedia":[{"embeddable":true,"href":"https:\/\/carmogepereira.pt\/pt\/wp-json\/wp\/v2\/media\/6012"}],"wp:attachment":[{"href":"https:\/\/carmogepereira.pt\/pt\/wp-json\/wp\/v2\/media?parent=6011"}],"wp:term":[{"taxonomy":"pwb-brand","embeddable":true,"href":"https:\/\/carmogepereira.pt\/pt\/wp-json\/wp\/v2\/pwb-brand?post=6011"},{"taxonomy":"product_brand","embeddable":true,"href":"https:\/\/carmogepereira.pt\/pt\/wp-json\/wp\/v2\/product_brand?post=6011"},{"taxonomy":"product_cat","embeddable":true,"href":"https:\/\/carmogepereira.pt\/pt\/wp-json\/wp\/v2\/product_cat?post=6011"},{"taxonomy":"product_tag","embeddable":true,"href":"https:\/\/carmogepereira.pt\/pt\/wp-json\/wp\/v2\/product_tag?post=6011"}],"curies":[{"name":"wp","href":"https:\/\/api.w.org\/{rel}","templated":true}]}}