{"id":6013,"date":"2022-10-06T18:59:03","date_gmt":"2022-10-06T18:59:03","guid":{"rendered":"http:\/\/carmogepereira.pt\/vaiserperfeito\/?post_type=product&#038;p=6013"},"modified":"2025-12-13T09:00:50","modified_gmt":"2025-12-13T09:00:50","slug":"saffronballgagsp","status":"publish","type":"product","link":"https:\/\/carmogepereira.pt\/pt\/shop\/saffronballgagsp\/","title":{"rendered":"Saffron Ball Gag Sportsheets"},"content":{"rendered":"<p><b><span data-contrast=\"auto\">Caracter\u00edsticas:<\/span><\/b><span data-ccp-props=\"{&quot;201341983&quot;:0,&quot;335559739&quot;:160,&quot;335559740&quot;:259}\">\u00a0<\/span><\/p>\n<p>Feito de silicone de alta qualidade, sem sabor nem cheiro.<\/p>\n<p><span data-contrast=\"auto\">Ajusta-se a uma ampla variedade de tamanhos.<\/span><\/p>\n<p><span data-contrast=\"auto\">Fivela de fecho.<\/span><\/p>\n<p><span data-contrast=\"auto\">Metal isento de n\u00edquel.<\/span><\/p>\n<p>Parte da Colec\u00e7\u00e3o Saffron.<\/p>\n<p><b><span data-contrast=\"auto\">Conte\u00fado:<\/span><\/b><span data-ccp-props=\"{&quot;201341983&quot;:0,&quot;335559739&quot;:160,&quot;335559740&quot;:259}\">\u00a0<\/span><\/p>\n<p>1x gag ball.<\/p>\n<p><b><span data-contrast=\"auto\">Materiais:<\/span><\/b><\/p>\n<p>70% Poliuretano, 22% Silicone, 8% Metal Livre de N\u00edquel.<\/p>","protected":false},"excerpt":{"rendered":"<p>Desenvolva uma nova forma de comunicar, lendo os olhos e o corpo da pessoa que te acompanha. Saboreia cada queixume e gemido sufocado enquanto te entregas ao desejo. Empurra a bola para l\u00e1 dos l\u00e1bios, bem entre os dentes, para relembrar a pessoa que est\u00e1 la para ser vista, e n\u00e3o ouvida. Todos os gemidos ser\u00e3o abafados, e todos os gritos ser\u00e3o abafados. A al\u00e7a de fecho assegura o sil\u00eancio durante o tempo desejado. Feita de silicone de alta qualidade, esta gag ball n\u00e3o tem sabor nem cheiro, e limpa-se bem com sab\u00e3o suave e \u00e1gua morna.<span data-ccp-props=\"{&quot;201341983&quot;:0,&quot;335559739&quot;:160,&quot;335559740&quot;:259}\">\u00a0<\/span><\/p>\n<p><span data-contrast=\"auto\">Combina bem com algemas de pulso, paddles, ou dispositivos de restri\u00e7\u00e3o. Experimente a colec\u00e7\u00e3o de Saffron.<\/span><\/p>","protected":false},"featured_media":6018,"comment_status":"open","ping_status":"closed","template":"","meta":{"_acf_changed":false},"pwb-brand":[347],"product_brand":[],"product_cat":[113,123],"product_tag":[213,223,220,358],"class_list":{"0":"post-6013","1":"product","2":"type-product","3":"status-publish","4":"has-post-thumbnail","6":"pwb-brand-sportsheets","7":"product_cat-accessorieskink","8":"product_cat-collarsgag","9":"product_tag-bdsm","10":"product_tag-gag","11":"product_tag-restriction","12":"product_tag-saffron","13":"pa_color-black","14":"pa_color-red","15":"nt-post-class","16":"","17":"masonry-item","18":"col-lg-6","26":"first","27":"outofstock","28":"taxable","29":"shipping-taxable","30":"purchasable","31":"product-type-simple","32":"add-to-wishlist-after_add_to_cart"},"acf":[],"brands":[{"id":347,"name":"Sportsheets","slug":"sportsheets"}],"_links":{"self":[{"href":"https:\/\/carmogepereira.pt\/pt\/wp-json\/wp\/v2\/product\/6013","targetHints":{"allow":["GET"]}}],"collection":[{"href":"https:\/\/carmogepereira.pt\/pt\/wp-json\/wp\/v2\/product"}],"about":[{"href":"https:\/\/carmogepereira.pt\/pt\/wp-json\/wp\/v2\/types\/product"}],"replies":[{"embeddable":true,"href":"https:\/\/carmogepereira.pt\/pt\/wp-json\/wp\/v2\/comments?post=6013"}],"version-history":[{"count":0,"href":"https:\/\/carmogepereira.pt\/pt\/wp-json\/wp\/v2\/product\/6013\/revisions"}],"wp:featuredmedia":[{"embeddable":true,"href":"https:\/\/carmogepereira.pt\/pt\/wp-json\/wp\/v2\/media\/6018"}],"wp:attachment":[{"href":"https:\/\/carmogepereira.pt\/pt\/wp-json\/wp\/v2\/media?parent=6013"}],"wp:term":[{"taxonomy":"pwb-brand","embeddable":true,"href":"https:\/\/carmogepereira.pt\/pt\/wp-json\/wp\/v2\/pwb-brand?post=6013"},{"taxonomy":"product_brand","embeddable":true,"href":"https:\/\/carmogepereira.pt\/pt\/wp-json\/wp\/v2\/product_brand?post=6013"},{"taxonomy":"product_cat","embeddable":true,"href":"https:\/\/carmogepereira.pt\/pt\/wp-json\/wp\/v2\/product_cat?post=6013"},{"taxonomy":"product_tag","embeddable":true,"href":"https:\/\/carmogepereira.pt\/pt\/wp-json\/wp\/v2\/product_tag?post=6013"}],"curies":[{"name":"wp","href":"https:\/\/api.w.org\/{rel}","templated":true}]}}