{"id":6020,"date":"2022-10-06T20:04:12","date_gmt":"2022-10-06T20:04:12","guid":{"rendered":"http:\/\/carmogepereira.pt\/vaiserperfeito\/?post_type=product&#038;p=6020"},"modified":"2024-03-01T14:11:52","modified_gmt":"2024-03-01T14:11:52","slug":"sincerelylacetiedbitgagsp","status":"publish","type":"product","link":"https:\/\/carmogepereira.pt\/pt\/shop\/sincerelylacetiedbitgagsp\/","title":{"rendered":"Sincerely Lace Tied Bit Gag Sportheets"},"content":{"rendered":"<p><b><span data-contrast=\"auto\">Caracter\u00edsticas:<\/span><\/b><span data-ccp-props=\"{&quot;201341983&quot;:0,&quot;335559739&quot;:160,&quot;335559740&quot;:259}\">\u00a0<\/span><\/p>\n<p><span data-contrast=\"auto\">Macia e robusta.<\/span><\/p>\n<p><span data-contrast=\"auto\">Faixa de renda sedosa.<\/span><\/p>\n<p>A sensa\u00e7\u00e3o do tecido macio e convidativo de renda fina contra as faces.<\/p>\n<p><b><span data-contrast=\"auto\">Dimens\u00f5es do Produto:<\/span><\/b><\/p>\n<p>134.62cm.<\/p>\n<p><b><span data-contrast=\"auto\">Conte\u00fado:<\/span><\/b><span data-ccp-props=\"{&quot;201341983&quot;:0,&quot;335559739&quot;:160,&quot;335559740&quot;:259}\">\u00a0<\/span><\/p>\n<p>1x <span data-contrast=\"auto\"> morda\u00e7a de renda.<\/span><\/p>\n<p><b><span data-contrast=\"auto\">Materiais:<\/span><\/b><\/p>\n<p>64% Poli\u00e9ster, 22% Poliuretano, 10% Citrato, 4% Elastano.<\/p>","protected":false},"excerpt":{"rendered":"<p><span data-contrast=\"auto\">Experimenta a sensa\u00e7\u00e3o de tecido suave e sensual contra as bochechas enquanto mordes durante as sess\u00f5es de jogo intenso. Confortavelmente apertado enquanto os dentes agarram a parte macia, mas robusta. Entretanto, o la\u00e7o sedoso, sobreposto com renda fina, mant\u00e9m tudo no lugar com seguran\u00e7a.\u00a0<\/span><span data-ccp-props=\"{&quot;201341983&quot;:0,&quot;335559739&quot;:160,&quot;335559740&quot;:259}\">\u00a0<\/span><\/p>\n<p><span data-contrast=\"auto\">Uma varia\u00e7\u00e3o elegante de um cl\u00e1ssico de quarto, esta morda\u00e7a combina lindamente com a colec\u00e7\u00e3o Sincerely Lace.<\/span><\/p>","protected":false},"featured_media":6022,"comment_status":"open","ping_status":"closed","template":"","meta":{"_acf_changed":false},"pwb-brand":[347],"product_brand":[],"product_cat":[113,123],"product_tag":[213,223,220,246,360],"class_list":{"0":"post-6020","1":"product","2":"type-product","3":"status-publish","4":"has-post-thumbnail","6":"pwb-brand-sportsheets","7":"product_cat-accessorieskink","8":"product_cat-collarsgag","9":"product_tag-bdsm","10":"product_tag-gag","11":"product_tag-restriction","12":"product_tag-sincerely","13":"product_tag-sincerely-lace","14":"pa_color-black","15":"nt-post-class","16":"","17":"masonry-item","18":"col-lg-6","26":"first","27":"instock","28":"taxable","29":"shipping-taxable","30":"purchasable","31":"product-type-simple","32":"add-to-wishlist-after_add_to_cart"},"acf":[],"brands":[{"id":347,"name":"Sportsheets","slug":"sportsheets"}],"_links":{"self":[{"href":"https:\/\/carmogepereira.pt\/pt\/wp-json\/wp\/v2\/product\/6020","targetHints":{"allow":["GET"]}}],"collection":[{"href":"https:\/\/carmogepereira.pt\/pt\/wp-json\/wp\/v2\/product"}],"about":[{"href":"https:\/\/carmogepereira.pt\/pt\/wp-json\/wp\/v2\/types\/product"}],"replies":[{"embeddable":true,"href":"https:\/\/carmogepereira.pt\/pt\/wp-json\/wp\/v2\/comments?post=6020"}],"version-history":[{"count":0,"href":"https:\/\/carmogepereira.pt\/pt\/wp-json\/wp\/v2\/product\/6020\/revisions"}],"wp:featuredmedia":[{"embeddable":true,"href":"https:\/\/carmogepereira.pt\/pt\/wp-json\/wp\/v2\/media\/6022"}],"wp:attachment":[{"href":"https:\/\/carmogepereira.pt\/pt\/wp-json\/wp\/v2\/media?parent=6020"}],"wp:term":[{"taxonomy":"pwb-brand","embeddable":true,"href":"https:\/\/carmogepereira.pt\/pt\/wp-json\/wp\/v2\/pwb-brand?post=6020"},{"taxonomy":"product_brand","embeddable":true,"href":"https:\/\/carmogepereira.pt\/pt\/wp-json\/wp\/v2\/product_brand?post=6020"},{"taxonomy":"product_cat","embeddable":true,"href":"https:\/\/carmogepereira.pt\/pt\/wp-json\/wp\/v2\/product_cat?post=6020"},{"taxonomy":"product_tag","embeddable":true,"href":"https:\/\/carmogepereira.pt\/pt\/wp-json\/wp\/v2\/product_tag?post=6020"}],"curies":[{"name":"wp","href":"https:\/\/api.w.org\/{rel}","templated":true}]}}