{"id":6030,"date":"2022-10-06T21:26:11","date_gmt":"2022-10-06T21:26:11","guid":{"rendered":"http:\/\/carmogepereira.pt\/vaiserperfeito\/?post_type=product&#038;p=6030"},"modified":"2025-12-10T16:20:25","modified_gmt":"2025-12-10T16:20:25","slug":"siliconenoirauramultiprobees","status":"publish","type":"product","link":"https:\/\/carmogepereira.pt\/pt\/shop\/siliconenoirauramultiprobees\/","title":{"rendered":"Silicone Noir Aura Multi-Probe Electrode ElectraStim"},"content":{"rendered":"<p><b><span data-contrast=\"auto\">Caracter\u00edsticas:<\/span><\/b><span data-ccp-props=\"{&quot;201341983&quot;:0,&quot;335559739&quot;:160,&quot;335559740&quot;:259}\">\u00a0<\/span><\/p>\n<p>Sextoy de electrosex inser\u00edvel pequeno mas satisfat\u00f3rio.<\/p>\n<p>Desenhado para ser acess\u00edvel a principiantes.<\/p>\n<p>Silicone suave e forma delgada.<\/p>\n<p>Base segura para anal e f\u00e1cil de inserir.<\/p>\n<p>Adequado tanto para uso vaginal como anal.<\/p>\n<p>Provoca a estimula\u00e7\u00e3o dos m\u00fasculos do \u00e2nus ou da vagina, pulsando, apertando e relaxando no tempo dos est\u00edmulos.<\/p>\n<p>2 zonas condutoras no eixo.<\/p>\n<p>Precisa de um Estimulador ElectraStim para funcionar de modo a sentir as sensa\u00e7\u00f5es descritas.<\/p>\n<p>Liga\u00e7\u00e3o bi-polar de 0.2cm de pino.<\/p>\n<p>Composi\u00e7\u00e3o condutora de silicone.<\/p>\n<p>Usa com lubrificante \u00e0 base de \u00e1gua e limpa com um produto de limpeza de sextoys antibacteriano.<\/p>\n<p>PRECISA DE UM ESTIMULADOR ELECTRASTIM PARA FUNCIONAR.<\/p>\n<p><b><span data-contrast=\"auto\">Dimens\u00f5es do Produto:<\/span><\/b><\/p>\n<p>7.6cm x 8.4cm<\/p>\n<p><b><span data-contrast=\"auto\">Conte\u00fado:<\/span><\/b><\/p>\n<p><span data-ccp-props=\"{&quot;201341983&quot;:0,&quot;335559739&quot;:160,&quot;335559740&quot;:259}\">1x Aura Probe<\/span><\/p>\n<p><b><span data-contrast=\"auto\">Materiais:<\/span><\/b><\/p>\n<p>100% silicone de qualidade m\u00e9dica, com cura em platina.<\/p>\n<h6>SEGURAN\u00c7A<\/h6>\n<h6>DEVIDO \u00c0 NATUREZA EL\u00c9CTRICA DESTE BRINQUEDO, N\u00c3O DEVE US\u00c1-LO EM QUALQUER UM DOS SEGUINTES CEN\u00c1RIOS SEM CONSULTAR UME PROFISSIONAL DE SA\u00daDE:<\/h6>\n<h6>N\u00c3O USE SE ESTIVER GR\u00c1VIDE<br \/>\nN\u00c3O USE PARA MASSAJAR O EST\u00d4MAGO OU NO ABD\u00d3MEN SE H\u00c1 SENSA\u00c7\u00c3O DE DOR<br \/>\nN\u00c3O USE EM PELE INCHADA, INFLAMADA OU D\u00c9BIL<br \/>\nN\u00c3O USE SE TEM DOR NOS G\u00c9MEOS INEXPLIC\u00c1VEL<br \/>\nN\u00c3O USE PERTO DOS OLHOS, PESCO\u00c7O SUPERIOR, OU \u00c1REA DO CR\u00c2NIO<br \/>\nN\u00c3O USE SE SOFRE DE M\u00c1 CIRCULA\u00c7\u00c3O<br \/>\nN\u00c3O USE SE TEM UM PACEMAKER OU SOFRE DE DOEN\u00c7AS CARD\u00cdACAS<br \/>\nN\u00c3O USE SE TEM UM DIU DE METAL (DE COBRE)<br \/>\nN\u00c3O USE SE TEM EPILEPSIA<br \/>\nN\u00c3O USE PERTO DE QUAISQUER PIERCINGS DE METAL<\/h6>\n<h6>ADVERT\u00caNCIA:<\/h6>\n<h6>A ESTIMULA\u00c7\u00c3O N\u00c3O DEVE SER APLICADA ACIMA DA CINTURA. DEVES TAMB\u00c9M GARANTIR QUE OS TEUS EL\u00c9CTRODOS ESCOLHIDOS S\u00c3O ADEQUADOS PARA O EFEITO (OU SEJA: N\u00c3O USES UMA SONDA PARA ESTIMULA\u00c7\u00c3O ANAL A MENOS QUE SEJA INDICADA COMO ADEQUADA PARA O USO ANAL). SE TIVERES INFLAMA\u00c7\u00c3O OU IRRITA\u00c7\u00c3O CUT\u00c2NEA, N\u00c3O DEVES UTILIZAR EL\u00c9CTRODOS NESSAS \u00c1REAS.<\/h6>\n<p>&nbsp;<\/p>","protected":false},"excerpt":{"rendered":"<h4><strong>* GUIA PARA ELECTROSEX AQUI *\u00a0\u00a0<\/strong><\/h4>\n<p>A Aura \u00e9 a sonda para principiantes de electro-estimula\u00e7\u00e3o sexual. O seu tamanho pequeno e forma simples facilita a inser\u00e7\u00e3o e o uso, quer se pretenda estimular vaginal ou analmente. A base de ancoragem proporciona seguran\u00e7a durante o uso anal enquanto o comprimento \u00e9 proporcional para estimular directamente o teu ponto G (gl\u00e2ndula de anarcha e clit\u00f3ris interno) ou pr\u00f3stata.<\/p>\n<p>Medindo 7.6cm de per\u00edmetro inser\u00edvel x 8.4cm, o tamanho \u00e9 ideal para primeiras experi\u00eancias. Aura atinge as tuas zonas de prazer interno mais sens\u00edveis sem comprometer o conforto durante brincadeiras de principiantes. Basta ligar os contactos bi-polares da Aura ao estimulador, aplicar um pouco de lubrificante \u00e0 base de \u00e1gua e perderes-te nas emo\u00e7\u00f5es er\u00f3ticas do electrosexo.<\/p>\n<p>PRECISA DE UM ESTIMULADOR ELECTRASTIM PARA FUNCIONAR.<\/p>","protected":false},"featured_media":6031,"comment_status":"open","ping_status":"closed","template":"","meta":{"_acf_changed":false},"pwb-brand":[349],"product_brand":[],"product_cat":[113,165,124,168,171,174],"product_tag":[260,213,259,234,548,547,289,312,250,537,261],"class_list":{"0":"post-6030","1":"product","2":"type-product","3":"status-publish","4":"has-post-thumbnail","6":"pwb-brand-electrastim","7":"product_cat-accessorieskink","8":"product_cat-dildos","9":"product_cat-electrosexmore","10":"product_cat-handsonelectrosex","11":"product_cat-plugs","12":"product_cat-plus-tails","13":"product_tag-analuse","14":"product_tag-bdsm","15":"product_tag-dildo","16":"product_tag-electrosex","17":"product_tag-electrosex-dildo","18":"product_tag-hands-on-dildo","19":"product_tag-internal","20":"product_tag-plug","21":"product_tag-sensory-play","22":"product_tag-silicone-sextoy","23":"product_tag-vaginal_use","24":"pa_color-black","25":"nt-post-class","26":"","27":"masonry-item","28":"col-lg-6","36":"first","37":"outofstock","38":"taxable","39":"shipping-taxable","40":"purchasable","41":"product-type-simple","42":"add-to-wishlist-after_add_to_cart"},"acf":[],"brands":[{"id":349,"name":"ElectraStim","slug":"electrastim"}],"_links":{"self":[{"href":"https:\/\/carmogepereira.pt\/pt\/wp-json\/wp\/v2\/product\/6030","targetHints":{"allow":["GET"]}}],"collection":[{"href":"https:\/\/carmogepereira.pt\/pt\/wp-json\/wp\/v2\/product"}],"about":[{"href":"https:\/\/carmogepereira.pt\/pt\/wp-json\/wp\/v2\/types\/product"}],"replies":[{"embeddable":true,"href":"https:\/\/carmogepereira.pt\/pt\/wp-json\/wp\/v2\/comments?post=6030"}],"version-history":[{"count":0,"href":"https:\/\/carmogepereira.pt\/pt\/wp-json\/wp\/v2\/product\/6030\/revisions"}],"wp:featuredmedia":[{"embeddable":true,"href":"https:\/\/carmogepereira.pt\/pt\/wp-json\/wp\/v2\/media\/6031"}],"wp:attachment":[{"href":"https:\/\/carmogepereira.pt\/pt\/wp-json\/wp\/v2\/media?parent=6030"}],"wp:term":[{"taxonomy":"pwb-brand","embeddable":true,"href":"https:\/\/carmogepereira.pt\/pt\/wp-json\/wp\/v2\/pwb-brand?post=6030"},{"taxonomy":"product_brand","embeddable":true,"href":"https:\/\/carmogepereira.pt\/pt\/wp-json\/wp\/v2\/product_brand?post=6030"},{"taxonomy":"product_cat","embeddable":true,"href":"https:\/\/carmogepereira.pt\/pt\/wp-json\/wp\/v2\/product_cat?post=6030"},{"taxonomy":"product_tag","embeddable":true,"href":"https:\/\/carmogepereira.pt\/pt\/wp-json\/wp\/v2\/product_tag?post=6030"}],"curies":[{"name":"wp","href":"https:\/\/api.w.org\/{rel}","templated":true}]}}