{"id":6038,"date":"2022-10-06T21:48:27","date_gmt":"2022-10-06T21:48:27","guid":{"rendered":"http:\/\/carmogepereira.pt\/vaiserperfeito\/?post_type=product&#038;p=6038"},"modified":"2025-12-10T16:20:25","modified_gmt":"2025-12-10T16:20:25","slug":"electraloops-adjustable-rubber-electro-cock-rings","status":"publish","type":"product","link":"https:\/\/carmogepereira.pt\/pt\/shop\/electraloops-adjustable-rubber-electro-cock-rings\/","title":{"rendered":"ElectraLoops Adjustable Rubber Electro Cock Rings"},"content":{"rendered":"<p><b><span data-contrast=\"auto\">Caracter\u00edsticas:<\/span><\/b><\/p>\n<p>N\u00e3o s\u00f3 para masturba\u00e7\u00e3o.<\/p>\n<p>Usa-os \u00e0 volta do p\u00e9nis e do escroto ou na base do p\u00e9nis durante os preliminares, sexo oral e sexo penetrativo para aumentar a estimula\u00e7\u00e3o sexual.<\/p>\n<p>Variedade de formas de aumentar o prazer a solo e partilhado.<\/p>\n<p>Usa juntamente com gel electrocondutor para obter a melhor experi\u00eancia.<\/p>\n<p>PRECISA DE UM ESTIMULADOR ELECTRASTIM PARA FUNCIONAR.<\/p>\n<p><b><span data-contrast=\"auto\">Dimens\u00f5es do Produto:<\/span><\/b><\/p>\n<p>Ajust\u00e1vel at\u00e9 7cm de di\u00e2metro.<\/p>\n<p><b><span data-contrast=\"auto\">Conte\u00fado:<\/span><\/b><span data-ccp-props=\"{&quot;201341983&quot;:0,&quot;335559739&quot;:160,&quot;335559740&quot;:259}\">\u00a0<\/span><\/p>\n<p>2x ElectraLoops<\/p>\n<p><b><span data-contrast=\"auto\">Materiais:<\/span><\/b><span data-ccp-props=\"{&quot;201341983&quot;:0,&quot;335559739&quot;:160,&quot;335559740&quot;:259}\">\u00a0<\/span><\/p>\n<p class=\"toolbar toolbar-top\">Borracha condutora segura para a pele com ajustadores de deslizamento de pl\u00e1stico.<\/p>\n<p class=\"toolbar toolbar-top\">Isento de l\u00e1tex e de ftalatos.<\/p>\n<h6>SEGURAN\u00c7A<\/h6>\n<h6>DEVIDO \u00c0 NATUREZA EL\u00c9CTRICA DESTE BRINQUEDO, N\u00c3O DEVE US\u00c1-LO EM QUALQUER UM DOS SEGUINTES CEN\u00c1RIOS SEM CONSULTAR UME PROFISSIONAL DE SA\u00daDE:<\/h6>\n<h6>N\u00c3O USE SE ESTIVER GR\u00c1VIDE<br \/>\nN\u00c3O USE PARA MASSAJAR O EST\u00d4MAGO OU NO ABD\u00d3MEN SE H\u00c1 SENSA\u00c7\u00c3O DE DOR<br \/>\nN\u00c3O USE EM PELE INCHADA, INFLAMADA OU D\u00c9BIL<br \/>\nN\u00c3O USE SE TEM DOR NOS G\u00c9MEOS INEXPLIC\u00c1VEL<br \/>\nN\u00c3O USE PERTO DOS OLHOS, PESCO\u00c7O SUPERIOR, OU \u00c1REA DO CR\u00c2NIO<br \/>\nN\u00c3O USE SE SOFRE DE M\u00c1 CIRCULA\u00c7\u00c3O<br \/>\nN\u00c3O USE SE TEM UM PACEMAKER OU SOFRE DE DOEN\u00c7AS CARD\u00cdACAS<br \/>\nN\u00c3O USE SE TEM UM DIU DE METAL (DE COBRE)<br \/>\nN\u00c3O USE SE TEM EPILEPSIA<br \/>\nN\u00c3O USE PERTO DE QUAISQUER PIERCINGS DE METAL<\/h6>\n<h6>ADVERT\u00caNCIA:<\/h6>\n<h6>A ESTIMULA\u00c7\u00c3O N\u00c3O DEVE SER APLICADA ACIMA DA CINTURA. DEVES TAMB\u00c9M GARANTIR QUE OS TEUS EL\u00c9CTRODOS ESCOLHIDOS S\u00c3O ADEQUADOS PARA O EFEITO (OU SEJA: N\u00c3O USES UMA SONDA PARA ESTIMULA\u00c7\u00c3O ANAL A MENOS QUE SEJA INDICADA COMO ADEQUADA PARA O USO ANAL). SE TIVERES INFLAMA\u00c7\u00c3O OU IRRITA\u00c7\u00c3O CUT\u00c2NEA, N\u00c3O DEVES UTILIZAR EL\u00c9CTRODOS NESSAS \u00c1REAS.<\/h6>","protected":false},"excerpt":{"rendered":"<h4><strong>* GUIA PARA ELECTROSEX AQUI *<\/strong><\/h4>\n<p>ElectraLoops unipolares que ajudam a conseguir uma erec\u00e7\u00e3o mais longa enquanto d\u00e3o orgasmos m\u00e3os livres!<\/p>\n<p>Estes an\u00e9is de p\u00e9nis ajust\u00e1veis de electrosex de borracha podem ser usados em qualquer parte do corpo do p\u00e9nis para ajudar a melhorar a sensa\u00e7\u00e3o sexual com sensa\u00e7\u00f5es de e-stim e maximizar a intensidade dos orgasmos com a possibilidade oferecida pelos an\u00e9is de p\u00e9nis para aumentar a erec\u00e7\u00e3o.<\/p>\n<p>Use um anel \u00e0 volta do p\u00e9nis e escroto e um segundo abaixo da glande e experimenta contrac\u00e7\u00f5es e formigueiros poderosos ao longo de todo o comprimento, complementando os movimentos da m\u00e3o para melhor satisfa\u00e7\u00e3o individual.<\/p>\n<p><span style=\"font-size: 16px;\">PRECISA DE UM ESTIMULADOR ELECTRASTIM PARA FUNCIONAR.<\/span><\/p>","protected":false},"featured_media":6039,"comment_status":"open","ping_status":"closed","template":"","meta":{"_acf_changed":false},"pwb-brand":[349],"product_brand":[],"product_cat":[113,124],"product_tag":[213,234,289,276,250],"class_list":{"0":"post-6038","1":"product","2":"type-product","3":"status-publish","4":"has-post-thumbnail","6":"pwb-brand-electrastim","7":"product_cat-accessorieskink","8":"product_cat-electrosexmore","9":"product_tag-bdsm","10":"product_tag-electrosex","11":"product_tag-internal","12":"product_tag-penis_use","13":"product_tag-sensory-play","14":"pa_color-black","15":"nt-post-class","16":"","17":"masonry-item","18":"col-lg-6","26":"first","27":"outofstock","28":"taxable","29":"shipping-taxable","30":"purchasable","31":"product-type-simple","32":"add-to-wishlist-after_add_to_cart"},"acf":[],"brands":[{"id":349,"name":"ElectraStim","slug":"electrastim"}],"_links":{"self":[{"href":"https:\/\/carmogepereira.pt\/pt\/wp-json\/wp\/v2\/product\/6038","targetHints":{"allow":["GET"]}}],"collection":[{"href":"https:\/\/carmogepereira.pt\/pt\/wp-json\/wp\/v2\/product"}],"about":[{"href":"https:\/\/carmogepereira.pt\/pt\/wp-json\/wp\/v2\/types\/product"}],"replies":[{"embeddable":true,"href":"https:\/\/carmogepereira.pt\/pt\/wp-json\/wp\/v2\/comments?post=6038"}],"version-history":[{"count":0,"href":"https:\/\/carmogepereira.pt\/pt\/wp-json\/wp\/v2\/product\/6038\/revisions"}],"wp:featuredmedia":[{"embeddable":true,"href":"https:\/\/carmogepereira.pt\/pt\/wp-json\/wp\/v2\/media\/6039"}],"wp:attachment":[{"href":"https:\/\/carmogepereira.pt\/pt\/wp-json\/wp\/v2\/media?parent=6038"}],"wp:term":[{"taxonomy":"pwb-brand","embeddable":true,"href":"https:\/\/carmogepereira.pt\/pt\/wp-json\/wp\/v2\/pwb-brand?post=6038"},{"taxonomy":"product_brand","embeddable":true,"href":"https:\/\/carmogepereira.pt\/pt\/wp-json\/wp\/v2\/product_brand?post=6038"},{"taxonomy":"product_cat","embeddable":true,"href":"https:\/\/carmogepereira.pt\/pt\/wp-json\/wp\/v2\/product_cat?post=6038"},{"taxonomy":"product_tag","embeddable":true,"href":"https:\/\/carmogepereira.pt\/pt\/wp-json\/wp\/v2\/product_tag?post=6038"}],"curies":[{"name":"wp","href":"https:\/\/api.w.org\/{rel}","templated":true}]}}