{"id":6041,"date":"2022-10-06T22:22:18","date_gmt":"2022-10-06T22:22:18","guid":{"rendered":"http:\/\/carmogepereira.pt\/vaiserperfeito\/?post_type=product&#038;p=6041"},"modified":"2025-12-10T16:20:25","modified_gmt":"2025-12-10T16:20:25","slug":"siliconenoirlulakegelballses","status":"publish","type":"product","link":"https:\/\/carmogepereira.pt\/pt\/shop\/siliconenoirlulakegelballses\/","title":{"rendered":"Silicone Noir Lula Electro Kegel Balls ElectraStim"},"content":{"rendered":"<p><b><span data-contrast=\"auto\">Caracter\u00edsticas:<\/span><\/b><span data-ccp-props=\"{&quot;201341983&quot;:0,&quot;335559739&quot;:160,&quot;335559740&quot;:259}\">\u00a0<\/span><\/p>\n<p>Concebidas apenas para uso vaginal.<\/p>\n<p>Uma mistura de prazer e praticidade.<\/p>\n<p>Estimula os m\u00fasculos e o tecido circundante do pavimento p\u00e9lvico.<\/p>\n<p>Com uma bola de gingar.<\/p>\n<p>Combina sensa\u00e7\u00f5es manuais agrad\u00e1veis de bolas de Ben Wa com palpita\u00e7\u00f5es, aperto e pulsa\u00e7\u00e3o de electro-estimula\u00e7\u00e3o interna.<\/p>\n<p>Massagem de m\u00e3os livres.<\/p>\n<p>Utiliza o Lula para aperfei\u00e7oar o treino do pavimento p\u00e9lvico, apertando conscientemente e relaxando no tempo com o ritmo de estimula\u00e7\u00e3o.<\/p>\n<p>Bi-polar para estimula\u00e7\u00e3o interna - leva 0.2\u00d70.2cm conectores de pinos.<\/p>\n<p>PRECISA DE UM ESTIMULADOR ELECTRASTIM PARA FUNCIONAR.<\/p>\n<p><b><span data-contrast=\"auto\">Dimens\u00f5es do Produto:<\/span><\/b><\/p>\n<p>9.5cm x 11.3cm<\/p>\n<p><b><span data-contrast=\"auto\">Conte\u00fado:<\/span><\/b><\/p>\n<p>1x Lula Electro Kegel Balls.<\/p>\n<p><b><span data-contrast=\"auto\">Materiais:<\/span><\/b><\/p>\n<p>100% silicone de qualidade m\u00e9dica, com cura em platina.<\/p>\n<h6>SEGURAN\u00c7A<\/h6>\n<h6>DEVIDO \u00c0 NATUREZA EL\u00c9CTRICA DESTE BRINQUEDO, N\u00c3O DEVE US\u00c1-LO EM QUALQUER UM DOS SEGUINTES CEN\u00c1RIOS SEM CONSULTAR UME PROFISSIONAL DE SA\u00daDE:<\/h6>\n<h6>N\u00c3O USE SE ESTIVER GR\u00c1VIDE<br \/>\nN\u00c3O USE PARA MASSAJAR O EST\u00d4MAGO OU NO ABD\u00d3MEN SE H\u00c1 SENSA\u00c7\u00c3O DE DOR<br \/>\nN\u00c3O USE EM PELE INCHADA, INFLAMADA OU D\u00c9BIL<br \/>\nN\u00c3O USE SE TEM DOR NOS G\u00c9MEOS INEXPLIC\u00c1VEL<br \/>\nN\u00c3O USE PERTO DOS OLHOS, PESCO\u00c7O SUPERIOR, OU \u00c1REA DO CR\u00c2NIO<br \/>\nN\u00c3O USE SE SOFRE DE M\u00c1 CIRCULA\u00c7\u00c3O<br \/>\nN\u00c3O USE SE TEM UM PACEMAKER OU SOFRE DE DOEN\u00c7AS CARD\u00cdACAS<br \/>\nN\u00c3O USE SE TEM UM DIU DE METAL (DE COBRE)<br \/>\nN\u00c3O USE SE TEM EPILEPSIA<br \/>\nN\u00c3O USE PERTO DE QUAISQUER PIERCINGS DE METAL<\/h6>\n<h6>ADVERT\u00caNCIA:<\/h6>\n<h6>A ESTIMULA\u00c7\u00c3O N\u00c3O DEVE SER APLICADA ACIMA DA CINTURA. DEVES TAMB\u00c9M GARANTIR QUE OS TEUS EL\u00c9CTRODOS ESCOLHIDOS S\u00c3O ADEQUADOS PARA O EFEITO (OU SEJA: N\u00c3O USES UMA SONDA PARA ESTIMULA\u00c7\u00c3O ANAL A MENOS QUE SEJA INDICADA COMO ADEQUADA PARA O USO ANAL). SE TIVERES INFLAMA\u00c7\u00c3O OU IRRITA\u00c7\u00c3O CUT\u00c2NEA, N\u00c3O DEVES UTILIZAR EL\u00c9CTRODOS NESSAS \u00c1REAS.<\/h6>\n<p>&nbsp;<\/p>","protected":false},"excerpt":{"rendered":"<h4><strong>* GUIA PARA ELECTROSEX AQUI *\u00a0\u00a0<\/strong><\/h4>\n<p><span class=\"\" lang=\"pt\"><span class=\"alt-edited\">Uma bela mistura de prazer e praticidade, o Lula \u00e9 um brinquedo sexual vaginal que ajuda a melhorar o t\u00f3nus do pavimento p\u00e9lvico. Com um peso m\u00f3vel livre na bola superior e contactos electro-condutores bi-polares na bola inferior, Lula combina a sensa\u00e7\u00e3o de prazer das bolas Ben Wa com o latejar, o apertar e o pulsar da electroestimula\u00e7\u00e3o interna.<\/span><\/span><\/p>\n<p>Liga Lula a um estimulador ElectraStim, 20 minutos por dia e desfruta de uma massagem de m\u00e3os-livres que esbanja o teu canal vaginal com uma massagem r\u00edtmica que flui no tempo com a estimula\u00e7\u00e3o e as tuas contrac\u00e7\u00f5es corporais. Usa Lula para aperfei\u00e7oar o teu treino de pavimento p\u00e9lvico, sentindo conscientemente o aperto e relaxando no tempo com o ritmo da estimula\u00e7\u00e3o.<\/p>\n<p>PRECISA DE UM ESTIMULADOR ELECTRASTIM PARA FUNCIONAR.<\/p>","protected":false},"featured_media":6045,"comment_status":"open","ping_status":"closed","template":"","meta":{"_acf_changed":false},"pwb-brand":[349],"product_brand":[],"product_cat":[113,124,160,157],"product_tag":[213,363,234,289,328,250,261],"class_list":{"0":"post-6041","1":"product","2":"type-product","3":"status-publish","4":"has-post-thumbnail","6":"pwb-brand-electrastim","7":"product_cat-accessorieskink","8":"product_cat-electrosexmore","9":"product_cat-pelvic-floor","10":"product_cat-sexual-health","11":"product_tag-bdsm","12":"product_tag-ben-wa","13":"product_tag-electrosex","14":"product_tag-internal","15":"product_tag-pelvic-floor","16":"product_tag-sensory-play","17":"product_tag-vaginal_use","18":"pa_color-black","19":"nt-post-class","20":"","21":"masonry-item","22":"col-lg-6","30":"first","31":"outofstock","32":"taxable","33":"shipping-taxable","34":"purchasable","35":"product-type-simple","36":"add-to-wishlist-after_add_to_cart"},"acf":[],"brands":[{"id":349,"name":"ElectraStim","slug":"electrastim"}],"_links":{"self":[{"href":"https:\/\/carmogepereira.pt\/pt\/wp-json\/wp\/v2\/product\/6041","targetHints":{"allow":["GET"]}}],"collection":[{"href":"https:\/\/carmogepereira.pt\/pt\/wp-json\/wp\/v2\/product"}],"about":[{"href":"https:\/\/carmogepereira.pt\/pt\/wp-json\/wp\/v2\/types\/product"}],"replies":[{"embeddable":true,"href":"https:\/\/carmogepereira.pt\/pt\/wp-json\/wp\/v2\/comments?post=6041"}],"version-history":[{"count":0,"href":"https:\/\/carmogepereira.pt\/pt\/wp-json\/wp\/v2\/product\/6041\/revisions"}],"wp:featuredmedia":[{"embeddable":true,"href":"https:\/\/carmogepereira.pt\/pt\/wp-json\/wp\/v2\/media\/6045"}],"wp:attachment":[{"href":"https:\/\/carmogepereira.pt\/pt\/wp-json\/wp\/v2\/media?parent=6041"}],"wp:term":[{"taxonomy":"pwb-brand","embeddable":true,"href":"https:\/\/carmogepereira.pt\/pt\/wp-json\/wp\/v2\/pwb-brand?post=6041"},{"taxonomy":"product_brand","embeddable":true,"href":"https:\/\/carmogepereira.pt\/pt\/wp-json\/wp\/v2\/product_brand?post=6041"},{"taxonomy":"product_cat","embeddable":true,"href":"https:\/\/carmogepereira.pt\/pt\/wp-json\/wp\/v2\/product_cat?post=6041"},{"taxonomy":"product_tag","embeddable":true,"href":"https:\/\/carmogepereira.pt\/pt\/wp-json\/wp\/v2\/product_tag?post=6041"}],"curies":[{"name":"wp","href":"https:\/\/api.w.org\/{rel}","templated":true}]}}