{"id":6049,"date":"2022-10-06T23:43:45","date_gmt":"2022-10-06T23:43:45","guid":{"rendered":"http:\/\/carmogepereira.pt\/vaiserperfeito\/?post_type=product&#038;p=6049"},"modified":"2025-12-10T16:20:24","modified_gmt":"2025-12-10T16:20:24","slug":"siliconenoirovides","status":"publish","type":"product","link":"https:\/\/carmogepereira.pt\/pt\/shop\/siliconenoirovides\/","title":{"rendered":"Silicone Noir Ovid Electro G-Spot Dildo ElectraStim"},"content":{"rendered":"<p><b><span data-contrast=\"auto\">Caracter\u00edsticas:<\/span><\/b><span data-ccp-props=\"{&quot;201341983&quot;:0,&quot;335559739&quot;:160,&quot;335559740&quot;:259}\">\u00a0<\/span><\/p>\n<p>Curva para cima, ponta bulbosa e ondula\u00e7\u00e3o do meio do eixo.<\/p>\n<p>Estimula\u00e7\u00e3o incr\u00edvel tanto para o ponto G (gl\u00e2ndula de anarcha e clit\u00f3ris interno) como para a pr\u00f3stata.<\/p>\n<p>Suave, male\u00e1vel e incrivelmente condutor.<\/p>\n<p>Adequado tanto para uso vaginal como anal.<\/p>\n<p>Provoca a estimula\u00e7\u00e3o dos m\u00fasculos do \u00e2nus ou da vagina, pulsando, apertando e relaxando no tempo dos est\u00edmulos.<\/p>\n<p>2 zonas condutoras no eixo.<\/p>\n<p>Precisa de um Estimulador ElectraStim para funcionar de modo a sentir as sensa\u00e7\u00f5es descritas.<\/p>\n<p>Liga\u00e7\u00e3o bi-polar de 0.2cm de pino.<\/p>\n<p>Composi\u00e7\u00e3o condutora de silicone.<\/p>\n<p>Usa com lubrificante \u00e0 base de \u00e1gua e limpa com um produto de limpeza de sextoys antibacteriano.<\/p>\n<p>PRECISA DE UM ESTIMULADOR ELECTRASTIM PARA FUNCIONAR.<\/p>\n<p><b><span data-contrast=\"auto\">Dimens\u00f5es do Produto:<\/span><\/b><\/p>\n<p>12.5cm x 12cm<\/p>\n<p><b><span data-contrast=\"auto\">Conte\u00fado:<\/span><\/b><\/p>\n<p><span data-ccp-props=\"{&quot;201341983&quot;:0,&quot;335559739&quot;:160,&quot;335559740&quot;:259}\">1x dildo Ovid<\/span><\/p>\n<p><b><span data-contrast=\"auto\">Materiais:<\/span><\/b><\/p>\n<p>100% silicone de qualidade m\u00e9dica, com cura em platina.<\/p>\n<h6>SEGURAN\u00c7A<\/h6>\n<h6>DEVIDO \u00c0 NATUREZA EL\u00c9CTRICA DESTE BRINQUEDO, N\u00c3O DEVE US\u00c1-LO EM QUALQUER UM DOS SEGUINTES CEN\u00c1RIOS SEM CONSULTAR UME PROFISSIONAL DE SA\u00daDE:<\/h6>\n<h6>N\u00c3O USE SE ESTIVER GR\u00c1VIDE<br \/>\nN\u00c3O USE PARA MASSAJAR O EST\u00d4MAGO OU NO ABD\u00d3MEN SE H\u00c1 SENSA\u00c7\u00c3O DE DOR<br \/>\nN\u00c3O USE EM PELE INCHADA, INFLAMADA OU D\u00c9BIL<br \/>\nN\u00c3O USE SE TEM DOR NOS G\u00c9MEOS INEXPLIC\u00c1VEL<br \/>\nN\u00c3O USE PERTO DOS OLHOS, PESCO\u00c7O SUPERIOR, OU \u00c1REA DO CR\u00c2NIO<br \/>\nN\u00c3O USE SE SOFRE DE M\u00c1 CIRCULA\u00c7\u00c3O<br \/>\nN\u00c3O USE SE TEM UM PACEMAKER OU SOFRE DE DOEN\u00c7AS CARD\u00cdACAS<br \/>\nN\u00c3O USE SE TEM UM DIU DE METAL (DE COBRE)<br \/>\nN\u00c3O USE SE TEM EPILEPSIA<br \/>\nN\u00c3O USE PERTO DE QUAISQUER PIERCINGS DE METAL<\/h6>\n<h6>ADVERT\u00caNCIA:<\/h6>\n<h6>A ESTIMULA\u00c7\u00c3O N\u00c3O DEVE SER APLICADA ACIMA DA CINTURA. DEVES TAMB\u00c9M GARANTIR QUE OS TEUS EL\u00c9CTRODOS ESCOLHIDOS S\u00c3O ADEQUADOS PARA O EFEITO (OU SEJA: N\u00c3O USES UMA SONDA PARA ESTIMULA\u00c7\u00c3O ANAL A MENOS QUE SEJA INDICADA COMO ADEQUADA PARA O USO ANAL). SE TIVERES INFLAMA\u00c7\u00c3O OU IRRITA\u00c7\u00c3O CUT\u00c2NEA, N\u00c3O DEVES UTILIZAR EL\u00c9CTRODOS NESSAS \u00c1REAS.<\/h6>\n<p>&nbsp;<\/p>","protected":false},"excerpt":{"rendered":"<h4><strong>* GUIA PARA ELECTROSEX AQUI *\u00a0\u00a0<\/strong><\/h4>\n<p>Apresentando uma curva ascendente, ponta bulbosa e ondula\u00e7\u00e3o do meio do eixo, o Silicone Noir Ovid Electro G-Spot Dildo \u00e9 um dildo lindamente constitu\u00eddo que proporciona uma estimula\u00e7\u00e3o incr\u00edvel tanto para o ponto G (gl\u00e2ndula de anarcha e clit\u00f3ris interno) como para pr\u00f3stata. Suave, male\u00e1vel e incrivelmente condutor, este vibrador el\u00e9ctrico sensual liga-se a qualquer estimulador ElectraStim para trazer pulsa\u00e7\u00f5es provocadoras e contrac\u00e7\u00f5es poderosas que te aproximam de uma sensa\u00e7\u00e3o explosiva.<\/p>\n<p>O 12.7cm de Ovid alcan\u00e7am onde se quer com facilidade, trazendo o potencial para orgasmos sem m\u00e3os e esguichando no arsenal do teu quarto. Com contactos bipolares a pontuar o comprimento da haste, pode-se esperar uma experi\u00eancia sexual explosiva quer se use como parte da masturba\u00e7\u00e3o, preliminares ou sexo.<\/p>\n<p>PRECISA DE UM ESTIMULADOR ELECTRASTIM PARA FUNCIONAR.<\/p>","protected":false},"featured_media":6051,"comment_status":"open","ping_status":"closed","template":"","meta":{"_acf_changed":false},"pwb-brand":[349],"product_brand":[],"product_cat":[113,165,124,168],"product_tag":[260,213,259,234,548,547,289,313,250,537,261],"class_list":{"0":"post-6049","1":"product","2":"type-product","3":"status-publish","4":"has-post-thumbnail","6":"pwb-brand-electrastim","7":"product_cat-accessorieskink","8":"product_cat-dildos","9":"product_cat-electrosexmore","10":"product_cat-handsonelectrosex","11":"product_tag-analuse","12":"product_tag-bdsm","13":"product_tag-dildo","14":"product_tag-electrosex","15":"product_tag-electrosex-dildo","16":"product_tag-hands-on-dildo","17":"product_tag-internal","18":"product_tag-prostate-toy","19":"product_tag-sensory-play","20":"product_tag-silicone-sextoy","21":"product_tag-vaginal_use","22":"pa_color-black","23":"nt-post-class","24":"","25":"masonry-item","26":"col-lg-6","34":"first","35":"outofstock","36":"taxable","37":"shipping-taxable","38":"purchasable","39":"product-type-simple","40":"add-to-wishlist-after_add_to_cart"},"acf":[],"brands":[{"id":349,"name":"ElectraStim","slug":"electrastim"}],"_links":{"self":[{"href":"https:\/\/carmogepereira.pt\/pt\/wp-json\/wp\/v2\/product\/6049","targetHints":{"allow":["GET"]}}],"collection":[{"href":"https:\/\/carmogepereira.pt\/pt\/wp-json\/wp\/v2\/product"}],"about":[{"href":"https:\/\/carmogepereira.pt\/pt\/wp-json\/wp\/v2\/types\/product"}],"replies":[{"embeddable":true,"href":"https:\/\/carmogepereira.pt\/pt\/wp-json\/wp\/v2\/comments?post=6049"}],"version-history":[{"count":0,"href":"https:\/\/carmogepereira.pt\/pt\/wp-json\/wp\/v2\/product\/6049\/revisions"}],"wp:featuredmedia":[{"embeddable":true,"href":"https:\/\/carmogepereira.pt\/pt\/wp-json\/wp\/v2\/media\/6051"}],"wp:attachment":[{"href":"https:\/\/carmogepereira.pt\/pt\/wp-json\/wp\/v2\/media?parent=6049"}],"wp:term":[{"taxonomy":"pwb-brand","embeddable":true,"href":"https:\/\/carmogepereira.pt\/pt\/wp-json\/wp\/v2\/pwb-brand?post=6049"},{"taxonomy":"product_brand","embeddable":true,"href":"https:\/\/carmogepereira.pt\/pt\/wp-json\/wp\/v2\/product_brand?post=6049"},{"taxonomy":"product_cat","embeddable":true,"href":"https:\/\/carmogepereira.pt\/pt\/wp-json\/wp\/v2\/product_cat?post=6049"},{"taxonomy":"product_tag","embeddable":true,"href":"https:\/\/carmogepereira.pt\/pt\/wp-json\/wp\/v2\/product_tag?post=6049"}],"curies":[{"name":"wp","href":"https:\/\/api.w.org\/{rel}","templated":true}]}}