{"id":6057,"date":"2022-10-07T01:15:36","date_gmt":"2022-10-07T01:15:36","guid":{"rendered":"http:\/\/carmogepereira.pt\/vaiserperfeito\/?post_type=product&#038;p=6057"},"modified":"2025-12-10T16:20:24","modified_gmt":"2025-12-10T16:20:24","slug":"flickelectrostimem60-ees","status":"publish","type":"product","link":"https:\/\/carmogepereira.pt\/pt\/shop\/flickelectrostimem60-ees\/","title":{"rendered":"Flick Electro Stimulator- EM60-E ElectraStim"},"content":{"rendered":"<p><b><span data-contrast=\"auto\">Caracter\u00edsticas:<\/span><\/b><span data-ccp-props=\"{&quot;201341983&quot;:0,&quot;335559739&quot;:160,&quot;335559740&quot;:259}\">\u00a0<\/span><\/p>\n<p>Design fino e leve - f\u00e1cil de enfiar num bolso ou num saquinho para pernoitar.<\/p>\n<p>24 N\u00edveis de Intensidade - pot\u00eancia suficiente para principiantes experimentarem uma gama de acess\u00f3rios.<\/p>\n<p>7 Padr\u00f5es Pr\u00e9-Programados - ondas, impulsos e progress\u00f5es.<\/p>\n<p>Fun\u00e7\u00e3o 'Flick' de movimento activado - aprecia 'Virtual Spanking' com um toque do teu pulso.<\/p>\n<p>Sa\u00edda \u00fanica - compat\u00edvel com at\u00e9 2 unipolares ou 1 acess\u00f3rio bipolar de uma s\u00f3 vez.<\/p>\n<p>Indicador de bateria fraca.<\/p>\n<p>F\u00e1cil de usar, mesmo para principiantes.<\/p>\n<p>Prazer intensificado durante todas as actividades sexuais.<\/p>\n<p>Ideal para masturba\u00e7\u00e3o, preliminares ou como brinquedo sexual de casal durante o sexo penetrativo.<\/p>\n<p>Bateria recarreg\u00e1vel USB - aproximadamente 6 horas de utiliza\u00e7\u00e3o entre cargas (mini conector USB).<\/p>\n<p><b><span data-contrast=\"auto\">Conte\u00fado:<\/span><\/b><span data-ccp-props=\"{&quot;201341983&quot;:0,&quot;335559739&quot;:160,&quot;335559740&quot;:259}\">\u00a0<\/span><\/p>\n<p>1 x ElectraStim Flick EM60 Stimulator<\/p>\n<p>1 x Cabo de liga\u00e7\u00e3o com conectores de pinos de 2mm<\/p>\n<p>1x Cabo de carregamento<\/p>\n<p>4 x ElectraPads Uni-polares<\/p>\n<p>1 x Bolsa de armazenamento<\/p>\n<p>Certificado de garantia<\/p>\n<p><b><span data-contrast=\"auto\">Materiais:<\/span><\/b><span data-ccp-props=\"{&quot;201341983&quot;:0,&quot;335559739&quot;:160,&quot;335559740&quot;:259}\">\u00a0<\/span><\/p>\n<p>Pl\u00e1stico ABS<\/p>\n<h6>SEGURAN\u00c7A<\/h6>\n<h6>DEVIDO \u00c0 NATUREZA EL\u00c9CTRICA DESTE BRINQUEDO, N\u00c3O DEVE US\u00c1-LO EM QUALQUER UM DOS SEGUINTES CEN\u00c1RIOS SEM CONSULTAR UME PROFISSIONAL DE SA\u00daDE:<\/h6>\n<h6>N\u00c3O USE SE ESTIVER GR\u00c1VIDE<br \/>\nN\u00c3O USE PARA MASSAJAR O EST\u00d4MAGO OU NO ABD\u00d3MEN SE H\u00c1 SENSA\u00c7\u00c3O DE DOR<br \/>\nN\u00c3O USE EM PELE INCHADA, INFLAMADA OU D\u00c9BIL<br \/>\nN\u00c3O USE SE TEM DOR NOS G\u00c9MEOS INEXPLIC\u00c1VEL<br \/>\nN\u00c3O USE PERTO DOS OLHOS, PESCO\u00c7O SUPERIOR, OU \u00c1REA DO CR\u00c2NIO<br \/>\nN\u00c3O USE SE SOFRE DE M\u00c1 CIRCULA\u00c7\u00c3O<br \/>\nN\u00c3O USE SE TEM UM PACEMAKER OU SOFRE DE DOEN\u00c7AS CARD\u00cdACAS<br \/>\nN\u00c3O USE SE TEM UM DIU DE METAL (DE COBRE)<br \/>\nN\u00c3O USE SE TEM EPILEPSIA<br \/>\nN\u00c3O USE PERTO DE QUAISQUER PIERCINGS DE METAL<\/h6>\n<h6>ADVERT\u00caNCIA:<\/h6>\n<h6>A ESTIMULA\u00c7\u00c3O N\u00c3O DEVE SER APLICADA ACIMA DA CINTURA. DEVES TAMB\u00c9M GARANTIR QUE OS TEUS EL\u00c9CTRODOS ESCOLHIDOS S\u00c3O ADEQUADOS PARA O EFEITO (OU SEJA: N\u00c3O USES UMA SONDA PARA ESTIMULA\u00c7\u00c3O ANAL A MENOS QUE SEJA INDICADA COMO ADEQUADA PARA O USO ANAL). SE TIVERES INFLAMA\u00c7\u00c3O OU IRRITA\u00c7\u00c3O CUT\u00c2NEA, N\u00c3O DEVES UTILIZAR EL\u00c9CTRODOS NESSAS \u00c1REAS.<\/h6>","protected":false},"excerpt":{"rendered":"<h4><strong>* GUIA PARA ELECTROSEX AQUI *<\/strong><\/h4>\n<p>Mais pequeno, mais fino e mais sexy do que muitos modelos no mercado, ElectraStim Flick e-stim powerbox tem 7 configura\u00e7\u00f5es de estimula\u00e7\u00e3o com padr\u00f5es e pulsa\u00e7\u00f5es crescentes, cada uma oper\u00e1vel a 24 configura\u00e7\u00f5es de intensidade para se adequar a todos os gostos. E como se isso n\u00e3o bastasse, a funcionalidade patenteada Flick oferece estimula\u00e7\u00e3o r\u00edtmica em harmonia com os movimentos das m\u00e3os para uma experi\u00eancia de electro-estimula\u00e7\u00e3o completamente \u00e0 medida.<\/p>\n<p>Com pot\u00eancia suficiente para real\u00e7ar o melhor da maioria dos acess\u00f3rios ElectraStim* vem com 2 pads que permitem iniciar a tua viagem em estimula\u00e7\u00e3o el\u00e9ctrica er\u00f3tica.<\/p>\n<p>*Komodo, Habanero, Ovid e Sirius funcionar\u00e3o mas n\u00e3o em todo o seu potencial.<\/p>","protected":false},"featured_media":6061,"comment_status":"open","ping_status":"closed","template":"","meta":{"_acf_changed":false},"pwb-brand":[349],"product_brand":[],"product_cat":[113,124],"product_tag":[213,235,234,250],"class_list":{"0":"post-6057","1":"product","2":"type-product","3":"status-publish","4":"has-post-thumbnail","6":"pwb-brand-electrastim","7":"product_cat-accessorieskink","8":"product_cat-electrosexmore","9":"product_tag-bdsm","10":"product_tag-e-stimulator","11":"product_tag-electrosex","12":"product_tag-sensory-play","13":"pa_color-black","14":"nt-post-class","15":"","16":"masonry-item","17":"col-lg-6","25":"first","26":"outofstock","27":"taxable","28":"shipping-taxable","29":"purchasable","30":"product-type-simple","31":"add-to-wishlist-after_add_to_cart"},"acf":[],"brands":[{"id":349,"name":"ElectraStim","slug":"electrastim"}],"_links":{"self":[{"href":"https:\/\/carmogepereira.pt\/pt\/wp-json\/wp\/v2\/product\/6057","targetHints":{"allow":["GET"]}}],"collection":[{"href":"https:\/\/carmogepereira.pt\/pt\/wp-json\/wp\/v2\/product"}],"about":[{"href":"https:\/\/carmogepereira.pt\/pt\/wp-json\/wp\/v2\/types\/product"}],"replies":[{"embeddable":true,"href":"https:\/\/carmogepereira.pt\/pt\/wp-json\/wp\/v2\/comments?post=6057"}],"version-history":[{"count":0,"href":"https:\/\/carmogepereira.pt\/pt\/wp-json\/wp\/v2\/product\/6057\/revisions"}],"wp:featuredmedia":[{"embeddable":true,"href":"https:\/\/carmogepereira.pt\/pt\/wp-json\/wp\/v2\/media\/6061"}],"wp:attachment":[{"href":"https:\/\/carmogepereira.pt\/pt\/wp-json\/wp\/v2\/media?parent=6057"}],"wp:term":[{"taxonomy":"pwb-brand","embeddable":true,"href":"https:\/\/carmogepereira.pt\/pt\/wp-json\/wp\/v2\/pwb-brand?post=6057"},{"taxonomy":"product_brand","embeddable":true,"href":"https:\/\/carmogepereira.pt\/pt\/wp-json\/wp\/v2\/product_brand?post=6057"},{"taxonomy":"product_cat","embeddable":true,"href":"https:\/\/carmogepereira.pt\/pt\/wp-json\/wp\/v2\/product_cat?post=6057"},{"taxonomy":"product_tag","embeddable":true,"href":"https:\/\/carmogepereira.pt\/pt\/wp-json\/wp\/v2\/product_tag?post=6057"}],"curies":[{"name":"wp","href":"https:\/\/api.w.org\/{rel}","templated":true}]}}