{"id":6090,"date":"2022-10-07T23:07:04","date_gmt":"2022-10-07T23:07:04","guid":{"rendered":"http:\/\/carmogepereira.pt\/vaiserperfeito\/?post_type=product&#038;p=6090"},"modified":"2025-12-10T16:20:23","modified_gmt":"2025-12-10T16:20:23","slug":"siliconenoirexplorerfingeres","status":"publish","type":"product","link":"https:\/\/carmogepereira.pt\/pt\/shop\/siliconenoirexplorerfingeres\/","title":{"rendered":"Silicone Noir Explorer Electro Finger Sleeves ElectraStim"},"content":{"rendered":"<p><b><span data-contrast=\"auto\">Caracter\u00edsticas:<\/span><\/b><span data-ccp-props=\"{&quot;201341983&quot;:0,&quot;335559739&quot;:160,&quot;335559740&quot;:259}\">\u00a0<\/span><\/p>\n<p>Capas de Dedos de Silicone E-Stim, ideais para estimula\u00e7\u00e3o de superf\u00edcie sensual.<\/p>\n<p>Transforma o teu toque, as sensa\u00e7\u00f5es el\u00e9ctricas na ponta dos teus dedos!<\/p>\n<p>Compat\u00edvel com qualquer electroestimulador ElectraStim.<\/p>\n<p>Ideal para estimula\u00e7\u00e3o superficial (ou seja, genital externa).<\/p>\n<p>N\u00edvel de sensa\u00e7\u00e3o suave e control\u00e1vel.<\/p>\n<p>Unipolar, pode ser usado como um par ou combinado com outro brinquedo unipolar, como um pad, anel de p\u00e9nis ou outro.<\/p>\n<p>Interior do Explorer est\u00e1 isolado.<\/p>\n<p>Usa um pouco de Gel Condutor (ou lubrificante \u00e0 base de \u00e1gua de alta qualidade) sobre a pele para assegurar o melhor contacto poss\u00edvel.<\/p>\n<p>PRECISA DE UM ESTIMULADOR ELECTRASTIM PARA FUNCIONAR.<\/p>\n<p><b><span data-contrast=\"auto\">Dimens\u00f5es do Produto:<\/span><\/b><\/p>\n<p>5.3cm x 2cm<\/p>\n<p><b><span data-contrast=\"auto\">Conte\u00fado:<\/span><\/b><\/p>\n<p>2x Explorer Finger Sleeves<\/p>\n<div class=\"description rte\" data-tabs-enable=\"true\">\n<div class=\"description__tabs\">\n<div class=\"tab tab--5 tab--active\">\n<div class=\"tab__content\">\n<p>1x Saco de armazenamento de microfibra<\/p>\n<p>1x Manual de Instru\u00e7\u00f5es (EN\/FR\/DE\/NL\/ES\/IT)<\/p>\n<\/div>\n<\/div>\n<\/div>\n<\/div>\n<p><b><span data-contrast=\"auto\">Materiais:<\/span><\/b><\/p>\n<p>100% silicone de qualidade m\u00e9dica, com cura em platina.<\/p>\n<h6>SEGURAN\u00c7A<\/h6>\n<h6>DEVIDO \u00c0 NATUREZA EL\u00c9CTRICA DESTE BRINQUEDO, N\u00c3O DEVE US\u00c1-LO EM QUALQUER UM DOS SEGUINTES CEN\u00c1RIOS SEM CONSULTAR UME PROFISSIONAL DE SA\u00daDE:<\/h6>\n<h6>N\u00c3O USE SE ESTIVER GR\u00c1VIDE<br \/>\nN\u00c3O USE PARA MASSAJAR O EST\u00d4MAGO OU NO ABD\u00d3MEN SE H\u00c1 SENSA\u00c7\u00c3O DE DOR<br \/>\nN\u00c3O USE EM PELE INCHADA, INFLAMADA OU D\u00c9BIL<br \/>\nN\u00c3O USE SE TEM DOR NOS G\u00c9MEOS INEXPLIC\u00c1VEL<br \/>\nN\u00c3O USE PERTO DOS OLHOS, PESCO\u00c7O SUPERIOR, OU \u00c1REA DO CR\u00c2NIO<br \/>\nN\u00c3O USE SE SOFRE DE M\u00c1 CIRCULA\u00c7\u00c3O<br \/>\nN\u00c3O USE SE TEM UM PACEMAKER OU SOFRE DE DOEN\u00c7AS CARD\u00cdACAS<br \/>\nN\u00c3O USE SE TEM UM DIU DE METAL (DE COBRE)<br \/>\nN\u00c3O USE SE TEM EPILEPSIA<br \/>\nN\u00c3O USE PERTO DE QUAISQUER PIERCINGS DE METAL<\/h6>\n<h6>ADVERT\u00caNCIA:<\/h6>\n<h6>A ESTIMULA\u00c7\u00c3O N\u00c3O DEVE SER APLICADA ACIMA DA CINTURA. DEVES TAMB\u00c9M GARANTIR QUE OS TEUS EL\u00c9CTRODOS ESCOLHIDOS S\u00c3O ADEQUADOS PARA O EFEITO (OU SEJA: N\u00c3O USES UMA SONDA PARA ESTIMULA\u00c7\u00c3O ANAL A MENOS QUE SEJA INDICADA COMO ADEQUADA PARA O USO ANAL). SE TIVERES INFLAMA\u00c7\u00c3O OU IRRITA\u00c7\u00c3O CUT\u00c2NEA, N\u00c3O DEVES UTILIZAR EL\u00c9CTRODOS NESSAS \u00c1REAS.<\/h6>\n<p>&nbsp;<\/p>","protected":false},"excerpt":{"rendered":"<h4><strong>* GUIA PARA ELECTROSEX AQUI *\u00a0\u00a0<\/strong><\/h4>\n<p>Ideal para estimula\u00e7\u00e3o superficial (ou seja, estimula\u00e7\u00e3o clitoriana ou ao tocar no p\u00e9nis) Explorer proporciona um n\u00edvel de sensa\u00e7\u00e3o suave e control\u00e1vel que encoraja a explora\u00e7\u00e3o de diferentes zonas er\u00f3genas. Quando emparelhado com o KIX Introductory Stimulator em particular, \u00e9 poss\u00edvel experimentar um tipo subtil de electroestimula\u00e7\u00e3o que mostra o lado mais sensual do e-stimulador.<\/p>\n<p>Feitos em silicone curado em platina (100% sem ftalatos), estes dedos condutores podem ser usados em par ou em combina\u00e7\u00e3o com outro brinquedo unipolar, tal como um pad ou anel de p\u00e9nis para uma gama de sensa\u00e7\u00f5es diferentes. Para obten\u00e7\u00e3o da melhor sensa\u00e7\u00e3o, utilizar um pouco de Gel Condutor (ou lubrificante \u00e0 base de \u00e1gua de alta qualidade) sobre a pele para assegurar o melhor contacto poss\u00edvel. Compat\u00edvel com qualquer estimulador ElectraStim, o interior de Explorer \u00e9 isolado para que quem usa n\u00e3o receba qualquer estimula\u00e7\u00e3o atrav\u00e9s dos dedos enquanto brinca.<\/p>\n<p>PRECISA DE UM ESTIMULADOR ELECTRASTIM PARA FUNCIONAR.<\/p>","protected":false},"featured_media":6103,"comment_status":"open","ping_status":"closed","template":"","meta":{"_acf_changed":false},"pwb-brand":[349],"product_brand":[],"product_cat":[113,178,124,177,164],"product_tag":[213,234,245,296,276,250,537,553],"class_list":{"0":"post-6090","1":"product","2":"type-product","3":"status-publish","4":"has-post-thumbnail","6":"pwb-brand-electrastim","7":"product_cat-accessorieskink","8":"product_cat-bulletsfingermini","9":"product_cat-electrosexmore","10":"product_cat-vibrators","11":"product_cat-vibratorsdildosplugs","12":"product_tag-bdsm","13":"product_tag-electrosex","14":"product_tag-external","15":"product_tag-genital_use","16":"product_tag-penis_use","17":"product_tag-sensory-play","18":"product_tag-silicone-sextoy","19":"product_tag-vulva-use","20":"pa_color-black","21":"nt-post-class","22":"","23":"masonry-item","24":"col-lg-6","32":"first","33":"outofstock","34":"taxable","35":"shipping-taxable","36":"purchasable","37":"product-type-simple","38":"add-to-wishlist-after_add_to_cart"},"acf":[],"brands":[{"id":349,"name":"ElectraStim","slug":"electrastim"}],"_links":{"self":[{"href":"https:\/\/carmogepereira.pt\/pt\/wp-json\/wp\/v2\/product\/6090","targetHints":{"allow":["GET"]}}],"collection":[{"href":"https:\/\/carmogepereira.pt\/pt\/wp-json\/wp\/v2\/product"}],"about":[{"href":"https:\/\/carmogepereira.pt\/pt\/wp-json\/wp\/v2\/types\/product"}],"replies":[{"embeddable":true,"href":"https:\/\/carmogepereira.pt\/pt\/wp-json\/wp\/v2\/comments?post=6090"}],"version-history":[{"count":0,"href":"https:\/\/carmogepereira.pt\/pt\/wp-json\/wp\/v2\/product\/6090\/revisions"}],"wp:featuredmedia":[{"embeddable":true,"href":"https:\/\/carmogepereira.pt\/pt\/wp-json\/wp\/v2\/media\/6103"}],"wp:attachment":[{"href":"https:\/\/carmogepereira.pt\/pt\/wp-json\/wp\/v2\/media?parent=6090"}],"wp:term":[{"taxonomy":"pwb-brand","embeddable":true,"href":"https:\/\/carmogepereira.pt\/pt\/wp-json\/wp\/v2\/pwb-brand?post=6090"},{"taxonomy":"product_brand","embeddable":true,"href":"https:\/\/carmogepereira.pt\/pt\/wp-json\/wp\/v2\/product_brand?post=6090"},{"taxonomy":"product_cat","embeddable":true,"href":"https:\/\/carmogepereira.pt\/pt\/wp-json\/wp\/v2\/product_cat?post=6090"},{"taxonomy":"product_tag","embeddable":true,"href":"https:\/\/carmogepereira.pt\/pt\/wp-json\/wp\/v2\/product_tag?post=6090"}],"curies":[{"name":"wp","href":"https:\/\/api.w.org\/{rel}","templated":true}]}}