{"id":6091,"date":"2022-10-07T23:10:15","date_gmt":"2022-10-07T23:10:15","guid":{"rendered":"http:\/\/carmogepereira.pt\/vaiserperfeito\/?post_type=product&#038;p=6091"},"modified":"2025-12-10T16:20:23","modified_gmt":"2025-12-10T16:20:23","slug":"siliconefusionvipercockringes","status":"publish","type":"product","link":"https:\/\/carmogepereira.pt\/pt\/shop\/siliconefusionvipercockringes\/","title":{"rendered":"Silicone Fusion Viper Electro Cock Ring ElectraStim"},"content":{"rendered":"<p><b><span data-contrast=\"auto\">Caracter\u00edsticas:<\/span><\/b><span data-ccp-props=\"{&quot;201341983&quot;:0,&quot;335559739&quot;:160,&quot;335559740&quot;:259}\">\u00a0<\/span><\/p>\n<p><strong>Anel de p\u00e9nis em silicone com entrada bipolar\u00a0<\/strong>- utilizar o Viper por si s\u00f3 sem necessidade de outros acess\u00f3rios<br \/>\n<strong>Design 'Shield' para se segurar no corpo durante o uso.<\/strong><br \/>\n<strong>Constru\u00e7\u00e3o em silicone condutora\u00a0<\/strong>- as partes pretas est\u00e3o onde flui a estimula\u00e7\u00e3o!<\/p>\n<p>Com contornos para conforto e uso prolongado.<\/p>\n<p>Perfeito para masturba\u00e7\u00e3o ou para usar com algu\u00e9m.<\/p>\n<p>Encaixe confort\u00e1vel, abertura em forma oval e silicone flex\u00edvel.<\/p>\n<p>Para as melhores sensa\u00e7\u00f5es, usa uma camada fina de gel condutor no ponto de contacto entre as zonas pretas elevadas e a pele.<\/p>\n<p>Bipolar.<\/p>\n<p>PRECISA DE UM ESTIMULADOR ELECTRASTIM PARA FUNCIONAR.<\/p>\n<p>*A fim de experienciares toda a pot\u00eancia do Viper usa o Flux Stimulator.<\/p>\n<p><b><span data-contrast=\"auto\">Dimens\u00f5es do Produto:<\/span><\/b><\/p>\n<p>7.8cm x 7.6cm<\/p>\n<p>Espessura 1.25cm<\/p>\n<p>Orif\u00edcio \u00d8 3cm a 6cm.<\/p>\n<p><b><span data-contrast=\"auto\">Conte\u00fado:<\/span><\/b><\/p>\n<p>1x \u00a0Silicone\u00a0Viper Electro Cock Ring<\/p>\n<div class=\"description rte\" data-tabs-enable=\"true\">\n<div class=\"description__tabs\">\n<div class=\"tab tab--5 tab--active\">\n<div class=\"tab__content\">\n<p>1x Saco de armazenamento de microfibra<\/p>\n<p>1x Manual de Instru\u00e7\u00f5es (EN\/FR\/DE\/NL\/ES\/IT)<\/p>\n<\/div>\n<\/div>\n<\/div>\n<\/div>\n<p><b><span data-contrast=\"auto\">Materiais:<\/span><\/b><\/p>\n<p>100% silicone de qualidade m\u00e9dica, com cura em platina.<\/p>\n<h6>SEGURAN\u00c7A<\/h6>\n<h6>DEVIDO \u00c0 NATUREZA EL\u00c9CTRICA DESTE BRINQUEDO, N\u00c3O DEVE US\u00c1-LO EM QUALQUER UM DOS SEGUINTES CEN\u00c1RIOS SEM CONSULTAR UME PROFISSIONAL DE SA\u00daDE:<\/h6>\n<h6>N\u00c3O USE SE ESTIVER GR\u00c1VIDE<br \/>\nN\u00c3O USE PARA MASSAJAR O EST\u00d4MAGO OU NO ABD\u00d3MEN SE H\u00c1 SENSA\u00c7\u00c3O DE DOR<br \/>\nN\u00c3O USE EM PELE INCHADA, INFLAMADA OU D\u00c9BIL<br \/>\nN\u00c3O USE SE TEM DOR NOS G\u00c9MEOS INEXPLIC\u00c1VEL<br \/>\nN\u00c3O USE PERTO DOS OLHOS, PESCO\u00c7O SUPERIOR, OU \u00c1REA DO CR\u00c2NIO<br \/>\nN\u00c3O USE SE SOFRE DE M\u00c1 CIRCULA\u00c7\u00c3O<br \/>\nN\u00c3O USE SE TEM UM PACEMAKER OU SOFRE DE DOEN\u00c7AS CARD\u00cdACAS<br \/>\nN\u00c3O USE SE TEM UM DIU DE METAL (DE COBRE)<br \/>\nN\u00c3O USE SE TEM EPILEPSIA<br \/>\nN\u00c3O USE PERTO DE QUAISQUER PIERCINGS DE METAL<\/h6>\n<h6>ADVERT\u00caNCIA:<\/h6>\n<h6>A ESTIMULA\u00c7\u00c3O N\u00c3O DEVE SER APLICADA ACIMA DA CINTURA. DEVES TAMB\u00c9M GARANTIR QUE OS TEUS EL\u00c9CTRODOS ESCOLHIDOS S\u00c3O ADEQUADOS PARA O EFEITO (OU SEJA: N\u00c3O USES UMA SONDA PARA ESTIMULA\u00c7\u00c3O ANAL A MENOS QUE SEJA INDICADA COMO ADEQUADA PARA O USO ANAL). SE TIVERES INFLAMA\u00c7\u00c3O OU IRRITA\u00c7\u00c3O CUT\u00c2NEA, N\u00c3O DEVES UTILIZAR EL\u00c9CTRODOS NESSAS \u00c1REAS.<\/h6>\n<p>&nbsp;<\/p>","protected":false},"excerpt":{"rendered":"<h4><strong>* GUIA PARA ELECTROSEX AQUI *\u00a0\u00a0<\/strong><\/h4>\n<p>O Silicone Fusion Viper Cock Ring \u00e9 concebido para assentar confortavelmente contra o osso p\u00fabico enquanto abra\u00e7a p\u00e9nis e escroto durante uma brincadeira com electro estimula\u00e7\u00e3o. Os trilhos condutores elevados no interior do anel posicionam-se bem contra a pele e transferem a deliciosa electroestimula\u00e7\u00e3o em toda a \u00e1rea para uma enorme variedade de sensa\u00e7\u00f5es de pux\u00e3o, formigueiro e contrac\u00e7\u00e3o.<\/p>\n<p>Quer estejas a usar Viper para te masturbares ou para te divertires com outra pessoa, este ousado p\u00e1ra-raios proporciona as sensa\u00e7\u00f5es \u00fanicas de electro-sexo em uma enorme variedade de cen\u00e1rios. Confort\u00e1vel de usar e discreto durante o sexo; Viper \u00e9 concebido para ser usado simultaneamente em torno do corpo do p\u00e9nis e do escroto para a melhor estabilidade e sensa\u00e7\u00f5es durante a utiliza\u00e7\u00e3o. A abertura em forma oval e o silicone flex\u00edvel permitem um ajuste confort\u00e1vel em torno da maioria dos tamanhos de p\u00e9nis, independentemente da forma como algu\u00e9m opte por usar Viper.<\/p>\n<p>Para as melhores sensa\u00e7\u00f5es, usa uma camada fina de gel condutor no ponto de contacto entre as zonas pretas elevadas e a pele.<\/p>\n<p>PRECISA DE UM ESTIMULADOR ELECTRASTIM PARA FUNCIONAR.<\/p>","protected":false},"featured_media":6092,"comment_status":"open","ping_status":"closed","template":"","meta":{"_acf_changed":false},"pwb-brand":[349],"product_brand":[],"product_cat":[113,124,147,151,149],"product_tag":[213,234,276,542,250],"class_list":{"0":"post-6091","1":"product","2":"type-product","3":"status-publish","4":"has-post-thumbnail","6":"pwb-brand-electrastim","7":"product_cat-accessorieskink","8":"product_cat-electrosexmore","9":"product_cat-penismasturbatorsrings","10":"product_cat-plus","11":"product_cat-rings","12":"product_tag-bdsm","13":"product_tag-electrosex","14":"product_tag-penis_use","15":"product_tag-plus-penis-ring","16":"product_tag-sensory-play","17":"pa_color-black","18":"pa_color-red","19":"nt-post-class","20":"","21":"masonry-item","22":"col-lg-6","30":"first","31":"outofstock","32":"taxable","33":"shipping-taxable","34":"purchasable","35":"product-type-simple","36":"add-to-wishlist-after_add_to_cart"},"acf":[],"brands":[{"id":349,"name":"ElectraStim","slug":"electrastim"}],"_links":{"self":[{"href":"https:\/\/carmogepereira.pt\/pt\/wp-json\/wp\/v2\/product\/6091","targetHints":{"allow":["GET"]}}],"collection":[{"href":"https:\/\/carmogepereira.pt\/pt\/wp-json\/wp\/v2\/product"}],"about":[{"href":"https:\/\/carmogepereira.pt\/pt\/wp-json\/wp\/v2\/types\/product"}],"replies":[{"embeddable":true,"href":"https:\/\/carmogepereira.pt\/pt\/wp-json\/wp\/v2\/comments?post=6091"}],"version-history":[{"count":0,"href":"https:\/\/carmogepereira.pt\/pt\/wp-json\/wp\/v2\/product\/6091\/revisions"}],"wp:featuredmedia":[{"embeddable":true,"href":"https:\/\/carmogepereira.pt\/pt\/wp-json\/wp\/v2\/media\/6092"}],"wp:attachment":[{"href":"https:\/\/carmogepereira.pt\/pt\/wp-json\/wp\/v2\/media?parent=6091"}],"wp:term":[{"taxonomy":"pwb-brand","embeddable":true,"href":"https:\/\/carmogepereira.pt\/pt\/wp-json\/wp\/v2\/pwb-brand?post=6091"},{"taxonomy":"product_brand","embeddable":true,"href":"https:\/\/carmogepereira.pt\/pt\/wp-json\/wp\/v2\/product_brand?post=6091"},{"taxonomy":"product_cat","embeddable":true,"href":"https:\/\/carmogepereira.pt\/pt\/wp-json\/wp\/v2\/product_cat?post=6091"},{"taxonomy":"product_tag","embeddable":true,"href":"https:\/\/carmogepereira.pt\/pt\/wp-json\/wp\/v2\/product_tag?post=6091"}],"curies":[{"name":"wp","href":"https:\/\/api.w.org\/{rel}","templated":true}]}}