{"id":6108,"date":"2022-10-08T00:42:19","date_gmt":"2022-10-08T00:42:19","guid":{"rendered":"http:\/\/carmogepereira.pt\/vaiserperfeito\/?post_type=product&#038;p=6108"},"modified":"2025-12-10T16:20:23","modified_gmt":"2025-12-10T16:20:23","slug":"conductivegeles","status":"publish","type":"product","link":"https:\/\/carmogepereira.pt\/pt\/shop\/conductivegeles\/","title":{"rendered":"Electro Stimulation Conductive Gel"},"content":{"rendered":"<p><b><span data-contrast=\"auto\">Caracter\u00edsticas:<\/span><\/b><span data-ccp-props=\"{&quot;201341983&quot;:0,&quot;335559739&quot;:160,&quot;335559740&quot;:259}\">\u00a0<\/span><\/p>\n<p>Formulado para uso com el\u00e9ctrodos externos.<\/p>\n<p>Melhora a condutividade para maior sensa\u00e7\u00e3o no decorrer do uso.<\/p>\n<p>Utilizar apenas um pouco para lubrificar an\u00e9is de p\u00e9nis, pinwheels, pin\u00e7as e outros brinquedos sexuais de estima\u00e7\u00e3o concebidos para uso externo.<\/p>\n<div class=\"tab tab--3 tab--active\">\n<div class=\"tab__content\">\n<p>Para uso externo apenas.<\/p>\n<\/div>\n<\/div>\n<p><strong>Dimens\u00f5es do Produto:<\/strong><\/p>\n<p>60ml<\/p>\n<p><b><span data-contrast=\"auto\">Conte\u00fado:<\/span><\/b><span data-ccp-props=\"{&quot;201341983&quot;:0,&quot;335559739&quot;:160,&quot;335559740&quot;:259}\">\u00a0<\/span><\/p>\n<p>1x Gel condutor.<\/p>\n<p><b><span data-contrast=\"auto\">Ingredientes:<\/span><\/b><span data-ccp-props=\"{&quot;201341983&quot;:0,&quot;335559739&quot;:160,&quot;335559740&quot;:259}\">\u00a0<\/span><\/p>\n<p>Aqua (\u00e1gua), Cloreto de Pot\u00e1ssio, Carboximetilcelulose de S\u00f3dio, Glicerina, Hidroxibenzoato de Etilo, Etanol.<\/p>\n<h6>SEGURAN\u00c7A<\/h6>\n<h6>DEVIDO \u00c0 NATUREZA EL\u00c9CTRICA DESTE BRINQUEDO, N\u00c3O DEVE US\u00c1-LO EM QUALQUER UM DOS SEGUINTES CEN\u00c1RIOS SEM CONSULTAR UME PROFISSIONAL DE SA\u00daDE:<\/h6>\n<h6>N\u00c3O USE SE ESTIVER GR\u00c1VIDE<br \/>\nN\u00c3O USE PARA MASSAJAR O EST\u00d4MAGO OU NO ABD\u00d3MEN SE H\u00c1 SENSA\u00c7\u00c3O DE DOR<br \/>\nN\u00c3O USE EM PELE INCHADA, INFLAMADA OU D\u00c9BIL<br \/>\nN\u00c3O USE SE TEM DOR NOS G\u00c9MEOS INEXPLIC\u00c1VEL<br \/>\nN\u00c3O USE PERTO DOS OLHOS, PESCO\u00c7O SUPERIOR, OU \u00c1REA DO CR\u00c2NIO<br \/>\nN\u00c3O USE SE SOFRE DE M\u00c1 CIRCULA\u00c7\u00c3O<br \/>\nN\u00c3O USE SE TEM UM PACEMAKER OU SOFRE DE DOEN\u00c7AS CARD\u00cdACAS<br \/>\nN\u00c3O USE SE TEM UM DIU DE METAL (DE COBRE)<br \/>\nN\u00c3O USE SE TEM EPILEPSIA<br \/>\nN\u00c3O USE PERTO DE QUAISQUER PIERCINGS DE METAL<\/h6>\n<h6>ADVERT\u00caNCIA:<\/h6>\n<h6>A ESTIMULA\u00c7\u00c3O N\u00c3O DEVE SER APLICADA ACIMA DA CINTURA. DEVES TAMB\u00c9M GARANTIR QUE OS TEUS EL\u00c9CTRODOS ESCOLHIDOS S\u00c3O ADEQUADOS PARA O EFEITO (OU SEJA: N\u00c3O USES UMA SONDA PARA ESTIMULA\u00c7\u00c3O ANAL A MENOS QUE SEJA INDICADA COMO ADEQUADA PARA O USO ANAL). SE TIVERES INFLAMA\u00c7\u00c3O OU IRRITA\u00c7\u00c3O CUT\u00c2NEA, N\u00c3O DEVES UTILIZAR EL\u00c9CTRODOS NESSAS \u00c1REAS.<\/h6>","protected":false},"excerpt":{"rendered":"<h4><strong>* GUIA PARA ELECTROSEX AQUI *<\/strong><\/h4>\n<p>Tira o m\u00e1ximo partido dos el\u00e9ctrodos externos com este tubo de gel condutor. Aplica apenas um pouco em an\u00e9is de p\u00e9nis, bandas escrotais, pinwheels, paddles, pin\u00e7as e outros el\u00e9ctrodos externos para experimentar uma estimula\u00e7\u00e3o mais clara e mais ressonante.<\/p>\n<p>Quando s\u00e3o utilizados el\u00e9ctrodos externos sem um gel condutor especial, a experi\u00eancia pode ser de sensa\u00e7\u00e3o entorpecida ou sem qualquer sensa\u00e7\u00e3o! Este gel cont\u00e9m um ingrediente condutor que cria uma melhor liga\u00e7\u00e3o entre a pele e o el\u00e9ctrodo.<\/p>\n<p>Cada tubo cont\u00e9m 60ml de lubrificante em gel transparente, proporcionando dezenas de utiliza\u00e7\u00f5es. Um pouco vai realmente muito longe. Aplica-se uma pequena pel\u00edcula de gel electrocondutor nos contactos do el\u00e9ctrodo para que este produza efeito.<\/p>\n<p>Para uso externo apenas.<\/p>","protected":false},"featured_media":6111,"comment_status":"open","ping_status":"closed","template":"","meta":{"_acf_changed":false},"pwb-brand":[349],"product_brand":[],"product_cat":[113,124],"product_tag":[213,234,250],"class_list":{"0":"post-6108","1":"product","2":"type-product","3":"status-publish","4":"has-post-thumbnail","6":"pwb-brand-electrastim","7":"product_cat-accessorieskink","8":"product_cat-electrosexmore","9":"product_tag-bdsm","10":"product_tag-electrosex","11":"product_tag-sensory-play","12":"nt-post-class","13":"","14":"masonry-item","15":"col-lg-6","23":"first","24":"outofstock","25":"taxable","26":"shipping-taxable","27":"purchasable","28":"product-type-simple","29":"add-to-wishlist-after_add_to_cart"},"acf":[],"brands":[{"id":349,"name":"ElectraStim","slug":"electrastim"}],"_links":{"self":[{"href":"https:\/\/carmogepereira.pt\/pt\/wp-json\/wp\/v2\/product\/6108","targetHints":{"allow":["GET"]}}],"collection":[{"href":"https:\/\/carmogepereira.pt\/pt\/wp-json\/wp\/v2\/product"}],"about":[{"href":"https:\/\/carmogepereira.pt\/pt\/wp-json\/wp\/v2\/types\/product"}],"replies":[{"embeddable":true,"href":"https:\/\/carmogepereira.pt\/pt\/wp-json\/wp\/v2\/comments?post=6108"}],"version-history":[{"count":0,"href":"https:\/\/carmogepereira.pt\/pt\/wp-json\/wp\/v2\/product\/6108\/revisions"}],"wp:featuredmedia":[{"embeddable":true,"href":"https:\/\/carmogepereira.pt\/pt\/wp-json\/wp\/v2\/media\/6111"}],"wp:attachment":[{"href":"https:\/\/carmogepereira.pt\/pt\/wp-json\/wp\/v2\/media?parent=6108"}],"wp:term":[{"taxonomy":"pwb-brand","embeddable":true,"href":"https:\/\/carmogepereira.pt\/pt\/wp-json\/wp\/v2\/pwb-brand?post=6108"},{"taxonomy":"product_brand","embeddable":true,"href":"https:\/\/carmogepereira.pt\/pt\/wp-json\/wp\/v2\/product_brand?post=6108"},{"taxonomy":"product_cat","embeddable":true,"href":"https:\/\/carmogepereira.pt\/pt\/wp-json\/wp\/v2\/product_cat?post=6108"},{"taxonomy":"product_tag","embeddable":true,"href":"https:\/\/carmogepereira.pt\/pt\/wp-json\/wp\/v2\/product_tag?post=6108"}],"curies":[{"name":"wp","href":"https:\/\/api.w.org\/{rel}","templated":true}]}}