{"id":6112,"date":"2022-10-08T01:21:46","date_gmt":"2022-10-08T01:21:46","guid":{"rendered":"http:\/\/carmogepereira.pt\/vaiserperfeito\/?post_type=product&#038;p=6112"},"modified":"2025-12-13T09:28:47","modified_gmt":"2025-12-13T09:28:47","slug":"electrowandnalone","status":"publish","type":"product","link":"https:\/\/carmogepereira.pt\/pt\/shop\/electrowandnalone\/","title":{"rendered":"Electro Wand Massager Nalone"},"content":{"rendered":"<p><b><span data-contrast=\"auto\">Caracter\u00edsticas:<\/span><\/b><span data-ccp-props=\"{&quot;201341983&quot;:0,&quot;335559739&quot;:160,&quot;335559740&quot;:259}\">\u00a0<\/span><\/p>\n<p>Tecnologia de Pulsa\u00e7\u00e3o Electro-magn\u00e9tica.<\/p>\n<p>7 modos de estimula\u00e7\u00e3o na pega.<\/p>\n<p>7 modos de estimula\u00e7\u00e3o na cabe\u00e7a.<\/p>\n<p>Motores duplos.<\/p>\n<p>Silicone super-suave sobre n\u00facleo de ABS.<\/p>\n<p>Design ergon\u00f3mico.<\/p>\n<p>Totalmente \u00e0 prova de \u00e1gua.<\/p>\n<p>Vibrador recarreg\u00e1vel.<\/p>\n<p>Com uma bonita caixa forrada de cetim.<\/p>\n<p>M\u00e1ximo ru\u00eddo: Menos de 30db.<\/p>\n<p><b><span data-contrast=\"auto\">Dimens\u00f5es do Produto:<\/span><\/b><\/p>\n<p>21.3cm x \u00d84cm.<\/p>\n<p><b><span data-contrast=\"auto\">Conte\u00fado:<\/span><\/b><\/p>\n<div class=\"description rte\" data-tabs-enable=\"true\">\n<div class=\"description__tabs\">\n<div class=\"tab tab--5 tab--active\">\n<div class=\"tab__content\">\n<p>1x Cabo de carregamento USB<\/p>\n<p>1x Wand com electro-estimula\u00e7\u00e3o<\/p>\n<p>1x Certificado de garantia<\/p>\n<p>1x Folheto de como usar o Vibrator.<\/p>\n<\/div>\n<\/div>\n<\/div>\n<\/div>\n<p><b><span data-contrast=\"auto\">Materiais:<\/span><\/b><\/p>\n<p>Silicone, Pl\u00e1stico ABS.<\/p>\n<h6>SEGURAN\u00c7A<\/h6>\n<h6>DEVIDO \u00c0 NATUREZA EL\u00c9CTRICA DESTE BRINQUEDO, N\u00c3O DEVE US\u00c1-LO EM QUALQUER UM DOS SEGUINTES CEN\u00c1RIOS SEM CONSULTAR UME PROFISSIONAL DE SA\u00daDE:<\/h6>\n<h6>N\u00c3O USE SE ESTIVER GR\u00c1VIDE<br \/>\nN\u00c3O USE PARA MASSAJAR O EST\u00d4MAGO OU NO ABD\u00d3MEN SE H\u00c1 SENSA\u00c7\u00c3O DE DOR<br \/>\nN\u00c3O USE EM PELE INCHADA, INFLAMADA OU D\u00c9BIL<br \/>\nN\u00c3O USE SE TEM DOR NOS G\u00c9MEOS INEXPLIC\u00c1VEL<br \/>\nN\u00c3O USE PERTO DOS OLHOS, PESCO\u00c7O SUPERIOR, OU \u00c1REA DO CR\u00c2NIO<br \/>\nN\u00c3O USE SE SOFRE DE M\u00c1 CIRCULA\u00c7\u00c3O<br \/>\nN\u00c3O USE SE TEM UM PACEMAKER OU SOFRE DE DOEN\u00c7AS CARD\u00cdACAS<br \/>\nN\u00c3O USE SE TEM UM DIU DE METAL (DE COBRE)<br \/>\nN\u00c3O USE SE TEM EPILEPSIA<br \/>\nN\u00c3O USE PERTO DE QUAISQUER PIERCINGS DE METAL<\/h6>\n<h6>ADVERT\u00caNCIA:<\/h6>\n<h6>A ESTIMULA\u00c7\u00c3O N\u00c3O DEVE SER APLICADA ACIMA DA CINTURA. DEVES TAMB\u00c9M GARANTIR QUE OS TEUS EL\u00c9CTRODOS ESCOLHIDOS S\u00c3O ADEQUADOS PARA O EFEITO (OU SEJA: N\u00c3O USES UMA SONDA PARA ESTIMULA\u00c7\u00c3O ANAL A MENOS QUE SEJA INDICADA COMO ADEQUADA PARA O USO ANAL). SE TIVERES INFLAMA\u00c7\u00c3O OU IRRITA\u00c7\u00c3O CUT\u00c2NEA, N\u00c3O DEVES UTILIZAR EL\u00c9CTRODOS NESSAS \u00c1REAS.<\/h6>\n<p>&nbsp;<\/p>","protected":false},"excerpt":{"rendered":"<h4><strong>* GUIA PARA ELECTROSEX AQUI *\u00a0\u00a0<\/strong><\/h4>\n<p>Nalone apresenta a tecnologia do Pulsa\u00e7\u00e3o Electro-magn\u00e9tica na cabe\u00e7a. Isto produz uma intensa micro corrente que estimula as termina\u00e7\u00f5es nervosas mais sens\u00edveis para elevar os n\u00edveis de sensa\u00e7\u00e3o.\u00a0Silicone e metal combinam-se para enviar ondas de poderosa vibra\u00e7\u00e3o e impulsos el\u00e9ctricos a pontos \u00edntimos e m\u00fasculos cansados para um n\u00edvel de estimula\u00e7\u00e3o totalmente novo. Com a tecnologia de Pulsa\u00e7\u00e3o Eletromagn\u00e9tica, esta wand lidera o caminho em prazer inovador.<\/p>\n<p>Uma wand recarreg\u00e1vel por USB com propor\u00e7\u00f5es prop\u00edcias a viagens, a Wand da Nalone tamb\u00e9m cont\u00e9m motores duplos e a adi\u00e7\u00e3o \u00fanica de tecnologia de Pulsa\u00e7\u00e3o Electro Magn\u00e9tica para emo\u00e7\u00f5es emocionantes.<\/p>","protected":false},"featured_media":6115,"comment_status":"open","ping_status":"closed","template":"","meta":{"_acf_changed":false},"pwb-brand":[344],"product_brand":[],"product_cat":[113,124,177,188],"product_tag":[213,234,245,296,276,250,537,553,366],"class_list":{"0":"post-6112","1":"product","2":"type-product","3":"status-publish","4":"has-post-thumbnail","6":"pwb-brand-miscellaneous","7":"product_cat-accessorieskink","8":"product_cat-electrosexmore","9":"product_cat-vibrators","10":"product_cat-wands","11":"product_tag-bdsm","12":"product_tag-electrosex","13":"product_tag-external","14":"product_tag-genital_use","15":"product_tag-penis_use","16":"product_tag-sensory-play","17":"product_tag-silicone-sextoy","18":"product_tag-vulva-use","19":"product_tag-wand","20":"pa_color-pink","21":"nt-post-class","22":"","23":"masonry-item","24":"col-lg-6","32":"first","33":"outofstock","34":"taxable","35":"shipping-taxable","36":"purchasable","37":"product-type-simple","38":"add-to-wishlist-after_add_to_cart"},"acf":[],"brands":[{"id":344,"name":"Variadas","slug":"miscellaneous"}],"_links":{"self":[{"href":"https:\/\/carmogepereira.pt\/pt\/wp-json\/wp\/v2\/product\/6112","targetHints":{"allow":["GET"]}}],"collection":[{"href":"https:\/\/carmogepereira.pt\/pt\/wp-json\/wp\/v2\/product"}],"about":[{"href":"https:\/\/carmogepereira.pt\/pt\/wp-json\/wp\/v2\/types\/product"}],"replies":[{"embeddable":true,"href":"https:\/\/carmogepereira.pt\/pt\/wp-json\/wp\/v2\/comments?post=6112"}],"version-history":[{"count":0,"href":"https:\/\/carmogepereira.pt\/pt\/wp-json\/wp\/v2\/product\/6112\/revisions"}],"wp:featuredmedia":[{"embeddable":true,"href":"https:\/\/carmogepereira.pt\/pt\/wp-json\/wp\/v2\/media\/6115"}],"wp:attachment":[{"href":"https:\/\/carmogepereira.pt\/pt\/wp-json\/wp\/v2\/media?parent=6112"}],"wp:term":[{"taxonomy":"pwb-brand","embeddable":true,"href":"https:\/\/carmogepereira.pt\/pt\/wp-json\/wp\/v2\/pwb-brand?post=6112"},{"taxonomy":"product_brand","embeddable":true,"href":"https:\/\/carmogepereira.pt\/pt\/wp-json\/wp\/v2\/product_brand?post=6112"},{"taxonomy":"product_cat","embeddable":true,"href":"https:\/\/carmogepereira.pt\/pt\/wp-json\/wp\/v2\/product_cat?post=6112"},{"taxonomy":"product_tag","embeddable":true,"href":"https:\/\/carmogepereira.pt\/pt\/wp-json\/wp\/v2\/product_tag?post=6112"}],"curies":[{"name":"wp","href":"https:\/\/api.w.org\/{rel}","templated":true}]}}