{"id":6136,"date":"2022-10-08T14:33:28","date_gmt":"2022-10-08T14:33:28","guid":{"rendered":"http:\/\/carmogepereira.pt\/vaiserperfeito\/?post_type=product&#038;p=6136"},"modified":"2025-12-11T15:07:12","modified_gmt":"2025-12-11T15:07:12","slug":"enchantedfeathernipplesm","status":"publish","type":"product","link":"https:\/\/carmogepereira.pt\/pt\/shop\/enchantedfeathernipplesm\/","title":{"rendered":"Enchanted Feather Nipple Clamps S&#038;M"},"content":{"rendered":"<p><b><span data-contrast=\"auto\">Caracter\u00edsticas:<\/span><\/b><span data-ccp-props=\"{&quot;201341983&quot;:0,&quot;335559739&quot;:160,&quot;335559740&quot;:259}\">\u00a0<\/span><\/p>\n<p>Ajust\u00e1veis, com n\u00edveis vari\u00e1veis de press\u00e3o.<\/p>\n<p>Pontas remov\u00edveis em PVC sem ftalatos.<\/p>\n<p>Penas macias e sedutoras.<\/p>\n<p><b><span data-contrast=\"auto\">Conte\u00fado:<\/span><\/b><span data-ccp-props=\"{&quot;201341983&quot;:0,&quot;335559739&quot;:160,&quot;335559740&quot;:259}\">\u00a0<\/span><\/p>\n<p>1x par de pin\u00e7as para mamilos.<\/p>\n<p><b><span data-contrast=\"auto\">Materiais:<\/span><\/b><\/p>\n<p><span data-ccp-props=\"{&quot;201341983&quot;:0,&quot;335559739&quot;:160,&quot;335559740&quot;:259}\">50% Plumas, 38% Metal isento de n\u00edquel, 12% PVC isento de Ftalatos.<\/span><\/p>","protected":false},"excerpt":{"rendered":"<p>Deixa-te levar ao pr\u00f3ximo n\u00edvel de \u00eaxtase com as Pin\u00e7as de Mamilos de penas Enchanted regul\u00e1veis, que facilitam alternar entre v\u00e1rios n\u00edveis de press\u00e3o. Permitem testar limites, comprimindo ou libertando a press\u00e3o. Pontas de pl\u00e1stico amov\u00edveis permitem a escolha de determinar o n\u00edvel de intensidade a atingir. Suaves e sedutoras as penas aumentam a sensa\u00e7\u00e3o e podem ser usadas para provocar mesmo quando n\u00e3o est\u00e3o a ser vestidas.<\/p>","protected":false},"featured_media":6139,"comment_status":"open","ping_status":"closed","template":"","meta":{"_acf_changed":false},"pwb-brand":[348,347],"product_brand":[],"product_cat":[113,122,125,119],"product_tag":[213,225,255,243,244,220,250],"class_list":{"0":"post-6136","1":"product","2":"type-product","3":"status-publish","4":"has-post-thumbnail","6":"pwb-brand-sexmischief","7":"pwb-brand-sportsheets","8":"product_cat-accessorieskink","9":"product_cat-feathers-pinwheels","10":"product_cat-nipples","11":"product_cat-whipsfeathers","12":"product_tag-bdsm","13":"product_tag-body","14":"product_tag-enchanted","15":"product_tag-feather-tickler","16":"product_tag-nipple_use","17":"product_tag-restriction","18":"product_tag-sensory-play","19":"pa_color-red","20":"nt-post-class","21":"","22":"masonry-item","23":"col-lg-6","31":"first","32":"outofstock","33":"taxable","34":"shipping-taxable","35":"purchasable","36":"product-type-simple","37":"add-to-wishlist-after_add_to_cart"},"acf":[],"brands":[{"id":348,"name":"Sex &amp; Mischief","slug":"sexmischief"},{"id":347,"name":"Sportsheets","slug":"sportsheets"}],"_links":{"self":[{"href":"https:\/\/carmogepereira.pt\/pt\/wp-json\/wp\/v2\/product\/6136","targetHints":{"allow":["GET"]}}],"collection":[{"href":"https:\/\/carmogepereira.pt\/pt\/wp-json\/wp\/v2\/product"}],"about":[{"href":"https:\/\/carmogepereira.pt\/pt\/wp-json\/wp\/v2\/types\/product"}],"replies":[{"embeddable":true,"href":"https:\/\/carmogepereira.pt\/pt\/wp-json\/wp\/v2\/comments?post=6136"}],"version-history":[{"count":0,"href":"https:\/\/carmogepereira.pt\/pt\/wp-json\/wp\/v2\/product\/6136\/revisions"}],"wp:featuredmedia":[{"embeddable":true,"href":"https:\/\/carmogepereira.pt\/pt\/wp-json\/wp\/v2\/media\/6139"}],"wp:attachment":[{"href":"https:\/\/carmogepereira.pt\/pt\/wp-json\/wp\/v2\/media?parent=6136"}],"wp:term":[{"taxonomy":"pwb-brand","embeddable":true,"href":"https:\/\/carmogepereira.pt\/pt\/wp-json\/wp\/v2\/pwb-brand?post=6136"},{"taxonomy":"product_brand","embeddable":true,"href":"https:\/\/carmogepereira.pt\/pt\/wp-json\/wp\/v2\/product_brand?post=6136"},{"taxonomy":"product_cat","embeddable":true,"href":"https:\/\/carmogepereira.pt\/pt\/wp-json\/wp\/v2\/product_cat?post=6136"},{"taxonomy":"product_tag","embeddable":true,"href":"https:\/\/carmogepereira.pt\/pt\/wp-json\/wp\/v2\/product_tag?post=6136"}],"curies":[{"name":"wp","href":"https:\/\/api.w.org\/{rel}","templated":true}]}}