{"id":6140,"date":"2022-10-08T14:47:58","date_gmt":"2022-10-08T14:47:58","guid":{"rendered":"http:\/\/carmogepereira.pt\/vaiserperfeito\/?post_type=product&#038;p=6140"},"modified":"2024-03-01T14:17:48","modified_gmt":"2024-03-01T14:17:48","slug":"sincerelybowtiepastiessp","status":"publish","type":"product","link":"https:\/\/carmogepereira.pt\/pt\/shop\/sincerelybowtiepastiessp\/","title":{"rendered":"Sincerely Bow Tie Pasties Sportsheets"},"content":{"rendered":"<p><b><span data-contrast=\"auto\">Caracter\u00edsticas:<\/span><\/b><span data-ccp-props=\"{&quot;201341983&quot;:0,&quot;335559739&quot;:160,&quot;335559740&quot;:259}\">\u00a0<\/span><\/p>\n<p>Promove acessibilidade.<\/p>\n<p>Para todos os n\u00edveis de experi\u00eancia.<\/p>\n<p>Couro falso.<\/p>\n<p>Limpeza \u00e0 m\u00e3o.<\/p>\n<p>Isento de N\u00edquel.<\/p>\n<p>O adesivo permanece intacto at\u00e9 3 usos.<\/p>\n<p>Facilmente substitu\u00edvel por novo adesivo ap\u00f3s o desgaste por ader\u00eancia.<\/p>\n<p>Como tratar: Usa um toalhete com \u00e1lcool para limpar os pasties.<\/p>\n<p><b><span data-contrast=\"auto\">Dimens\u00f5es do Produto:<\/span><\/b><\/p>\n<p>2.5cm x 5.1cm<\/p>\n<p><b><span data-contrast=\"auto\">Conte\u00fado:<\/span><\/b><span data-ccp-props=\"{&quot;201341983&quot;:0,&quot;335559739&quot;:160,&quot;335559740&quot;:259}\">\u00a0<\/span><\/p>\n<p>2x Pasties<\/p>\n<p><b><span data-contrast=\"auto\">Materiais:<\/span><\/b><span data-ccp-props=\"{&quot;201341983&quot;:0,&quot;335559739&quot;:160,&quot;335559740&quot;:259}\">\u00a0<\/span><\/p>\n<p class=\"toolbar toolbar-top\">95% Poliuretano sem Ftalatos, 4% Polietileno, 1% Metal sem N\u00edquel.<\/p>","protected":false},"excerpt":{"rendered":"<p>Sedutor mas sofisticado, Bow Tie Pasties acrescentam um toque de eleg\u00e2ncia a qualquer roupa ou falta dela. Depois de removeres a pel\u00edcula protectora para expor a camada adesiva, o couro falso macio e male\u00e1vel moldar-se-\u00e1 com seguran\u00e7a \u00e0s curvas dos seios, cobrindo os mamilos. Veste-os sob uma blusa sedosa ou atreve-te a p\u00f4-los a nu, deixa tanto ou t\u00e3o pouco \u00e0 imagina\u00e7\u00e3o quanto desejares.<\/p>","protected":false},"featured_media":6145,"comment_status":"open","ping_status":"closed","template":"","meta":{"_acf_changed":false},"pwb-brand":[347],"product_brand":[],"product_cat":[113,125],"product_tag":[225,244,249,246,361],"class_list":{"0":"post-6140","1":"product","2":"type-product","3":"status-publish","4":"has-post-thumbnail","6":"pwb-brand-sportsheets","7":"product_cat-accessorieskink","8":"product_cat-nipples","9":"product_tag-body","10":"product_tag-nipple_use","11":"product_tag-pasties","12":"product_tag-sincerely","13":"product_tag-sincerely-bow-tie","14":"nt-post-class","15":"","16":"masonry-item","17":"col-lg-6","25":"first","26":"instock","27":"taxable","28":"shipping-taxable","29":"purchasable","30":"product-type-simple","31":"add-to-wishlist-after_add_to_cart"},"acf":[],"brands":[{"id":347,"name":"Sportsheets","slug":"sportsheets"}],"_links":{"self":[{"href":"https:\/\/carmogepereira.pt\/pt\/wp-json\/wp\/v2\/product\/6140","targetHints":{"allow":["GET"]}}],"collection":[{"href":"https:\/\/carmogepereira.pt\/pt\/wp-json\/wp\/v2\/product"}],"about":[{"href":"https:\/\/carmogepereira.pt\/pt\/wp-json\/wp\/v2\/types\/product"}],"replies":[{"embeddable":true,"href":"https:\/\/carmogepereira.pt\/pt\/wp-json\/wp\/v2\/comments?post=6140"}],"version-history":[{"count":0,"href":"https:\/\/carmogepereira.pt\/pt\/wp-json\/wp\/v2\/product\/6140\/revisions"}],"wp:featuredmedia":[{"embeddable":true,"href":"https:\/\/carmogepereira.pt\/pt\/wp-json\/wp\/v2\/media\/6145"}],"wp:attachment":[{"href":"https:\/\/carmogepereira.pt\/pt\/wp-json\/wp\/v2\/media?parent=6140"}],"wp:term":[{"taxonomy":"pwb-brand","embeddable":true,"href":"https:\/\/carmogepereira.pt\/pt\/wp-json\/wp\/v2\/pwb-brand?post=6140"},{"taxonomy":"product_brand","embeddable":true,"href":"https:\/\/carmogepereira.pt\/pt\/wp-json\/wp\/v2\/product_brand?post=6140"},{"taxonomy":"product_cat","embeddable":true,"href":"https:\/\/carmogepereira.pt\/pt\/wp-json\/wp\/v2\/product_cat?post=6140"},{"taxonomy":"product_tag","embeddable":true,"href":"https:\/\/carmogepereira.pt\/pt\/wp-json\/wp\/v2\/product_tag?post=6140"}],"curies":[{"name":"wp","href":"https:\/\/api.w.org\/{rel}","templated":true}]}}