{"id":6151,"date":"2022-10-08T18:28:00","date_gmt":"2022-10-08T18:28:00","guid":{"rendered":"http:\/\/carmogepereira.pt\/vaiserperfeito\/?post_type=product&#038;p=6151"},"modified":"2025-12-16T19:38:31","modified_gmt":"2025-12-16T19:38:31","slug":"vespercrave","status":"publish","type":"product","link":"https:\/\/carmogepereira.pt\/pt\/shop\/vespercrave\/","title":{"rendered":"Vesper CRAVE"},"content":{"rendered":"<p><strong>Cores:<\/strong><\/p>\n<p>Prateado, OuroRosa, Dourado.<\/p>\n<p><b><span data-contrast=\"auto\">Caracter\u00edsticas:<\/span><\/b><span data-ccp-props=\"{&quot;201341983&quot;:0,&quot;335559739&quot;:160,&quot;335559740&quot;:259}\">\u00a0<\/span><\/p>\n<p>Um bot\u00e3o para ligar\/desligar e quatro velocidades: baixa, m\u00e9dia, alta, e pulsante.<\/p>\n<p>Remove a tampa para recarregamento USB com o cabo fornecido.<\/p>\n<p>O corpo e a ponta em a\u00e7o inoxid\u00e1vel n\u00e3o mudar\u00e3o de cor nem manchar\u00e3o.<\/p>\n<p>Personaliza-o, grava Vesper com uma mensagem especial para ti ou para algu\u00e9m que amas.<\/p>\n<p class=\"p1\"><span class=\"s1\">Uma carga completa d\u00e1-te 40 minutos de tempo de uso.<\/span><\/p>\n<p>Hiper Silencioso.<\/p>\n<p>\u00c0 prova de salpicos para uma limpeza f\u00e1cil com \u00e1gua e sab\u00e3o.<\/p>\n<p>Design intuitivo - apenas um bot\u00e3o para ligar, mudar a velocidade, e premir longo para desligar.<\/p>\n<p>Revestimento isento de n\u00edquel - como em todos os produtos Crave.<\/p>\n<p>Concebido apenas para uso clitoriano externo. N\u00e3o para inser\u00e7\u00e3o.<\/p>\n<p>Limpa com um pano h\u00famido ou toalhete de limpeza de sextoys quando completamente montado.<\/p>\n<p>Apenas lubrificantes \u00e0 base de \u00e1gua ou \u00f3leo. N\u00e3o compat\u00edvel com lubrificantes \u00e0 base de silicone.<\/p>\n<p><b><span data-contrast=\"auto\">Dimens\u00f5es do Produto:<\/span><\/b><\/p>\n<p>9.65cm x 0.85cm x 1.29cm<\/p>\n<p>0.8cm de di\u00e2metro (1.3cm de di\u00e2metro na tampa).<\/p>\n<p>Corrente de a\u00e7o sem n\u00edquel de 66cm.<\/p>\n<p><b><span data-contrast=\"auto\">Conte\u00fado:<\/span><\/b><span data-ccp-props=\"{&quot;201341983&quot;:0,&quot;335559739&quot;:160,&quot;335559740&quot;:259}\">\u00a0<\/span><\/p>\n<p>1x Folheto de instru\u00e7\u00f5es.<\/p>\n<p>1x cabo de carregamento USB.<\/p>\n<p>1x Corrente<\/p>\n<p>1x Vibrador<\/p>\n<p>1x Bolsa de transporte.<\/p>\n<p><b><span data-contrast=\"auto\">Materiais:<\/span><\/b><span data-ccp-props=\"{&quot;201341983&quot;:0,&quot;335559739&quot;:160,&quot;335559740&quot;:259}\">\u00a0<\/span><\/p>\n<p class=\"toolbar toolbar-top\">A\u00e7o Inoxid\u00e1vel 316 altamente polido.<\/p>","protected":false},"excerpt":{"rendered":"<p>Excita-me... Usa-me.\u00a0Apresentando Vesper: o primeiro colar vibrador recarreg\u00e1vel de luxo do mundo.<\/p>\n<p>Com o esp\u00edrito de continuar a elevar o que os brinquedos sexuais poderiam ser, Crave elevou os limites ao criar a sua vers\u00e3o de tecnologia vest\u00edvel. Vesper \u00e9 tanto uma bela pe\u00e7a de joalharia, como um forte vibrador fino. Muitos criaram um vibrador que fracassa como j\u00f3ia de qualidade ou um pingente de qualidade com uma vibra\u00e7\u00e3o abaixo do esperado. Crave certificou-se que Vesper realmente consegue fazer ambos da forma mais elegante e ponderada. Crave acredita que podes ter tudo.<\/p>\n<p>Vesper \u00e9 um pingente s\u00f3lido de a\u00e7o inoxid\u00e1vel com tampa isento de n\u00edquel. A sua est\u00e9tica limpa e elegante torna-o uma adi\u00e7\u00e3o subtil \u00e0 tua roupa e numa pe\u00e7a de afirma\u00e7\u00e3o s\u00f3 por si.<\/p>\n<p>Vesper est\u00e1 dispon\u00edvel em 3 cores - prata, ouro rosa, e dourado, revestido a ouro 24 KT, com correntes de a\u00e7o inoxid\u00e1vel a condizer.<\/p>","protected":false},"featured_media":6181,"comment_status":"open","ping_status":"closed","template":"","meta":{"_acf_changed":false},"pwb-brand":[369],"product_brand":[],"product_cat":[113,115,186,177,164],"product_tag":[225,242,228,237,519,309],"class_list":{"0":"post-6151","1":"product","2":"type-product","3":"status-publish","4":"has-post-thumbnail","6":"pwb-brand-crave","7":"product_cat-accessorieskink","8":"product_cat-jewelry","9":"product_cat-precision-handsfree","10":"product_cat-vibrators","11":"product_cat-vibratorsdildosplugs","12":"product_tag-body","13":"product_tag-jewelry","14":"product_tag-neck","15":"product_tag-necklace","16":"product_tag-precision-vibrator","17":"product_tag-stainless-steel-sextoy","18":"pa_color-gold","19":"pa_color-rosegold","20":"pa_color-silver","21":"nt-post-class","22":"","23":"masonry-item","24":"col-lg-6","32":"first","33":"outofstock","34":"taxable","35":"shipping-taxable","36":"purchasable","37":"product-type-variable","38":"add-to-wishlist-after_add_to_cart"},"acf":[],"brands":[{"id":369,"name":"CRAVE","slug":"crave"}],"_links":{"self":[{"href":"https:\/\/carmogepereira.pt\/pt\/wp-json\/wp\/v2\/product\/6151","targetHints":{"allow":["GET"]}}],"collection":[{"href":"https:\/\/carmogepereira.pt\/pt\/wp-json\/wp\/v2\/product"}],"about":[{"href":"https:\/\/carmogepereira.pt\/pt\/wp-json\/wp\/v2\/types\/product"}],"replies":[{"embeddable":true,"href":"https:\/\/carmogepereira.pt\/pt\/wp-json\/wp\/v2\/comments?post=6151"}],"version-history":[{"count":0,"href":"https:\/\/carmogepereira.pt\/pt\/wp-json\/wp\/v2\/product\/6151\/revisions"}],"wp:featuredmedia":[{"embeddable":true,"href":"https:\/\/carmogepereira.pt\/pt\/wp-json\/wp\/v2\/media\/6181"}],"wp:attachment":[{"href":"https:\/\/carmogepereira.pt\/pt\/wp-json\/wp\/v2\/media?parent=6151"}],"wp:term":[{"taxonomy":"pwb-brand","embeddable":true,"href":"https:\/\/carmogepereira.pt\/pt\/wp-json\/wp\/v2\/pwb-brand?post=6151"},{"taxonomy":"product_brand","embeddable":true,"href":"https:\/\/carmogepereira.pt\/pt\/wp-json\/wp\/v2\/product_brand?post=6151"},{"taxonomy":"product_cat","embeddable":true,"href":"https:\/\/carmogepereira.pt\/pt\/wp-json\/wp\/v2\/product_cat?post=6151"},{"taxonomy":"product_tag","embeddable":true,"href":"https:\/\/carmogepereira.pt\/pt\/wp-json\/wp\/v2\/product_tag?post=6151"}],"curies":[{"name":"wp","href":"https:\/\/api.w.org\/{rel}","templated":true}]}}