{"id":6183,"date":"2022-10-08T23:46:39","date_gmt":"2022-10-08T23:46:39","guid":{"rendered":"http:\/\/carmogepereira.pt\/vaiserperfeito\/?post_type=product&#038;p=6183"},"modified":"2023-12-13T15:46:22","modified_gmt":"2023-12-13T15:46:22","slug":"mazeheadharnesscatearsbi","status":"publish","type":"product","link":"https:\/\/carmogepereira.pt\/pt\/shop\/mazeheadharnesscatearsbi\/","title":{"rendered":"MAZE Head harness with cat ears Bijoux Indiscrets"},"content":{"rendered":"<p><b><span data-contrast=\"auto\">Caracter\u00edsticas:<\/span><\/b><span data-ccp-props=\"{&quot;201341983&quot;:0,&quot;335559739&quot;:160,&quot;335559740&quot;:259}\">\u00a0<\/span><\/p>\n<p>Ideal para decorar o cabelo.<\/p>\n<p>Crie os teus trajes mais selvagens com estas 'orelhas de gato'.<\/p>\n<p>Correias ajust\u00e1veis.<\/p>\n<p>A correia com as 'orelhas' colocadas pode ser movida para tr\u00e1s ou para a frente.<\/p>\n<p>Emparelha com a Colec\u00e7\u00e3o MAZE.<\/p>\n<p><b><span data-contrast=\"auto\">Dimens\u00f5es do Produto:<\/span><\/b><\/p>\n<p>Min 54cm Max 62cm<\/p>\n<p><b><span data-contrast=\"auto\">Conte\u00fado:<\/span><\/b><span data-ccp-props=\"{&quot;201341983&quot;:0,&quot;335559739&quot;:160,&quot;335559740&quot;:259}\">\u00a0<\/span><\/p>\n<p>1x Pe\u00e7a para a cabe\u00e7a<\/p>\n<p><b><span data-contrast=\"auto\">Materiais:<\/span><\/b><\/p>\n<p><span data-ccp-props=\"{&quot;201341983&quot;:0,&quot;335559739&quot;:160,&quot;335559740&quot;:259}\">Couro Vegan, Metal Isento de n\u00edquel.<\/span><\/p>","protected":false},"excerpt":{"rendered":"<p>Este acess\u00f3rio verdadeiramente \u00fanico \u00e9 ideal para decorar o teu cabelo. Crie os teus trajes mais selvagens com estas 'orelhas de gato'.<\/p>\n<p><strong>Vegan aprovado pela PETA.<\/strong><\/p>","protected":false},"featured_media":6186,"comment_status":"open","ping_status":"closed","template":"","meta":{"_acf_changed":false},"pwb-brand":[340],"product_brand":[],"product_cat":[113,155,492,380,127,555],"product_tag":[530,531,356,534,227],"class_list":{"0":"post-6183","1":"product","2":"type-product","3":"status-publish","4":"has-post-thumbnail","6":"pwb-brand-bijouxindiscrets","7":"product_cat-accessorieskink","8":"product_cat-packs-promos","9":"product_cat-promos","10":"product_cat-upperbody","11":"product_cat-wearables","12":"product_cat-readytoship","13":"product_tag-head-piece","14":"product_tag-mask","15":"product_tag-maze","16":"product_tag-upper-body","17":"product_tag-wearable","18":"pa_color-black","19":"nt-post-class","20":"","21":"masonry-item","22":"col-lg-6","30":"first","31":"instock","32":"sale","33":"taxable","34":"shipping-taxable","35":"purchasable","36":"product-type-simple","37":"add-to-wishlist-after_add_to_cart"},"acf":[],"brands":[{"id":340,"name":"Bijoux Indiscrets","slug":"bijouxindiscrets"}],"_links":{"self":[{"href":"https:\/\/carmogepereira.pt\/pt\/wp-json\/wp\/v2\/product\/6183","targetHints":{"allow":["GET"]}}],"collection":[{"href":"https:\/\/carmogepereira.pt\/pt\/wp-json\/wp\/v2\/product"}],"about":[{"href":"https:\/\/carmogepereira.pt\/pt\/wp-json\/wp\/v2\/types\/product"}],"replies":[{"embeddable":true,"href":"https:\/\/carmogepereira.pt\/pt\/wp-json\/wp\/v2\/comments?post=6183"}],"version-history":[{"count":0,"href":"https:\/\/carmogepereira.pt\/pt\/wp-json\/wp\/v2\/product\/6183\/revisions"}],"wp:featuredmedia":[{"embeddable":true,"href":"https:\/\/carmogepereira.pt\/pt\/wp-json\/wp\/v2\/media\/6186"}],"wp:attachment":[{"href":"https:\/\/carmogepereira.pt\/pt\/wp-json\/wp\/v2\/media?parent=6183"}],"wp:term":[{"taxonomy":"pwb-brand","embeddable":true,"href":"https:\/\/carmogepereira.pt\/pt\/wp-json\/wp\/v2\/pwb-brand?post=6183"},{"taxonomy":"product_brand","embeddable":true,"href":"https:\/\/carmogepereira.pt\/pt\/wp-json\/wp\/v2\/product_brand?post=6183"},{"taxonomy":"product_cat","embeddable":true,"href":"https:\/\/carmogepereira.pt\/pt\/wp-json\/wp\/v2\/product_cat?post=6183"},{"taxonomy":"product_tag","embeddable":true,"href":"https:\/\/carmogepereira.pt\/pt\/wp-json\/wp\/v2\/product_tag?post=6183"}],"curies":[{"name":"wp","href":"https:\/\/api.w.org\/{rel}","templated":true}]}}