{"id":6200,"date":"2022-10-09T00:57:05","date_gmt":"2022-10-09T00:57:05","guid":{"rendered":"http:\/\/carmogepereira.pt\/vaiserperfeito\/?post_type=product&#038;p=6200"},"modified":"2024-03-01T14:17:44","modified_gmt":"2024-03-01T14:17:44","slug":"mazebackleggarterbi","status":"publish","type":"product","link":"https:\/\/carmogepereira.pt\/pt\/shop\/mazebackleggarterbi\/","title":{"rendered":"MAZE Back Leg Garter Bijoux Indiscrets"},"content":{"rendered":"<p><b><span data-contrast=\"auto\">Caracter\u00edsticas:<\/span><\/b><\/p>\n<p>Correias ajust\u00e1veis.<\/p>\n<p>Emparelha com a Colec\u00e7\u00e3o MAZE.<\/p>\n<p>Um toque rebelde nas tuas pernas, cal\u00e7as ou meias.<\/p>\n<p><b><span data-contrast=\"auto\">Dimens\u00f5es do Produto:<\/span><\/b><\/p>\n<p>Abaixo do Joelho 29cm-35cm<\/p>\n<p>Em volta dos tornozelos 17cm-25cm.<\/p>\n<p><b><span data-contrast=\"auto\">Conte\u00fado:<\/span><\/b><span data-ccp-props=\"{&quot;201341983&quot;:0,&quot;335559739&quot;:160,&quot;335559740&quot;:259}\">\u00a0<\/span><\/p>\n<p>2x Leg Garters.<\/p>\n<p><b><span data-contrast=\"auto\">Materiais:<\/span><\/b><\/p>\n<p>Couro Vegan, Metal Isento de n\u00edquel.<\/p>","protected":false},"excerpt":{"rendered":"<p>Este acess\u00f3rio enfeita as tuas pernas de forma original, podes us\u00e1-lo sobre pele nua, com meias ou com as cal\u00e7as de ganga que tanto gostas. As correias que envolvem as suas pernas s\u00e3o ajust\u00e1veis. Come\u00e7a por ajustar a cinta mais comprida \u00e0 volta do joelho e depois ajusta a mais curta \u00e0 volta do tornozelo.<\/p>\n<p>As ligas Maze s\u00e3o acess\u00f3rios muito sensuais que n\u00e3o s\u00e3o apenas para a privacidade do quarto. D\u00e1 um toque rebelde \u00e0s tuas pernas, cal\u00e7as ou meias com estas ligas de joelho e tornozelo.<\/p>","protected":false},"featured_media":6202,"comment_status":"open","ping_status":"closed","template":"","meta":{"_acf_changed":false},"pwb-brand":[340],"product_brand":[],"product_cat":[113,381,155,492,127],"product_tag":[536,356,227],"class_list":{"0":"post-6200","1":"product","2":"type-product","3":"status-publish","4":"has-post-thumbnail","6":"pwb-brand-bijouxindiscrets","7":"product_cat-accessorieskink","8":"product_cat-lower_body","9":"product_cat-packs-promos","10":"product_cat-promos","11":"product_cat-wearables","12":"product_tag-lower-body","13":"product_tag-maze","14":"product_tag-wearable","15":"pa_color-black","16":"nt-post-class","17":"","18":"masonry-item","19":"col-lg-6","27":"first","28":"instock","29":"sale","30":"taxable","31":"shipping-taxable","32":"purchasable","33":"product-type-simple","34":"add-to-wishlist-after_add_to_cart"},"acf":[],"brands":[{"id":340,"name":"Bijoux Indiscrets","slug":"bijouxindiscrets"}],"_links":{"self":[{"href":"https:\/\/carmogepereira.pt\/pt\/wp-json\/wp\/v2\/product\/6200","targetHints":{"allow":["GET"]}}],"collection":[{"href":"https:\/\/carmogepereira.pt\/pt\/wp-json\/wp\/v2\/product"}],"about":[{"href":"https:\/\/carmogepereira.pt\/pt\/wp-json\/wp\/v2\/types\/product"}],"replies":[{"embeddable":true,"href":"https:\/\/carmogepereira.pt\/pt\/wp-json\/wp\/v2\/comments?post=6200"}],"version-history":[{"count":0,"href":"https:\/\/carmogepereira.pt\/pt\/wp-json\/wp\/v2\/product\/6200\/revisions"}],"wp:featuredmedia":[{"embeddable":true,"href":"https:\/\/carmogepereira.pt\/pt\/wp-json\/wp\/v2\/media\/6202"}],"wp:attachment":[{"href":"https:\/\/carmogepereira.pt\/pt\/wp-json\/wp\/v2\/media?parent=6200"}],"wp:term":[{"taxonomy":"pwb-brand","embeddable":true,"href":"https:\/\/carmogepereira.pt\/pt\/wp-json\/wp\/v2\/pwb-brand?post=6200"},{"taxonomy":"product_brand","embeddable":true,"href":"https:\/\/carmogepereira.pt\/pt\/wp-json\/wp\/v2\/product_brand?post=6200"},{"taxonomy":"product_cat","embeddable":true,"href":"https:\/\/carmogepereira.pt\/pt\/wp-json\/wp\/v2\/product_cat?post=6200"},{"taxonomy":"product_tag","embeddable":true,"href":"https:\/\/carmogepereira.pt\/pt\/wp-json\/wp\/v2\/product_tag?post=6200"}],"curies":[{"name":"wp","href":"https:\/\/api.w.org\/{rel}","templated":true}]}}