{"id":6251,"date":"2022-10-09T04:30:05","date_gmt":"2022-10-09T04:30:05","guid":{"rendered":"http:\/\/carmogepereira.pt\/vaiserperfeito\/?post_type=product&#038;p=6251"},"modified":"2024-03-01T14:19:21","modified_gmt":"2024-03-01T14:19:21","slug":"mazeshortsgarterbi","status":"publish","type":"product","link":"https:\/\/carmogepereira.pt\/pt\/shop\/mazeshortsgarterbi\/","title":{"rendered":"MAZE Shorts Garter Bijoux Indiscrets"},"content":{"rendered":"<p><b><span data-contrast=\"auto\">Caracter\u00edsticas:<\/span><\/b><span data-ccp-props=\"{&quot;201341983&quot;:0,&quot;335559739&quot;:160,&quot;335559740&quot;:259}\">\u00a0<\/span><\/p>\n<p>Correias ajust\u00e1veis.<\/p>\n<p>Emparelha com a Colec\u00e7\u00e3o MAZE.<\/p>\n<p>Um toque rebelde nos seus cal\u00e7\u00f5es ou cal\u00e7as.<\/p>\n<p><b><span data-contrast=\"auto\">Dimens\u00f5es do Produto:<\/span><\/b><\/p>\n<p>Circunfer\u00eancia 43cm-57cm<\/p>\n<p>2 extensores adicionais: 25cm.<\/p>\n<p><b><span data-contrast=\"auto\">Conte\u00fado:<\/span><\/b><span data-ccp-props=\"{&quot;201341983&quot;:0,&quot;335559739&quot;:160,&quot;335559740&quot;:259}\">\u00a0<\/span><\/p>\n<p>2x ligas.<\/p>\n<p><b><span data-contrast=\"auto\">Materiais:<\/span><\/b><\/p>\n<p>Couro Vegan, Metal Isento de n\u00edquel.<\/p>","protected":false},"excerpt":{"rendered":"<p>Um acess\u00f3rio not\u00e1vel. Uma liga rebelde que n\u00e3o deve ser confinada \u00e0 privacidade do quarto. Leva a sensualidade para as ruas!<\/p>","protected":false},"featured_media":6254,"comment_status":"open","ping_status":"closed","template":"","meta":{"_acf_changed":false},"pwb-brand":[],"product_brand":[],"product_cat":[113,381,155,492,127],"product_tag":[536,356,227],"class_list":{"0":"post-6251","1":"product","2":"type-product","3":"status-publish","4":"has-post-thumbnail","6":"product_cat-accessorieskink","7":"product_cat-lower_body","8":"product_cat-packs-promos","9":"product_cat-promos","10":"product_cat-wearables","11":"product_tag-lower-body","12":"product_tag-maze","13":"product_tag-wearable","14":"pa_color-black","15":"nt-post-class","16":"","17":"masonry-item","18":"col-lg-6","26":"first","27":"instock","28":"sale","29":"taxable","30":"shipping-taxable","31":"purchasable","32":"product-type-simple","33":"add-to-wishlist-after_add_to_cart"},"acf":[],"brands":[],"_links":{"self":[{"href":"https:\/\/carmogepereira.pt\/pt\/wp-json\/wp\/v2\/product\/6251","targetHints":{"allow":["GET"]}}],"collection":[{"href":"https:\/\/carmogepereira.pt\/pt\/wp-json\/wp\/v2\/product"}],"about":[{"href":"https:\/\/carmogepereira.pt\/pt\/wp-json\/wp\/v2\/types\/product"}],"replies":[{"embeddable":true,"href":"https:\/\/carmogepereira.pt\/pt\/wp-json\/wp\/v2\/comments?post=6251"}],"version-history":[{"count":0,"href":"https:\/\/carmogepereira.pt\/pt\/wp-json\/wp\/v2\/product\/6251\/revisions"}],"wp:featuredmedia":[{"embeddable":true,"href":"https:\/\/carmogepereira.pt\/pt\/wp-json\/wp\/v2\/media\/6254"}],"wp:attachment":[{"href":"https:\/\/carmogepereira.pt\/pt\/wp-json\/wp\/v2\/media?parent=6251"}],"wp:term":[{"taxonomy":"pwb-brand","embeddable":true,"href":"https:\/\/carmogepereira.pt\/pt\/wp-json\/wp\/v2\/pwb-brand?post=6251"},{"taxonomy":"product_brand","embeddable":true,"href":"https:\/\/carmogepereira.pt\/pt\/wp-json\/wp\/v2\/product_brand?post=6251"},{"taxonomy":"product_cat","embeddable":true,"href":"https:\/\/carmogepereira.pt\/pt\/wp-json\/wp\/v2\/product_cat?post=6251"},{"taxonomy":"product_tag","embeddable":true,"href":"https:\/\/carmogepereira.pt\/pt\/wp-json\/wp\/v2\/product_tag?post=6251"}],"curies":[{"name":"wp","href":"https:\/\/api.w.org\/{rel}","templated":true}]}}