{"id":6278,"date":"2022-10-09T22:38:13","date_gmt":"2022-10-09T22:38:13","guid":{"rendered":"http:\/\/carmogepereira.pt\/vaiserperfeito\/?post_type=product&#038;p=6278"},"modified":"2025-12-11T15:07:12","modified_gmt":"2025-12-11T15:07:12","slug":"enchantedfeatherticklersm","status":"publish","type":"product","link":"https:\/\/carmogepereira.pt\/pt\/shop\/enchantedfeatherticklersm\/","title":{"rendered":"Enchanted Feather Tickler S&#038;M"},"content":{"rendered":"<p><b><span data-contrast=\"auto\">Caracter\u00edsticas:<\/span><\/b><span data-ccp-props=\"{&quot;201341983&quot;:0,&quot;335559739&quot;:160,&quot;335559740&quot;:259}\">\u00a0<\/span><\/p>\n<p>Emparelha com a colec\u00e7\u00e3o Enchanted.<\/p>\n<p>Melhora as brincadeiras de impacto com uma sensa\u00e7\u00e3o focada, Enchanted Feather Tickler.<\/p>\n<p>Introduz o golpe suave da pena bordeaux em todas as zonas er\u00f3genas e depois faz c\u00f3cegas com os fios de silicone.<\/p>\n<p>Intensifica as brincadeiras no quarto com car\u00edcias suaves ou aumenta a sensa\u00e7\u00e3o com estalidos mais acentuados das tiras de silicone.<\/p>\n<p>Pede \u00e0 outra pessoa para usar uma venda enquanto fazes c\u00f3cegas no corpo para uma intensa sensa\u00e7\u00e3o de brincadeira.<\/p>\n<p><b><span data-contrast=\"auto\">Dimens\u00f5es do Produto:<\/span><\/b><\/p>\n<p>57cm total, penas 13cm, pau 22cm, cord\u00f5es 23cm.<\/p>\n<p><b><span data-contrast=\"auto\">Conte\u00fado:<\/span><\/b><span data-ccp-props=\"{&quot;201341983&quot;:0,&quot;335559739&quot;:160,&quot;335559740&quot;:259}\">\u00a0<\/span><\/p>\n<p>1x tickler de silicone e penas.<\/p>\n<p><b><span data-contrast=\"auto\">Materiais:<\/span><\/b><\/p>\n<p><span data-ccp-props=\"{&quot;201341983&quot;:0,&quot;335559739&quot;:160,&quot;335559740&quot;:259}\">40% Penas, 40% Silicone, 20% PVC sem ftalatos.<\/span><\/p>","protected":false},"excerpt":{"rendered":"<p>Faz c\u00f3cegas, provoca e seduz para uma excita\u00e7\u00e3o desenfreada. Acaricia cada curva em complac\u00eancia...e depois chicotei-a at\u00e9 \u00e0 submiss\u00e3o com este Tickler de Pena Encantada de dupla ac\u00e7\u00e3o perversa. O toque de delicadas penas e ferroadas de fios de silicone levando ao limite.<\/p>\n<p>O equil\u00edbrio perfeito entre suave e marcante, este utens\u00edlio de deleite funciona bem com o resto da Enchanted Collection - e at\u00e9 vem completo com um guia de actividades l\u00fadicas para fazer c\u00f3cegas \u00e0s pessoas parceiras.<\/p>","protected":false},"featured_media":6281,"comment_status":"open","ping_status":"closed","template":"","meta":{"_acf_changed":false},"pwb-brand":[348,347],"product_brand":[],"product_cat":[113,122,119,120],"product_tag":[255,243,529,257,250],"class_list":{"0":"post-6278","1":"product","2":"type-product","3":"status-publish","4":"has-post-thumbnail","6":"pwb-brand-sexmischief","7":"pwb-brand-sportsheets","8":"product_cat-accessorieskink","9":"product_cat-feathers-pinwheels","10":"product_cat-whipsfeathers","11":"product_cat-whipsandcanes","12":"product_tag-enchanted","13":"product_tag-feather-tickler","14":"product_tag-flogger-or-whip","15":"product_tag-impact-play","16":"product_tag-sensory-play","17":"pa_color-red","18":"nt-post-class","19":"","20":"masonry-item","21":"col-lg-6","29":"first","30":"outofstock","31":"taxable","32":"shipping-taxable","33":"purchasable","34":"product-type-simple","35":"add-to-wishlist-after_add_to_cart"},"acf":[],"brands":[{"id":348,"name":"Sex &amp; Mischief","slug":"sexmischief"},{"id":347,"name":"Sportsheets","slug":"sportsheets"}],"_links":{"self":[{"href":"https:\/\/carmogepereira.pt\/pt\/wp-json\/wp\/v2\/product\/6278","targetHints":{"allow":["GET"]}}],"collection":[{"href":"https:\/\/carmogepereira.pt\/pt\/wp-json\/wp\/v2\/product"}],"about":[{"href":"https:\/\/carmogepereira.pt\/pt\/wp-json\/wp\/v2\/types\/product"}],"replies":[{"embeddable":true,"href":"https:\/\/carmogepereira.pt\/pt\/wp-json\/wp\/v2\/comments?post=6278"}],"version-history":[{"count":0,"href":"https:\/\/carmogepereira.pt\/pt\/wp-json\/wp\/v2\/product\/6278\/revisions"}],"wp:featuredmedia":[{"embeddable":true,"href":"https:\/\/carmogepereira.pt\/pt\/wp-json\/wp\/v2\/media\/6281"}],"wp:attachment":[{"href":"https:\/\/carmogepereira.pt\/pt\/wp-json\/wp\/v2\/media?parent=6278"}],"wp:term":[{"taxonomy":"pwb-brand","embeddable":true,"href":"https:\/\/carmogepereira.pt\/pt\/wp-json\/wp\/v2\/pwb-brand?post=6278"},{"taxonomy":"product_brand","embeddable":true,"href":"https:\/\/carmogepereira.pt\/pt\/wp-json\/wp\/v2\/product_brand?post=6278"},{"taxonomy":"product_cat","embeddable":true,"href":"https:\/\/carmogepereira.pt\/pt\/wp-json\/wp\/v2\/product_cat?post=6278"},{"taxonomy":"product_tag","embeddable":true,"href":"https:\/\/carmogepereira.pt\/pt\/wp-json\/wp\/v2\/product_tag?post=6278"}],"curies":[{"name":"wp","href":"https:\/\/api.w.org\/{rel}","templated":true}]}}