{"id":6284,"date":"2022-10-09T23:01:14","date_gmt":"2022-10-09T23:01:14","guid":{"rendered":"http:\/\/carmogepereira.pt\/vaiserperfeito\/?post_type=product&#038;p=6284"},"modified":"2024-03-01T14:19:22","modified_gmt":"2024-03-01T14:19:22","slug":"pleasure-feather-sportsheets","status":"publish","type":"product","link":"https:\/\/carmogepereira.pt\/pt\/shop\/pleasure-feather-sportsheets\/","title":{"rendered":"Pleasure Feather Sportsheets"},"content":{"rendered":"<p><strong>Cores:<\/strong><\/p>\n<p>Preto, Rosa, Vermelho.<\/p>\n<p><b><span data-contrast=\"auto\">Caracter\u00edsticas:<\/span><\/b><span data-ccp-props=\"{&quot;201341983&quot;:0,&quot;335559739&quot;:160,&quot;335559740&quot;:259}\">\u00a0<\/span><\/p>\n<p>Tickler miniatura, penas longas.<\/p>\n<p>Enrola o cord\u00e3o \u00e0 volta do pulso.<\/p>\n<p>Dispon\u00edvel em tr\u00eas cores.<\/p>\n<p>Perfeito para pesco\u00e7o, mamilos, coxas, p\u00e9s, e tudo o que se encontra entre eles.<\/p>\n<p><b><span data-contrast=\"auto\">Conte\u00fado:<\/span><\/b><span data-ccp-props=\"{&quot;201341983&quot;:0,&quot;335559739&quot;:160,&quot;335559740&quot;:259}\">\u00a0<\/span><\/p>\n<p>1x tickler.<\/p>\n<p><b><span data-contrast=\"auto\">Materiais:<\/span><\/b><span data-ccp-props=\"{&quot;201341983&quot;:0,&quot;335559739&quot;:160,&quot;335559740&quot;:259}\">\u00a0<\/span><\/p>\n<p>Pena, Cord\u00e3o de Nylon, Tampa de Borracha.<\/p>","protected":false},"excerpt":{"rendered":"<p>Este tickler miniatura apresentam penas longas que ir\u00e3o explorar cada cent\u00edmetro de intimidade: pesco\u00e7o, mamilos, coxas, p\u00e9s, e tudo o que estiver entre eles. N\u00e3o h\u00e1 nada como provocar arrepios e gemidos do sujeito da tua afei\u00e7\u00e3o, levando ao limite do que pensavam ser poss\u00edvel. Dispon\u00edvel em tr\u00eas cores, esta ferramenta suave e sensual pode ser usada para acessorizar as tuas roupas de quarto preferidas, desde lingerie a figurinos de roleplay. Basta enrolar o cord\u00e3o \u00e0 volta do teu pulso para manter a excita\u00e7\u00e3o instant\u00e2nea \u00e0 m\u00e3o.<\/p>","protected":false},"featured_media":6289,"comment_status":"open","ping_status":"closed","template":"","meta":{"_acf_changed":false},"pwb-brand":[347],"product_brand":[],"product_cat":[113,122,119],"product_tag":[243,250],"class_list":{"0":"post-6284","1":"product","2":"type-product","3":"status-publish","4":"has-post-thumbnail","6":"pwb-brand-sportsheets","7":"product_cat-accessorieskink","8":"product_cat-feathers-pinwheels","9":"product_cat-whipsfeathers","10":"product_tag-feather-tickler","11":"product_tag-sensory-play","12":"pa_color-black","13":"pa_color-pink","14":"pa_color-red","15":"nt-post-class","16":"","17":"masonry-item","18":"col-lg-6","26":"first","27":"instock","28":"taxable","29":"shipping-taxable","30":"purchasable","31":"product-type-variable","32":"has-default-attributes","33":"add-to-wishlist-after_add_to_cart"},"acf":[],"brands":[{"id":347,"name":"Sportsheets","slug":"sportsheets"}],"_links":{"self":[{"href":"https:\/\/carmogepereira.pt\/pt\/wp-json\/wp\/v2\/product\/6284","targetHints":{"allow":["GET"]}}],"collection":[{"href":"https:\/\/carmogepereira.pt\/pt\/wp-json\/wp\/v2\/product"}],"about":[{"href":"https:\/\/carmogepereira.pt\/pt\/wp-json\/wp\/v2\/types\/product"}],"replies":[{"embeddable":true,"href":"https:\/\/carmogepereira.pt\/pt\/wp-json\/wp\/v2\/comments?post=6284"}],"version-history":[{"count":0,"href":"https:\/\/carmogepereira.pt\/pt\/wp-json\/wp\/v2\/product\/6284\/revisions"}],"wp:featuredmedia":[{"embeddable":true,"href":"https:\/\/carmogepereira.pt\/pt\/wp-json\/wp\/v2\/media\/6289"}],"wp:attachment":[{"href":"https:\/\/carmogepereira.pt\/pt\/wp-json\/wp\/v2\/media?parent=6284"}],"wp:term":[{"taxonomy":"pwb-brand","embeddable":true,"href":"https:\/\/carmogepereira.pt\/pt\/wp-json\/wp\/v2\/pwb-brand?post=6284"},{"taxonomy":"product_brand","embeddable":true,"href":"https:\/\/carmogepereira.pt\/pt\/wp-json\/wp\/v2\/product_brand?post=6284"},{"taxonomy":"product_cat","embeddable":true,"href":"https:\/\/carmogepereira.pt\/pt\/wp-json\/wp\/v2\/product_cat?post=6284"},{"taxonomy":"product_tag","embeddable":true,"href":"https:\/\/carmogepereira.pt\/pt\/wp-json\/wp\/v2\/product_tag?post=6284"}],"curies":[{"name":"wp","href":"https:\/\/api.w.org\/{rel}","templated":true}]}}