{"id":6296,"date":"2022-10-09T23:44:34","date_gmt":"2022-10-09T23:44:34","guid":{"rendered":"http:\/\/carmogepereira.pt\/vaiserperfeito\/?post_type=product&#038;p=6296"},"modified":"2025-12-11T15:07:12","modified_gmt":"2025-12-11T15:07:12","slug":"shadowropefloggersm","status":"publish","type":"product","link":"https:\/\/carmogepereira.pt\/pt\/shop\/shadowropefloggersm\/","title":{"rendered":"Shadow Rope Flogger S&#038;M"},"content":{"rendered":"<p><b><span data-contrast=\"auto\">Caracter\u00edsticas:<\/span><\/b><span data-ccp-props=\"{&quot;201341983&quot;:0,&quot;335559739&quot;:160,&quot;335559740&quot;:259}\">\u00a0<\/span><\/p>\n<p>Chicote simples.<\/p>\n<p>Ideal para a pr\u00e1tica de BDSM.<\/p>\n<p>Para golpes suaves ou espancamento intenso.<\/p>\n<p>Muito leve.<\/p>\n<p>Suave e agrad\u00e1vel ao toque.<\/p>\n<p>Punho resistente.<\/p>\n<p>Punho firme.<\/p>\n<p>8 pontas desfiadas.<\/p>\n<p>Pontas espessas.<\/p>\n<p>Anel na pega para pendurar.<\/p>\n<p><b><span data-contrast=\"auto\">Dimens\u00f5es do Produto:<\/span><\/b><\/p>\n<p>46cm de comprimento total<\/p>\n<p>Cabo de 10cm<\/p>\n<p>Tiras desgastadas de 36cm.<\/p>\n<p><b><span data-contrast=\"auto\">Conte\u00fado:<\/span><\/b><span data-ccp-props=\"{&quot;201341983&quot;:0,&quot;335559739&quot;:160,&quot;335559740&quot;:259}\">\u00a0<\/span><\/p>\n<p>1x chicote<\/p>\n<p><b><span data-contrast=\"auto\">Materiais:<\/span><\/b><\/p>\n<p><span data-ccp-props=\"{&quot;201341983&quot;:0,&quot;335559739&quot;:160,&quot;335559740&quot;:259}\">Corda.\u00a0<\/span><\/p>","protected":false},"excerpt":{"rendered":"<p>Shadow Rope Flogger \u00e9 um chicote com um design muito simples e leve, ideal para jogos BDSM.<\/p>\n<p>Realmente suave e agrad\u00e1vel ao toque, ideal para pancadas ou espancamentos mais intensos. A pega \u00e9 resistente e proporciona uma ader\u00eancia firme e as pontas s\u00e3o esgar\u00e7adas com 8 pontas grossas. Tem um anel na extremidade para pendurar para guardar. \nBrinca sempre com comunica\u00e7\u00e3o e responsabilidade.<\/p>","protected":false},"featured_media":6298,"comment_status":"open","ping_status":"closed","template":"","meta":{"_acf_changed":false},"pwb-brand":[348,347],"product_brand":[],"product_cat":[113,119,120],"product_tag":[213,225,529,257,357],"class_list":{"0":"post-6296","1":"product","2":"type-product","3":"status-publish","4":"has-post-thumbnail","6":"pwb-brand-sexmischief","7":"pwb-brand-sportsheets","8":"product_cat-accessorieskink","9":"product_cat-whipsfeathers","10":"product_cat-whipsandcanes","11":"product_tag-bdsm","12":"product_tag-body","13":"product_tag-flogger-or-whip","14":"product_tag-impact-play","15":"product_tag-shadow_collection","16":"pa_color-black","17":"nt-post-class","18":"","19":"masonry-item","20":"col-lg-6","28":"first","29":"outofstock","30":"taxable","31":"shipping-taxable","32":"purchasable","33":"product-type-simple","34":"add-to-wishlist-after_add_to_cart"},"acf":[],"brands":[{"id":348,"name":"Sex &amp; Mischief","slug":"sexmischief"},{"id":347,"name":"Sportsheets","slug":"sportsheets"}],"_links":{"self":[{"href":"https:\/\/carmogepereira.pt\/pt\/wp-json\/wp\/v2\/product\/6296","targetHints":{"allow":["GET"]}}],"collection":[{"href":"https:\/\/carmogepereira.pt\/pt\/wp-json\/wp\/v2\/product"}],"about":[{"href":"https:\/\/carmogepereira.pt\/pt\/wp-json\/wp\/v2\/types\/product"}],"replies":[{"embeddable":true,"href":"https:\/\/carmogepereira.pt\/pt\/wp-json\/wp\/v2\/comments?post=6296"}],"version-history":[{"count":0,"href":"https:\/\/carmogepereira.pt\/pt\/wp-json\/wp\/v2\/product\/6296\/revisions"}],"wp:featuredmedia":[{"embeddable":true,"href":"https:\/\/carmogepereira.pt\/pt\/wp-json\/wp\/v2\/media\/6298"}],"wp:attachment":[{"href":"https:\/\/carmogepereira.pt\/pt\/wp-json\/wp\/v2\/media?parent=6296"}],"wp:term":[{"taxonomy":"pwb-brand","embeddable":true,"href":"https:\/\/carmogepereira.pt\/pt\/wp-json\/wp\/v2\/pwb-brand?post=6296"},{"taxonomy":"product_brand","embeddable":true,"href":"https:\/\/carmogepereira.pt\/pt\/wp-json\/wp\/v2\/product_brand?post=6296"},{"taxonomy":"product_cat","embeddable":true,"href":"https:\/\/carmogepereira.pt\/pt\/wp-json\/wp\/v2\/product_cat?post=6296"},{"taxonomy":"product_tag","embeddable":true,"href":"https:\/\/carmogepereira.pt\/pt\/wp-json\/wp\/v2\/product_tag?post=6296"}],"curies":[{"name":"wp","href":"https:\/\/api.w.org\/{rel}","templated":true}]}}