{"id":6320,"date":"2022-10-10T19:08:57","date_gmt":"2022-10-10T19:08:57","guid":{"rendered":"http:\/\/carmogepereira.pt\/vaiserperfeito\/?post_type=product&#038;p=6320"},"modified":"2024-03-01T14:19:16","modified_gmt":"2024-03-01T14:19:16","slug":"largewhipsp","status":"publish","type":"product","link":"https:\/\/carmogepereira.pt\/pt\/shop\/largewhipsp\/","title":{"rendered":"Large Whip Sportsheets"},"content":{"rendered":"<p><b><span data-contrast=\"auto\">Caracter\u00edsticas:<\/span><\/b><span data-ccp-props=\"{&quot;201341983&quot;:0,&quot;335559739&quot;:160,&quot;335559740&quot;:259}\">\u00a0<\/span><\/p>\n<p>Chicote largo de silicone proporcional.<\/p>\n<p>Os fios de silicone asseguram durabilidade e flexibilidade.<\/p>\n<p><b><span data-contrast=\"auto\">Dimens\u00f5es do Produto:<\/span><\/b><\/p>\n<p>55.8cm<\/p>\n<p><b><span data-contrast=\"auto\">Conte\u00fado:<\/span><\/b><span data-ccp-props=\"{&quot;201341983&quot;:0,&quot;335559739&quot;:160,&quot;335559740&quot;:259}\">\u00a0<\/span><\/p>\n<p>1x chicote<\/p>\n<p><b><span data-contrast=\"auto\">Materiais:<\/span><\/b><\/p>\n<p>75% Silicone, 12% Pl\u00e1stico ABS, 10% Acr\u00edlico, 3% Poli\u00e9ster.<\/p>","protected":false},"excerpt":{"rendered":"<p>Satisfaz as tuas fantasias de S&amp;M com este chicote de silicone amplo e proporcional. Surpreende com c\u00f3cegas tantalizantes e depois leva \u00e0 submiss\u00e3o. Adiciona uma venda, algemas, e at\u00e9 uma gag ball para completar a atmosfera da cena, explorando elementos de prazer e dor, poder e confian\u00e7a. Quanto \u00e9 que algu\u00e9m pode aguentar antes de exigir uma abordagem mais pr\u00e1tica? Os fios de silicone asseguram durabilidade e flexibilidade. Que a divers\u00e3o comece!<\/p>","protected":false},"featured_media":6322,"comment_status":"open","ping_status":"closed","template":"","meta":{"_acf_changed":false},"pwb-brand":[347],"product_brand":[],"product_cat":[113,119,120],"product_tag":[213,225,529,257],"class_list":{"0":"post-6320","1":"product","2":"type-product","3":"status-publish","4":"has-post-thumbnail","6":"pwb-brand-sportsheets","7":"product_cat-accessorieskink","8":"product_cat-whipsfeathers","9":"product_cat-whipsandcanes","10":"product_tag-bdsm","11":"product_tag-body","12":"product_tag-flogger-or-whip","13":"product_tag-impact-play","14":"pa_color-black","15":"nt-post-class","16":"","17":"masonry-item","18":"col-lg-6","26":"first","27":"instock","28":"taxable","29":"shipping-taxable","30":"purchasable","31":"product-type-simple","32":"add-to-wishlist-after_add_to_cart"},"acf":[],"brands":[{"id":347,"name":"Sportsheets","slug":"sportsheets"}],"_links":{"self":[{"href":"https:\/\/carmogepereira.pt\/pt\/wp-json\/wp\/v2\/product\/6320","targetHints":{"allow":["GET"]}}],"collection":[{"href":"https:\/\/carmogepereira.pt\/pt\/wp-json\/wp\/v2\/product"}],"about":[{"href":"https:\/\/carmogepereira.pt\/pt\/wp-json\/wp\/v2\/types\/product"}],"replies":[{"embeddable":true,"href":"https:\/\/carmogepereira.pt\/pt\/wp-json\/wp\/v2\/comments?post=6320"}],"version-history":[{"count":0,"href":"https:\/\/carmogepereira.pt\/pt\/wp-json\/wp\/v2\/product\/6320\/revisions"}],"wp:featuredmedia":[{"embeddable":true,"href":"https:\/\/carmogepereira.pt\/pt\/wp-json\/wp\/v2\/media\/6322"}],"wp:attachment":[{"href":"https:\/\/carmogepereira.pt\/pt\/wp-json\/wp\/v2\/media?parent=6320"}],"wp:term":[{"taxonomy":"pwb-brand","embeddable":true,"href":"https:\/\/carmogepereira.pt\/pt\/wp-json\/wp\/v2\/pwb-brand?post=6320"},{"taxonomy":"product_brand","embeddable":true,"href":"https:\/\/carmogepereira.pt\/pt\/wp-json\/wp\/v2\/product_brand?post=6320"},{"taxonomy":"product_cat","embeddable":true,"href":"https:\/\/carmogepereira.pt\/pt\/wp-json\/wp\/v2\/product_cat?post=6320"},{"taxonomy":"product_tag","embeddable":true,"href":"https:\/\/carmogepereira.pt\/pt\/wp-json\/wp\/v2\/product_tag?post=6320"}],"curies":[{"name":"wp","href":"https:\/\/api.w.org\/{rel}","templated":true}]}}