{"id":6324,"date":"2022-10-10T22:04:05","date_gmt":"2022-10-10T22:04:05","guid":{"rendered":"http:\/\/carmogepereira.pt\/vaiserperfeito\/?post_type=product&#038;p=6324"},"modified":"2025-12-13T09:00:50","modified_gmt":"2025-12-13T09:00:50","slug":"saffronbraidedfloggersp","status":"publish","type":"product","link":"https:\/\/carmogepereira.pt\/pt\/shop\/saffronbraidedfloggersp\/","title":{"rendered":"Saffron Braided Flogger Sportsheets"},"content":{"rendered":"<p><b><span data-contrast=\"auto\">Caracter\u00edsticas:<\/span><\/b><span data-ccp-props=\"{&quot;201341983&quot;:0,&quot;335559739&quot;:160,&quot;335559740&quot;:259}\">\u00a0<\/span><\/p>\n<p><span data-contrast=\"auto\">Nove cord\u00f5es entran\u00e7ados e com pontas para sensa\u00e7\u00f5es \u00fanicas.<\/span><\/p>\n<p><span data-contrast=\"auto\">Cabo redondo confort\u00e1vel.<\/span><\/p>\n<p><span data-contrast=\"auto\">Al\u00e7a facilita pendurar para arruma\u00e7\u00e3o.<\/span><\/p>\n<p>9 tiras tran\u00e7adas em preto e vermelho.<\/p>\n<p><span data-contrast=\"auto\">Couro falso vegan.<\/span><span data-ccp-props=\"{&quot;134233279&quot;:true,&quot;201341983&quot;:0,&quot;335559739&quot;:160,&quot;335559740&quot;:259}\">\u00a0<\/span><\/p>\n<p><b><span data-contrast=\"auto\">Dimens\u00f5es do Produto:<\/span><\/b><\/p>\n<p><span data-contrast=\"auto\">Comprimento do cabo 17.78cm<\/span><span data-ccp-props=\"{&quot;134233279&quot;:true,&quot;201341983&quot;:0,&quot;335559739&quot;:160,&quot;335559740&quot;:259}\">\u00a0<\/span><\/p>\n<p><span data-contrast=\"auto\">Comprimento das tiras 43.18cm<\/span><\/p>\n<p><span data-contrast=\"auto\">Comprimento total 60.96cm.<\/span><span data-ccp-props=\"{&quot;134233279&quot;:true,&quot;201341983&quot;:0,&quot;335559739&quot;:160,&quot;335559740&quot;:259}\">\u00a0<\/span><\/p>\n<p><b><span data-contrast=\"auto\">Conte\u00fado:<\/span><\/b><span data-ccp-props=\"{&quot;201341983&quot;:0,&quot;335559739&quot;:160,&quot;335559740&quot;:259}\">\u00a0<\/span><\/p>\n<p>1x chicote tran\u00e7ado<\/p>\n<p><b><span data-contrast=\"auto\">Materiais<\/span><\/b><b><span data-contrast=\"auto\">:<\/span><\/b><\/p>\n<div id=\"shopify-section-template--15922408653041__main\" class=\"shopify-section section-product-template\">\n<div class=\"section container product-container product-container--medium\" data-section-type=\"product-template\" data-components=\"accordion\">\n<div class=\"row product-container\">\n<form id=\"product_form_6730410361011\" class=\"product-form half column\" accept-charset=\"UTF-8\" action=\"https:\/\/www.sportsheets.com\/cart\/add\" enctype=\"multipart\/form-data\" method=\"post\" data-ajax-add-to-cart=\"true\" data-product-id=\"6730410361011\" data-enable-history-state=\"true\" data-open-cart-drawer=\"true\">\n<div class=\"product-details cc-animate-init -in cc-animate-complete\" data-cc-animate=\"\" data-cc-animate-delay=\"0.5s\">\n<div class=\"product-description rte product-detail__gap-lg\" data-show-in-quickbuy=\"false\">\n<p><span data-contrast=\"auto\">65% Poliuretano, 30% ABS Pl\u00e1stico, 5% Nylon.<\/span><\/p>\n<\/div>\n<\/div>\n<\/form>\n<\/div>\n<\/div>\n<\/div>","protected":false},"excerpt":{"rendered":"<p><span class=\"TextRun BCX0 SCXW45200301\" lang=\"EN-US\" xml:lang=\"EN-US\" data-contrast=\"auto\"><span class=\"NormalTextRun BCX0 SCXW45200301\">Intensifica os jogos de impacto com o Saffron Braided Flogger. Cada uma das nove caudas deste flagelador de couro falso de malha tran\u00e7ada grossa termina numa ponta que lembra os pingalins de equita\u00e7\u00e3o, aterrando nove golpes de ferr\u00e3o perfeitos em qualquer parte do corpo que assim deseje. Quedas mais pesadas significam uma picada mais feroz do que os chicotes macios padr\u00e3o, fazendo do Saffron Braided Flogger o instrumento de prazer perfeito para levar os castigos e puni\u00e7\u00f5es para o n\u00edvel seguinte.<\/span><\/span><span class=\"LineBreakBlob BlobObject DragDrop BCX0 SCXW45200301\"><span class=\"BCX0 SCXW45200301\">\u00a0<\/span><br class=\"BCX0 SCXW45200301\" \/><\/span><span class=\"LineBreakBlob BlobObject DragDrop BCX0 SCXW45200301\"><span class=\"BCX0 SCXW45200301\">\u00a0<\/span><br class=\"BCX0 SCXW45200301\" \/><\/span><span class=\"TextRun BCX0 SCXW45200301\" lang=\"EN-US\" xml:lang=\"EN-US\" data-contrast=\"auto\"><span class=\"NormalTextRun BCX0 SCXW45200301\">A al\u00e7a de couro falsa na base do cabo de metal sem n\u00edquel torna este chicote f\u00e1cil de guardar numa parede ou numa prancha de madeira quando se acaba de usar (ou apenas de aquecer). Mistura e combina com outros produtos da colec\u00e7\u00e3o Saffron para uma divers\u00e3o ainda mais interdita!<\/span><\/span><\/p>","protected":false},"featured_media":6327,"comment_status":"open","ping_status":"closed","template":"","meta":{"_acf_changed":false},"pwb-brand":[347],"product_brand":[],"product_cat":[113,119,120],"product_tag":[213,225,529,257,358],"class_list":{"0":"post-6324","1":"product","2":"type-product","3":"status-publish","4":"has-post-thumbnail","6":"pwb-brand-sportsheets","7":"product_cat-accessorieskink","8":"product_cat-whipsfeathers","9":"product_cat-whipsandcanes","10":"product_tag-bdsm","11":"product_tag-body","12":"product_tag-flogger-or-whip","13":"product_tag-impact-play","14":"product_tag-saffron","15":"pa_color-black","16":"pa_color-red","17":"nt-post-class","18":"","19":"masonry-item","20":"col-lg-6","28":"first","29":"outofstock","30":"taxable","31":"shipping-taxable","32":"purchasable","33":"product-type-simple","34":"add-to-wishlist-after_add_to_cart"},"acf":[],"brands":[{"id":347,"name":"Sportsheets","slug":"sportsheets"}],"_links":{"self":[{"href":"https:\/\/carmogepereira.pt\/pt\/wp-json\/wp\/v2\/product\/6324","targetHints":{"allow":["GET"]}}],"collection":[{"href":"https:\/\/carmogepereira.pt\/pt\/wp-json\/wp\/v2\/product"}],"about":[{"href":"https:\/\/carmogepereira.pt\/pt\/wp-json\/wp\/v2\/types\/product"}],"replies":[{"embeddable":true,"href":"https:\/\/carmogepereira.pt\/pt\/wp-json\/wp\/v2\/comments?post=6324"}],"version-history":[{"count":0,"href":"https:\/\/carmogepereira.pt\/pt\/wp-json\/wp\/v2\/product\/6324\/revisions"}],"wp:featuredmedia":[{"embeddable":true,"href":"https:\/\/carmogepereira.pt\/pt\/wp-json\/wp\/v2\/media\/6327"}],"wp:attachment":[{"href":"https:\/\/carmogepereira.pt\/pt\/wp-json\/wp\/v2\/media?parent=6324"}],"wp:term":[{"taxonomy":"pwb-brand","embeddable":true,"href":"https:\/\/carmogepereira.pt\/pt\/wp-json\/wp\/v2\/pwb-brand?post=6324"},{"taxonomy":"product_brand","embeddable":true,"href":"https:\/\/carmogepereira.pt\/pt\/wp-json\/wp\/v2\/product_brand?post=6324"},{"taxonomy":"product_cat","embeddable":true,"href":"https:\/\/carmogepereira.pt\/pt\/wp-json\/wp\/v2\/product_cat?post=6324"},{"taxonomy":"product_tag","embeddable":true,"href":"https:\/\/carmogepereira.pt\/pt\/wp-json\/wp\/v2\/product_tag?post=6324"}],"curies":[{"name":"wp","href":"https:\/\/api.w.org\/{rel}","templated":true}]}}