{"id":6334,"date":"2022-10-10T22:28:50","date_gmt":"2022-10-10T22:28:50","guid":{"rendered":"http:\/\/carmogepereira.pt\/vaiserperfeito\/?post_type=product&#038;p=6334"},"modified":"2024-03-01T14:19:15","modified_gmt":"2024-03-01T14:19:15","slug":"saffronfloggersp","status":"publish","type":"product","link":"https:\/\/carmogepereira.pt\/pt\/shop\/saffronfloggersp\/","title":{"rendered":"Saffron Flogger Sportsheets"},"content":{"rendered":"<p><b><span data-contrast=\"auto\">Caracter\u00edsticas:<\/span><\/b><span data-ccp-props=\"{&quot;201341983&quot;:0,&quot;335559739&quot;:160,&quot;335559740&quot;:259}\">\u00a0<\/span><\/p>\n<p><span data-contrast=\"auto\">Trinta tiras pretas e vermelhas.<\/span><\/p>\n<p><span data-contrast=\"auto\">Cabo de metal dur\u00e1vel.<\/span><\/p>\n<p><span data-contrast=\"auto\">Al\u00e7a facilita pendurar para arruma\u00e7\u00e3o.<\/span><\/p>\n<p><span data-contrast=\"auto\">Couro falso vegan.<\/span><span data-ccp-props=\"{&quot;134233279&quot;:true,&quot;201341983&quot;:0,&quot;335559739&quot;:160,&quot;335559740&quot;:259}\">\u00a0<\/span><\/p>\n<p><b><span data-contrast=\"auto\">Dimens\u00f5es do Produto:<\/span><\/b><\/p>\n<p><span data-contrast=\"auto\">Comprimento do cabo 15.24cm<\/span><span data-ccp-props=\"{&quot;134233279&quot;:true,&quot;201341983&quot;:0,&quot;335559739&quot;:160,&quot;335559740&quot;:259}\">\u00a0<\/span><\/p>\n<p><span data-contrast=\"auto\">Comprimento das tiras 43.18cm<\/span><span data-ccp-props=\"{&quot;134233279&quot;:true,&quot;201341983&quot;:0,&quot;335559739&quot;:160,&quot;335559740&quot;:259}\">\u00a0<\/span><\/p>\n<p><span data-contrast=\"auto\">Comprimento Total: 58.42cm<\/span><span data-ccp-props=\"{&quot;134233279&quot;:true,&quot;201341983&quot;:0,&quot;335559739&quot;:160,&quot;335559740&quot;:259}\">\u00a0<\/span><\/p>\n<p><b><span data-contrast=\"auto\">Conte\u00fado:<\/span><\/b><span data-ccp-props=\"{&quot;201341983&quot;:0,&quot;335559739&quot;:160,&quot;335559740&quot;:259}\">\u00a0<\/span><\/p>\n<p>1x chicote<\/p>\n<p><b><span data-contrast=\"auto\">Materiais:<\/span><\/b><\/p>\n<p>65% Poliuretano, 30% Metal sem n\u00edquel, 5% Nylon.<\/p>","protected":false},"excerpt":{"rendered":"<p>Entrega trinta beijos de picada a um traseiro - ou em qualquer outro lugar que deseje - com cada toque do Saffron Flogger. O couro falso luxuosamente longo cai em cores de assinatura da colec\u00e7\u00e3o de Saffron e flui de uma pega forte e met\u00e1lica que requer apenas uma m\u00e3o firme e capaz. Cada fio macio e flex\u00edvel do Saffron Flogger pode segredar pelo corpo ou atravess\u00e1-lo como uma mordidela.<span class=\"LineBreakBlob BlobObject DragDrop BCX0 SCXW92748305\"><span class=\"BCX0 SCXW92748305\">\u00a0<\/span><br class=\"BCX0 SCXW92748305\" \/><\/span><span class=\"LineBreakBlob BlobObject DragDrop BCX0 SCXW92748305\"><span class=\"BCX0 SCXW92748305\">\u00a0<\/span><br class=\"BCX0 SCXW92748305\" \/><\/span><span class=\"TextRun BCX0 SCXW92748305\" lang=\"EN-US\" xml:lang=\"EN-US\" data-contrast=\"auto\"><span class=\"NormalTextRun BCX0 SCXW92748305\">A al\u00e7a de couro falsa na base do cabo de metal sem n\u00edquel torna este chicote f\u00e1cil de guardar numa parede ou numa prancha de madeira quando se acaba de tocar (ou apenas de aquecer). Mistura e combina com outros produtos da colec\u00e7\u00e3o Saffron para uma divers\u00e3o ainda mais proibida!<\/span><\/span><\/p>","protected":false},"featured_media":6335,"comment_status":"open","ping_status":"closed","template":"","meta":{"_acf_changed":false},"pwb-brand":[347],"product_brand":[],"product_cat":[113,119,120],"product_tag":[213,225,529,257,358],"class_list":{"0":"post-6334","1":"product","2":"type-product","3":"status-publish","4":"has-post-thumbnail","6":"pwb-brand-sportsheets","7":"product_cat-accessorieskink","8":"product_cat-whipsfeathers","9":"product_cat-whipsandcanes","10":"product_tag-bdsm","11":"product_tag-body","12":"product_tag-flogger-or-whip","13":"product_tag-impact-play","14":"product_tag-saffron","15":"pa_color-black","16":"pa_color-red","17":"nt-post-class","18":"","19":"masonry-item","20":"col-lg-6","28":"first","29":"instock","30":"taxable","31":"shipping-taxable","32":"purchasable","33":"product-type-simple","34":"add-to-wishlist-after_add_to_cart"},"acf":[],"brands":[{"id":347,"name":"Sportsheets","slug":"sportsheets"}],"_links":{"self":[{"href":"https:\/\/carmogepereira.pt\/pt\/wp-json\/wp\/v2\/product\/6334","targetHints":{"allow":["GET"]}}],"collection":[{"href":"https:\/\/carmogepereira.pt\/pt\/wp-json\/wp\/v2\/product"}],"about":[{"href":"https:\/\/carmogepereira.pt\/pt\/wp-json\/wp\/v2\/types\/product"}],"replies":[{"embeddable":true,"href":"https:\/\/carmogepereira.pt\/pt\/wp-json\/wp\/v2\/comments?post=6334"}],"version-history":[{"count":0,"href":"https:\/\/carmogepereira.pt\/pt\/wp-json\/wp\/v2\/product\/6334\/revisions"}],"wp:featuredmedia":[{"embeddable":true,"href":"https:\/\/carmogepereira.pt\/pt\/wp-json\/wp\/v2\/media\/6335"}],"wp:attachment":[{"href":"https:\/\/carmogepereira.pt\/pt\/wp-json\/wp\/v2\/media?parent=6334"}],"wp:term":[{"taxonomy":"pwb-brand","embeddable":true,"href":"https:\/\/carmogepereira.pt\/pt\/wp-json\/wp\/v2\/pwb-brand?post=6334"},{"taxonomy":"product_brand","embeddable":true,"href":"https:\/\/carmogepereira.pt\/pt\/wp-json\/wp\/v2\/product_brand?post=6334"},{"taxonomy":"product_cat","embeddable":true,"href":"https:\/\/carmogepereira.pt\/pt\/wp-json\/wp\/v2\/product_cat?post=6334"},{"taxonomy":"product_tag","embeddable":true,"href":"https:\/\/carmogepereira.pt\/pt\/wp-json\/wp\/v2\/product_tag?post=6334"}],"curies":[{"name":"wp","href":"https:\/\/api.w.org\/{rel}","templated":true}]}}