{"id":6340,"date":"2022-10-10T23:03:10","date_gmt":"2022-10-10T23:03:10","guid":{"rendered":"http:\/\/carmogepereira.pt\/vaiserperfeito\/?post_type=product&#038;p=6340"},"modified":"2025-12-11T15:07:11","modified_gmt":"2025-12-11T15:07:11","slug":"mediumwhipsm","status":"publish","type":"product","link":"https:\/\/carmogepereira.pt\/pt\/shop\/mediumwhipsm\/","title":{"rendered":"Medium Whip S&#038;M"},"content":{"rendered":"<p><b><span data-contrast=\"auto\">Caracter\u00edsticas:<\/span><\/b><span data-ccp-props=\"{&quot;201341983&quot;:0,&quot;335559739&quot;:160,&quot;335559740&quot;:259}\">\u00a0<\/span><\/p>\n<p>Chicote de silicone de tamanho m\u00e9dio.<\/p>\n<p>Os fios de silicone asseguram durabilidade e flexibilidade.<\/p>\n<p><b><span data-contrast=\"auto\">Dimens\u00f5es do Produto:<\/span><\/b><\/p>\n<p>35.6cm.<\/p>\n<p><b><span data-contrast=\"auto\">Conte\u00fado:<\/span><\/b><span data-ccp-props=\"{&quot;201341983&quot;:0,&quot;335559739&quot;:160,&quot;335559740&quot;:259}\">\u00a0<\/span><\/p>\n<p>1x chicote m\u00e9dio.<\/p>\n<p><b><span data-contrast=\"auto\">Materiais:<\/span><\/b><\/p>\n<p>Tiras de 100% silicone, contas de madeira, fio de nylon.<\/p>","protected":false},"excerpt":{"rendered":"<p>Sobe a fasquia das fantasias de S&amp;M com este chicote de silicone de tamanho m\u00e9dio. Surpreende com c\u00f3cegas tentadoras, e depois submete enquanto ofegam de prazer. \u00c0 medida que a vossa cena se constr\u00f3i, transitam de uma car\u00edcia frisante contra as zonas mais sens\u00edveis, para uma flagela\u00e7\u00e3o picante que d\u00e1 um rubor \u00e0 pele. Os fios de silicone asseguram durabilidade e flexibilidade. Que comece a divers\u00e3o<\/p>","protected":false},"featured_media":6356,"comment_status":"open","ping_status":"closed","template":"","meta":{"_acf_changed":false},"pwb-brand":[348,347],"product_brand":[],"product_cat":[113,119,120],"product_tag":[213,225,529,257],"class_list":{"0":"post-6340","1":"product","2":"type-product","3":"status-publish","4":"has-post-thumbnail","6":"pwb-brand-sexmischief","7":"pwb-brand-sportsheets","8":"product_cat-accessorieskink","9":"product_cat-whipsfeathers","10":"product_cat-whipsandcanes","11":"product_tag-bdsm","12":"product_tag-body","13":"product_tag-flogger-or-whip","14":"product_tag-impact-play","15":"pa_color-black","16":"nt-post-class","17":"","18":"masonry-item","19":"col-lg-6","27":"first","28":"outofstock","29":"taxable","30":"shipping-taxable","31":"purchasable","32":"product-type-simple","33":"add-to-wishlist-after_add_to_cart"},"acf":[],"brands":[{"id":348,"name":"Sex &amp; Mischief","slug":"sexmischief"},{"id":347,"name":"Sportsheets","slug":"sportsheets"}],"_links":{"self":[{"href":"https:\/\/carmogepereira.pt\/pt\/wp-json\/wp\/v2\/product\/6340","targetHints":{"allow":["GET"]}}],"collection":[{"href":"https:\/\/carmogepereira.pt\/pt\/wp-json\/wp\/v2\/product"}],"about":[{"href":"https:\/\/carmogepereira.pt\/pt\/wp-json\/wp\/v2\/types\/product"}],"replies":[{"embeddable":true,"href":"https:\/\/carmogepereira.pt\/pt\/wp-json\/wp\/v2\/comments?post=6340"}],"version-history":[{"count":0,"href":"https:\/\/carmogepereira.pt\/pt\/wp-json\/wp\/v2\/product\/6340\/revisions"}],"wp:featuredmedia":[{"embeddable":true,"href":"https:\/\/carmogepereira.pt\/pt\/wp-json\/wp\/v2\/media\/6356"}],"wp:attachment":[{"href":"https:\/\/carmogepereira.pt\/pt\/wp-json\/wp\/v2\/media?parent=6340"}],"wp:term":[{"taxonomy":"pwb-brand","embeddable":true,"href":"https:\/\/carmogepereira.pt\/pt\/wp-json\/wp\/v2\/pwb-brand?post=6340"},{"taxonomy":"product_brand","embeddable":true,"href":"https:\/\/carmogepereira.pt\/pt\/wp-json\/wp\/v2\/product_brand?post=6340"},{"taxonomy":"product_cat","embeddable":true,"href":"https:\/\/carmogepereira.pt\/pt\/wp-json\/wp\/v2\/product_cat?post=6340"},{"taxonomy":"product_tag","embeddable":true,"href":"https:\/\/carmogepereira.pt\/pt\/wp-json\/wp\/v2\/product_tag?post=6340"}],"curies":[{"name":"wp","href":"https:\/\/api.w.org\/{rel}","templated":true}]}}