{"id":6357,"date":"2022-10-10T23:21:59","date_gmt":"2022-10-10T23:21:59","guid":{"rendered":"http:\/\/carmogepereira.pt\/vaiserperfeito\/?post_type=product&#038;p=6357"},"modified":"2024-03-01T14:19:12","modified_gmt":"2024-03-01T14:19:12","slug":"mazetasselfloggerbi","status":"publish","type":"product","link":"https:\/\/carmogepereira.pt\/pt\/shop\/mazetasselfloggerbi\/","title":{"rendered":"MAZE Tassel Flogger Bijoux Indiscrets"},"content":{"rendered":"<p><b><span data-contrast=\"auto\">Caracter\u00edsticas:<\/span><\/b><span data-ccp-props=\"{&quot;201341983&quot;:0,&quot;335559739&quot;:160,&quot;335559740&quot;:259}\">\u00a0<\/span><\/p>\n<p>Parte da cole\u00e7\u00e3o Maze.<\/p>\n<p>Pequeno Chicote.<\/p>\n<p>Couro Vegan.<\/p>\n<p><b><span data-contrast=\"auto\">Conte\u00fado:<\/span><\/b><span data-ccp-props=\"{&quot;201341983&quot;:0,&quot;335559739&quot;:160,&quot;335559740&quot;:259}\">\u00a0<\/span><\/p>\n<p>1x chicote de franjas<\/p>\n<p><b><span data-contrast=\"auto\">Materiais:<\/span><\/b><\/p>\n<div class=\"woocommerce-tabs wc-tabs-wrapper\">\n<div id=\"tab-description\" class=\"woocommerce-Tabs-panel woocommerce-Tabs-panel--description panel entry-content wc-tab\" role=\"tabpanel\" aria-labelledby=\"tab-title-description\">\n<p class=\"toolbar toolbar-top\"><span class=\"expand-close\">Couro Vegan, Metal Isento de n\u00edquel.<\/span><\/p>\n<\/div>\n<\/div>","protected":false},"excerpt":{"rendered":"<p>O acess\u00f3rio mais provocante desta colec\u00e7\u00e3o \u00e9 o acess\u00f3rio perfeito para elogiar qualquer pe\u00e7a da colec\u00e7\u00e3o MAZE. Acaricia a pele ou castiga com prazer com o a\u00e7oitador MAZE.<\/p>\n<p>Vegan aprovado pela PETA.<\/p>","protected":false},"featured_media":6358,"comment_status":"open","ping_status":"closed","template":"","meta":{"_acf_changed":false},"pwb-brand":[340],"product_brand":[],"product_cat":[113,119,120],"product_tag":[213,225,529,257,356],"class_list":{"0":"post-6357","1":"product","2":"type-product","3":"status-publish","4":"has-post-thumbnail","6":"pwb-brand-bijouxindiscrets","7":"product_cat-accessorieskink","8":"product_cat-whipsfeathers","9":"product_cat-whipsandcanes","10":"product_tag-bdsm","11":"product_tag-body","12":"product_tag-flogger-or-whip","13":"product_tag-impact-play","14":"product_tag-maze","15":"pa_color-black","16":"nt-post-class","17":"","18":"masonry-item","19":"col-lg-6","27":"first","28":"instock","29":"taxable","30":"shipping-taxable","31":"purchasable","32":"product-type-simple","33":"add-to-wishlist-after_add_to_cart"},"acf":[],"brands":[{"id":340,"name":"Bijoux Indiscrets","slug":"bijouxindiscrets"}],"_links":{"self":[{"href":"https:\/\/carmogepereira.pt\/pt\/wp-json\/wp\/v2\/product\/6357","targetHints":{"allow":["GET"]}}],"collection":[{"href":"https:\/\/carmogepereira.pt\/pt\/wp-json\/wp\/v2\/product"}],"about":[{"href":"https:\/\/carmogepereira.pt\/pt\/wp-json\/wp\/v2\/types\/product"}],"replies":[{"embeddable":true,"href":"https:\/\/carmogepereira.pt\/pt\/wp-json\/wp\/v2\/comments?post=6357"}],"version-history":[{"count":0,"href":"https:\/\/carmogepereira.pt\/pt\/wp-json\/wp\/v2\/product\/6357\/revisions"}],"wp:featuredmedia":[{"embeddable":true,"href":"https:\/\/carmogepereira.pt\/pt\/wp-json\/wp\/v2\/media\/6358"}],"wp:attachment":[{"href":"https:\/\/carmogepereira.pt\/pt\/wp-json\/wp\/v2\/media?parent=6357"}],"wp:term":[{"taxonomy":"pwb-brand","embeddable":true,"href":"https:\/\/carmogepereira.pt\/pt\/wp-json\/wp\/v2\/pwb-brand?post=6357"},{"taxonomy":"product_brand","embeddable":true,"href":"https:\/\/carmogepereira.pt\/pt\/wp-json\/wp\/v2\/product_brand?post=6357"},{"taxonomy":"product_cat","embeddable":true,"href":"https:\/\/carmogepereira.pt\/pt\/wp-json\/wp\/v2\/product_cat?post=6357"},{"taxonomy":"product_tag","embeddable":true,"href":"https:\/\/carmogepereira.pt\/pt\/wp-json\/wp\/v2\/product_tag?post=6357"}],"curies":[{"name":"wp","href":"https:\/\/api.w.org\/{rel}","templated":true}]}}