{"id":6361,"date":"2022-10-10T23:39:29","date_gmt":"2022-10-10T23:39:29","guid":{"rendered":"http:\/\/carmogepereira.pt\/vaiserperfeito\/?post_type=product&#038;p=6361"},"modified":"2025-12-11T15:07:11","modified_gmt":"2025-12-11T15:07:11","slug":"pleasecropsm","status":"publish","type":"product","link":"https:\/\/carmogepereira.pt\/pt\/shop\/pleasecropsm\/","title":{"rendered":"Please Crop S&#038;M"},"content":{"rendered":"<p><b><span data-contrast=\"auto\">Caracter\u00edsticas:<\/span><\/b><span data-ccp-props=\"{&quot;201341983&quot;:0,&quot;335559739&quot;:160,&quot;335559740&quot;:259}\">\u00a0<\/span><\/p>\n<p>Envolvida \u00e0 m\u00e3o.<\/p>\n<p>Tela tensa no eixo.<\/p>\n<p>Eixo tran\u00e7ado de fita.<\/p>\n<p>Punho entran\u00e7ado falso.<\/p>\n<p>A sua mordida \u00e9 provocada pela cabe\u00e7a em la\u00e7ada de couro vegan.<\/p>\n<p>Adornado com tampas de ouro rosa e la\u00e7o preto para o pulso.<\/p>\n<p>F\u00e1cil de limpar.<\/p>\n<p><b><span data-contrast=\"auto\">Dimens\u00f5es do Produto:<\/span><\/b><\/p>\n<p>60cm.<\/p>\n<p><b><span data-contrast=\"auto\">Conte\u00fado:<\/span><\/b><span data-ccp-props=\"{&quot;201341983&quot;:0,&quot;335559739&quot;:160,&quot;335559740&quot;:259}\">\u00a0<\/span><\/p>\n<p>1x crop.<\/p>\n<p><b><span data-contrast=\"auto\">Materiais:<\/span><\/b><\/p>\n<p>Couro Veganm Ouro Rosa Falso.<\/p>","protected":false},"excerpt":{"rendered":"<p>A cabe\u00e7a de couro vegan em la\u00e7o cria uma racha agrad\u00e1vel com cada bofetada. A haste apertada, envolvida \u00e0 m\u00e3o, \u00e9 el\u00e1stica e forte e conduz o olho para a pega robusta e elegante. Uma al\u00e7a de pulso facilita a arruma\u00e7\u00e3o num instante, no caso de a ac\u00e7\u00e3o se intensificar. As tampas de ouro rosa que adornam a pega acrescentam outra dimens\u00e3o luxuosa a esta s\u00f3lida, elegante, e marcante alfaia de impacto.<\/p>","protected":false},"featured_media":6365,"comment_status":"open","ping_status":"closed","template":"","meta":{"_acf_changed":false},"pwb-brand":[348,347],"product_brand":[],"product_cat":[113,119,120],"product_tag":[213,225,262,257],"class_list":{"0":"post-6361","1":"product","2":"type-product","3":"status-publish","4":"has-post-thumbnail","6":"pwb-brand-sexmischief","7":"pwb-brand-sportsheets","8":"product_cat-accessorieskink","9":"product_cat-whipsfeathers","10":"product_cat-whipsandcanes","11":"product_tag-bdsm","12":"product_tag-body","13":"product_tag-crop","14":"product_tag-impact-play","15":"pa_color-black","16":"pa_color-rosegold","17":"nt-post-class","18":"","19":"masonry-item","20":"col-lg-6","28":"first","29":"outofstock","30":"taxable","31":"shipping-taxable","32":"purchasable","33":"product-type-simple","34":"add-to-wishlist-after_add_to_cart"},"acf":[],"brands":[{"id":348,"name":"Sex &amp; Mischief","slug":"sexmischief"},{"id":347,"name":"Sportsheets","slug":"sportsheets"}],"_links":{"self":[{"href":"https:\/\/carmogepereira.pt\/pt\/wp-json\/wp\/v2\/product\/6361","targetHints":{"allow":["GET"]}}],"collection":[{"href":"https:\/\/carmogepereira.pt\/pt\/wp-json\/wp\/v2\/product"}],"about":[{"href":"https:\/\/carmogepereira.pt\/pt\/wp-json\/wp\/v2\/types\/product"}],"replies":[{"embeddable":true,"href":"https:\/\/carmogepereira.pt\/pt\/wp-json\/wp\/v2\/comments?post=6361"}],"version-history":[{"count":0,"href":"https:\/\/carmogepereira.pt\/pt\/wp-json\/wp\/v2\/product\/6361\/revisions"}],"wp:featuredmedia":[{"embeddable":true,"href":"https:\/\/carmogepereira.pt\/pt\/wp-json\/wp\/v2\/media\/6365"}],"wp:attachment":[{"href":"https:\/\/carmogepereira.pt\/pt\/wp-json\/wp\/v2\/media?parent=6361"}],"wp:term":[{"taxonomy":"pwb-brand","embeddable":true,"href":"https:\/\/carmogepereira.pt\/pt\/wp-json\/wp\/v2\/pwb-brand?post=6361"},{"taxonomy":"product_brand","embeddable":true,"href":"https:\/\/carmogepereira.pt\/pt\/wp-json\/wp\/v2\/product_brand?post=6361"},{"taxonomy":"product_cat","embeddable":true,"href":"https:\/\/carmogepereira.pt\/pt\/wp-json\/wp\/v2\/product_cat?post=6361"},{"taxonomy":"product_tag","embeddable":true,"href":"https:\/\/carmogepereira.pt\/pt\/wp-json\/wp\/v2\/product_tag?post=6361"}],"curies":[{"name":"wp","href":"https:\/\/api.w.org\/{rel}","templated":true}]}}