{"id":6366,"date":"2022-10-10T23:48:11","date_gmt":"2022-10-10T23:48:11","guid":{"rendered":"http:\/\/carmogepereira.pt\/vaiserperfeito\/?post_type=product&#038;p=6366"},"modified":"2024-03-01T14:19:10","modified_gmt":"2024-03-01T14:19:10","slug":"sincerelylacecropsp","status":"publish","type":"product","link":"https:\/\/carmogepereira.pt\/pt\/shop\/sincerelylacecropsp\/","title":{"rendered":"Sincerely Lace Crop Sportsheets"},"content":{"rendered":"<p><b><span data-contrast=\"auto\">Caracter\u00edsticas:<\/span><\/b><span data-ccp-props=\"{&quot;201341983&quot;:0,&quot;335559739&quot;:160,&quot;335559740&quot;:259}\">\u00a0<\/span><\/p>\n<p>Tecido rendado luxuoso.<\/p>\n<p>Pingalim elegante e estilizado.<\/p>\n<p>Fita preta de espartilho e la\u00e7o de cetim.<\/p>\n<p>Vara robusta.<\/p>\n<p>Combina com a colec\u00e7\u00e3o \"Sincerely Lace\".<\/p>\n<p><b><span data-contrast=\"auto\">Dimens\u00f5es do Produto:<\/span><\/b><\/p>\n<p>30.48cm.<\/p>\n<p><b><span data-contrast=\"auto\">Conte\u00fado:<\/span><\/b><span data-ccp-props=\"{&quot;201341983&quot;:0,&quot;335559739&quot;:160,&quot;335559740&quot;:259}\">\u00a0<\/span><\/p>\n<p>1x Lace crop.<\/p>\n<p><b><span data-contrast=\"auto\">Materiais:<\/span><\/b><\/p>\n<p>40% Poliuretano, 33% Poli\u00e9ster, 12% Abs Pl\u00e1stico, 10% Spandex, 3% Metal sem n\u00edquel, 2% Vinil.<\/p>","protected":false},"excerpt":{"rendered":"<p>Coberta de um luxuoso tecido rendado, a cabe\u00e7a desta elegante e lustrosa crop \u00e9 la\u00e7ada em estilo corpete com um la\u00e7o de cetim. O talo \u00e9 feito de uma vara fina mas robusta. A pega \u00e9 coberta na base com o mesmo tecido rendado. Usa em conjunto com a colec\u00e7\u00e3o Sincerely Lace.<\/p>","protected":false},"featured_media":6371,"comment_status":"open","ping_status":"closed","template":"","meta":{"_acf_changed":false},"pwb-brand":[347],"product_brand":[],"product_cat":[113,119,120],"product_tag":[213,225,262,257,246,360],"class_list":{"0":"post-6366","1":"product","2":"type-product","3":"status-publish","4":"has-post-thumbnail","6":"pwb-brand-sportsheets","7":"product_cat-accessorieskink","8":"product_cat-whipsfeathers","9":"product_cat-whipsandcanes","10":"product_tag-bdsm","11":"product_tag-body","12":"product_tag-crop","13":"product_tag-impact-play","14":"product_tag-sincerely","15":"product_tag-sincerely-lace","16":"pa_color-black","17":"nt-post-class","18":"","19":"masonry-item","20":"col-lg-6","28":"first","29":"instock","30":"taxable","31":"shipping-taxable","32":"purchasable","33":"product-type-simple","34":"add-to-wishlist-after_add_to_cart"},"acf":[],"brands":[{"id":347,"name":"Sportsheets","slug":"sportsheets"}],"_links":{"self":[{"href":"https:\/\/carmogepereira.pt\/pt\/wp-json\/wp\/v2\/product\/6366","targetHints":{"allow":["GET"]}}],"collection":[{"href":"https:\/\/carmogepereira.pt\/pt\/wp-json\/wp\/v2\/product"}],"about":[{"href":"https:\/\/carmogepereira.pt\/pt\/wp-json\/wp\/v2\/types\/product"}],"replies":[{"embeddable":true,"href":"https:\/\/carmogepereira.pt\/pt\/wp-json\/wp\/v2\/comments?post=6366"}],"version-history":[{"count":0,"href":"https:\/\/carmogepereira.pt\/pt\/wp-json\/wp\/v2\/product\/6366\/revisions"}],"wp:featuredmedia":[{"embeddable":true,"href":"https:\/\/carmogepereira.pt\/pt\/wp-json\/wp\/v2\/media\/6371"}],"wp:attachment":[{"href":"https:\/\/carmogepereira.pt\/pt\/wp-json\/wp\/v2\/media?parent=6366"}],"wp:term":[{"taxonomy":"pwb-brand","embeddable":true,"href":"https:\/\/carmogepereira.pt\/pt\/wp-json\/wp\/v2\/pwb-brand?post=6366"},{"taxonomy":"product_brand","embeddable":true,"href":"https:\/\/carmogepereira.pt\/pt\/wp-json\/wp\/v2\/product_brand?post=6366"},{"taxonomy":"product_cat","embeddable":true,"href":"https:\/\/carmogepereira.pt\/pt\/wp-json\/wp\/v2\/product_cat?post=6366"},{"taxonomy":"product_tag","embeddable":true,"href":"https:\/\/carmogepereira.pt\/pt\/wp-json\/wp\/v2\/product_tag?post=6366"}],"curies":[{"name":"wp","href":"https:\/\/api.w.org\/{rel}","templated":true}]}}