{"id":6372,"date":"2022-10-11T00:02:48","date_gmt":"2022-10-11T00:02:48","guid":{"rendered":"http:\/\/carmogepereira.pt\/vaiserperfeito\/?post_type=product&#038;p=6372"},"modified":"2025-12-11T15:07:11","modified_gmt":"2025-12-11T15:07:11","slug":"shadowballcropsm","status":"publish","type":"product","link":"https:\/\/carmogepereira.pt\/pt\/shop\/shadowballcropsm\/","title":{"rendered":"Shadow Ball Crop S&#038;M"},"content":{"rendered":"<p><b><span data-contrast=\"auto\">Caracter\u00edsticas:<\/span><\/b><span data-ccp-props=\"{&quot;201341983&quot;:0,&quot;335559739&quot;:160,&quot;335559740&quot;:259}\">\u00a0<\/span><\/p>\n<p>Ponta circular s\u00f3lida.<\/p>\n<p>Intensifica brincadeiras de impacto.<\/p>\n<p>Punho e al\u00e7a de pulso robustos.<\/p>\n<p>Perfeito para batidas suaves ou para sensa\u00e7\u00f5es acrescidas.<\/p>\n<p>Combina com o resto da Shadow Collection!<\/p>\n<p><b><span data-contrast=\"auto\">Dimens\u00f5es do Produto:<\/span><\/b><\/p>\n<p>Comprimento 44cm<\/p>\n<p>Bola 4cm<\/p>\n<p>Eixo 24cm<\/p>\n<p>Pega 15cm.<\/p>\n<p><b><span data-contrast=\"auto\">Conte\u00fado:<\/span><\/b><span data-ccp-props=\"{&quot;201341983&quot;:0,&quot;335559739&quot;:160,&quot;335559740&quot;:259}\">\u00a0<\/span><\/p>\n<p>1x pingalim de bola<\/p>\n<p><b><span data-contrast=\"auto\">Materiais:<\/span><\/b><\/p>\n<p>45% PVC sem ftalatos, 30% TPE sem ftalatos, 22% Poliuretano, 3% Metal sem n\u00edquel.<\/p>","protected":false},"excerpt":{"rendered":"<p>Explora os limites e mostra quem \u00e9 quem est\u00e1 no comando desta s\u00f3lida Shadow Ball Crop.<\/p>\n<p>A sua pega e al\u00e7a de pulso elegantes tornam esta cultura f\u00e1cil de usar. Provoca sensa\u00e7\u00f5es da cabe\u00e7a aos dedos dos p\u00e9s com o golpe do pingalim. Intensifica o jogo no quarto com toques suaves ou aumenta a sensa\u00e7\u00e3o com golpes mais firmes com a ponta circular s\u00f3lida.<\/p>","protected":false},"featured_media":6377,"comment_status":"open","ping_status":"closed","template":"","meta":{"_acf_changed":false},"pwb-brand":[348,347],"product_brand":[],"product_cat":[113,119,120],"product_tag":[213,225,262,257,357],"class_list":{"0":"post-6372","1":"product","2":"type-product","3":"status-publish","4":"has-post-thumbnail","6":"pwb-brand-sexmischief","7":"pwb-brand-sportsheets","8":"product_cat-accessorieskink","9":"product_cat-whipsfeathers","10":"product_cat-whipsandcanes","11":"product_tag-bdsm","12":"product_tag-body","13":"product_tag-crop","14":"product_tag-impact-play","15":"product_tag-shadow_collection","16":"pa_color-black","17":"nt-post-class","18":"","19":"masonry-item","20":"col-lg-6","28":"first","29":"outofstock","30":"taxable","31":"shipping-taxable","32":"purchasable","33":"product-type-simple","34":"add-to-wishlist-after_add_to_cart"},"acf":[],"brands":[{"id":348,"name":"Sex &amp; Mischief","slug":"sexmischief"},{"id":347,"name":"Sportsheets","slug":"sportsheets"}],"_links":{"self":[{"href":"https:\/\/carmogepereira.pt\/pt\/wp-json\/wp\/v2\/product\/6372","targetHints":{"allow":["GET"]}}],"collection":[{"href":"https:\/\/carmogepereira.pt\/pt\/wp-json\/wp\/v2\/product"}],"about":[{"href":"https:\/\/carmogepereira.pt\/pt\/wp-json\/wp\/v2\/types\/product"}],"replies":[{"embeddable":true,"href":"https:\/\/carmogepereira.pt\/pt\/wp-json\/wp\/v2\/comments?post=6372"}],"version-history":[{"count":0,"href":"https:\/\/carmogepereira.pt\/pt\/wp-json\/wp\/v2\/product\/6372\/revisions"}],"wp:featuredmedia":[{"embeddable":true,"href":"https:\/\/carmogepereira.pt\/pt\/wp-json\/wp\/v2\/media\/6377"}],"wp:attachment":[{"href":"https:\/\/carmogepereira.pt\/pt\/wp-json\/wp\/v2\/media?parent=6372"}],"wp:term":[{"taxonomy":"pwb-brand","embeddable":true,"href":"https:\/\/carmogepereira.pt\/pt\/wp-json\/wp\/v2\/pwb-brand?post=6372"},{"taxonomy":"product_brand","embeddable":true,"href":"https:\/\/carmogepereira.pt\/pt\/wp-json\/wp\/v2\/product_brand?post=6372"},{"taxonomy":"product_cat","embeddable":true,"href":"https:\/\/carmogepereira.pt\/pt\/wp-json\/wp\/v2\/product_cat?post=6372"},{"taxonomy":"product_tag","embeddable":true,"href":"https:\/\/carmogepereira.pt\/pt\/wp-json\/wp\/v2\/product_tag?post=6372"}],"curies":[{"name":"wp","href":"https:\/\/api.w.org\/{rel}","templated":true}]}}