{"id":6382,"date":"2022-10-11T00:43:16","date_gmt":"2022-10-11T00:43:16","guid":{"rendered":"http:\/\/carmogepereira.pt\/vaiserperfeito\/?post_type=product&#038;p=6382"},"modified":"2025-12-11T15:04:24","modified_gmt":"2025-12-11T15:04:24","slug":"saffronsquarepaddlesp","status":"publish","type":"product","link":"https:\/\/carmogepereira.pt\/pt\/shop\/saffronsquarepaddlesp\/","title":{"rendered":"Saffron Square Paddle Sportsheets"},"content":{"rendered":"<p><b><span data-contrast=\"auto\">Caracter\u00edsticas:<\/span><\/b><span data-ccp-props=\"{&quot;201341983&quot;:0,&quot;335559739&quot;:160,&quot;335559740&quot;:259}\">\u00a0<\/span><\/p>\n<p>A al\u00e7a do pulso no punho acrescenta seguran\u00e7a durante a utiliza\u00e7\u00e3o.<\/p>\n<p>Ponto de suspens\u00e3o para armazenamento.<\/p>\n<p>Paddle r\u00edgida, vermelha e elegante, quadrada.<\/p>\n<p>Couro vegan macio e liso.<\/p>\n<p><b><span data-contrast=\"auto\">Conte\u00fado:<\/span><\/b><span data-ccp-props=\"{&quot;201341983&quot;:0,&quot;335559739&quot;:160,&quot;335559740&quot;:259}\">\u00a0<\/span><\/p>\n<p>1x paddle.<\/p>\n<p><b><span data-contrast=\"auto\">Materiais:<\/span><\/b><\/p>\n<p><span data-ccp-props=\"{&quot;201341983&quot;:0,&quot;335559739&quot;:160,&quot;335559740&quot;:259}\">Couro PU.\u00a0<\/span><\/p>","protected":false},"excerpt":{"rendered":"<p>Este instrumento de prazer e dor ser\u00e1 um amigo e inimigo das costas de qualquer masoquista. Uma paddle quadrada r\u00edgida e vermelha \u00e9 uma elegante adi\u00e7\u00e3o a um arsenal de boudoir, colocando o poder do castigo nas m\u00e3os de algu\u00e9m. Envolvida em couro vegetal suave que acalma com cada car\u00edcia, tamb\u00e9m serve para batidas e palmadas com intensidade suficiente para fazer o merc\u00fario ascender numa cena de quarto.<\/p>","protected":false},"featured_media":6385,"comment_status":"open","ping_status":"closed","template":"","meta":{"_acf_changed":false},"pwb-brand":[347],"product_brand":[],"product_cat":[113,121,119],"product_tag":[213,257,256,358],"class_list":{"0":"post-6382","1":"product","2":"type-product","3":"status-publish","4":"has-post-thumbnail","6":"pwb-brand-sportsheets","7":"product_cat-accessorieskink","8":"product_cat-paddles","9":"product_cat-whipsfeathers","10":"product_tag-bdsm","11":"product_tag-impact-play","12":"product_tag-paddle","13":"product_tag-saffron","14":"nt-post-class","15":"","16":"masonry-item","17":"col-lg-6","25":"first","26":"outofstock","27":"taxable","28":"shipping-taxable","29":"purchasable","30":"product-type-simple","31":"add-to-wishlist-after_add_to_cart"},"acf":[],"brands":[{"id":347,"name":"Sportsheets","slug":"sportsheets"}],"_links":{"self":[{"href":"https:\/\/carmogepereira.pt\/pt\/wp-json\/wp\/v2\/product\/6382","targetHints":{"allow":["GET"]}}],"collection":[{"href":"https:\/\/carmogepereira.pt\/pt\/wp-json\/wp\/v2\/product"}],"about":[{"href":"https:\/\/carmogepereira.pt\/pt\/wp-json\/wp\/v2\/types\/product"}],"replies":[{"embeddable":true,"href":"https:\/\/carmogepereira.pt\/pt\/wp-json\/wp\/v2\/comments?post=6382"}],"version-history":[{"count":0,"href":"https:\/\/carmogepereira.pt\/pt\/wp-json\/wp\/v2\/product\/6382\/revisions"}],"wp:featuredmedia":[{"embeddable":true,"href":"https:\/\/carmogepereira.pt\/pt\/wp-json\/wp\/v2\/media\/6385"}],"wp:attachment":[{"href":"https:\/\/carmogepereira.pt\/pt\/wp-json\/wp\/v2\/media?parent=6382"}],"wp:term":[{"taxonomy":"pwb-brand","embeddable":true,"href":"https:\/\/carmogepereira.pt\/pt\/wp-json\/wp\/v2\/pwb-brand?post=6382"},{"taxonomy":"product_brand","embeddable":true,"href":"https:\/\/carmogepereira.pt\/pt\/wp-json\/wp\/v2\/product_brand?post=6382"},{"taxonomy":"product_cat","embeddable":true,"href":"https:\/\/carmogepereira.pt\/pt\/wp-json\/wp\/v2\/product_cat?post=6382"},{"taxonomy":"product_tag","embeddable":true,"href":"https:\/\/carmogepereira.pt\/pt\/wp-json\/wp\/v2\/product_tag?post=6382"}],"curies":[{"name":"wp","href":"https:\/\/api.w.org\/{rel}","templated":true}]}}