{"id":6392,"date":"2022-10-11T01:04:45","date_gmt":"2022-10-11T01:04:45","guid":{"rendered":"http:\/\/carmogepereira.pt\/vaiserperfeito\/?post_type=product&#038;p=6392"},"modified":"2025-12-11T15:04:24","modified_gmt":"2025-12-11T15:04:24","slug":"saffronpingpongpaddlesp","status":"publish","type":"product","link":"https:\/\/carmogepereira.pt\/pt\/shop\/saffronpingpongpaddlesp\/","title":{"rendered":"Saffron Ping Pong Paddle Sportsheets"},"content":{"rendered":"<p><b><span data-contrast=\"auto\">Caracter\u00edsticas:<\/span><\/b><span data-ccp-props=\"{&quot;201341983&quot;:0,&quot;335559739&quot;:160,&quot;335559740&quot;:259}\">\u00a0<\/span><\/p>\n<p>Pr\u00e1tica paddle encarnada.<\/p>\n<p>Exterior em pele vegan macia.<\/p>\n<p>Tamanho conveniente, manej\u00e1vel com rapidez e agilidade em qualquer n\u00edvel de experi\u00eancia.<\/p>\n<p>Combina com a Colec\u00e7\u00e3o Saffron.<\/p>\n<p>A al\u00e7a do pulso no punho acrescenta seguran\u00e7a durante a utiliza\u00e7\u00e3o.<\/p>\n<p>Ponto de suspens\u00e3o para armazenamento.<\/p>\n<p><b><span data-contrast=\"auto\">Conte\u00fado:<\/span><\/b><span data-ccp-props=\"{&quot;201341983&quot;:0,&quot;335559739&quot;:160,&quot;335559740&quot;:259}\">\u00a0<\/span><\/p>\n<p>1x paddle.<\/p>\n<p><b><span data-contrast=\"auto\">Materiais:<\/span><\/b><\/p>\n<p><span data-ccp-props=\"{&quot;201341983&quot;:0,&quot;335559739&quot;:160,&quot;335559740&quot;:259}\">Couro PU.\u00a0<\/span><\/p>","protected":false},"excerpt":{"rendered":"<p>Este cl\u00e1ssico sofisticado \u00e9 um imperativo no teu arsenal.<\/p>\n<p>Esta pr\u00e1tica paddle encarnada \u00e9 uma bela ferramenta com a qual se pode disciplinar. Um exterior em couro vegetal macio significa que o crescendo at\u00e9 cada impacto pode ser delicado e demorado e macio sobre a pele. Incita a sensa\u00e7\u00e3o de contraste perfeita com cada arremesso e impacto. O seu tamanho conveniente significa que pode ser empunhada com rapidez e agilidade com qualquer n\u00edvel de experi\u00eancia.<\/p>\n<p>Combina com a Colec\u00e7\u00e3o Saffron.<\/p>","protected":false},"featured_media":6395,"comment_status":"open","ping_status":"closed","template":"","meta":{"_acf_changed":false},"pwb-brand":[347],"product_brand":[],"product_cat":[113,121,119],"product_tag":[213,257,256,358],"class_list":{"0":"post-6392","1":"product","2":"type-product","3":"status-publish","4":"has-post-thumbnail","6":"pwb-brand-sportsheets","7":"product_cat-accessorieskink","8":"product_cat-paddles","9":"product_cat-whipsfeathers","10":"product_tag-bdsm","11":"product_tag-impact-play","12":"product_tag-paddle","13":"product_tag-saffron","14":"pa_color-red","15":"nt-post-class","16":"","17":"masonry-item","18":"col-lg-6","26":"first","27":"outofstock","28":"taxable","29":"shipping-taxable","30":"purchasable","31":"product-type-simple","32":"add-to-wishlist-after_add_to_cart"},"acf":[],"brands":[{"id":347,"name":"Sportsheets","slug":"sportsheets"}],"_links":{"self":[{"href":"https:\/\/carmogepereira.pt\/pt\/wp-json\/wp\/v2\/product\/6392","targetHints":{"allow":["GET"]}}],"collection":[{"href":"https:\/\/carmogepereira.pt\/pt\/wp-json\/wp\/v2\/product"}],"about":[{"href":"https:\/\/carmogepereira.pt\/pt\/wp-json\/wp\/v2\/types\/product"}],"replies":[{"embeddable":true,"href":"https:\/\/carmogepereira.pt\/pt\/wp-json\/wp\/v2\/comments?post=6392"}],"version-history":[{"count":0,"href":"https:\/\/carmogepereira.pt\/pt\/wp-json\/wp\/v2\/product\/6392\/revisions"}],"wp:featuredmedia":[{"embeddable":true,"href":"https:\/\/carmogepereira.pt\/pt\/wp-json\/wp\/v2\/media\/6395"}],"wp:attachment":[{"href":"https:\/\/carmogepereira.pt\/pt\/wp-json\/wp\/v2\/media?parent=6392"}],"wp:term":[{"taxonomy":"pwb-brand","embeddable":true,"href":"https:\/\/carmogepereira.pt\/pt\/wp-json\/wp\/v2\/pwb-brand?post=6392"},{"taxonomy":"product_brand","embeddable":true,"href":"https:\/\/carmogepereira.pt\/pt\/wp-json\/wp\/v2\/product_brand?post=6392"},{"taxonomy":"product_cat","embeddable":true,"href":"https:\/\/carmogepereira.pt\/pt\/wp-json\/wp\/v2\/product_cat?post=6392"},{"taxonomy":"product_tag","embeddable":true,"href":"https:\/\/carmogepereira.pt\/pt\/wp-json\/wp\/v2\/product_tag?post=6392"}],"curies":[{"name":"wp","href":"https:\/\/api.w.org\/{rel}","templated":true}]}}