{"id":6396,"date":"2022-10-11T01:18:56","date_gmt":"2022-10-11T01:18:56","guid":{"rendered":"http:\/\/carmogepereira.pt\/vaiserperfeito\/?post_type=product&#038;p=6396"},"modified":"2025-12-11T15:04:24","modified_gmt":"2025-12-11T15:04:24","slug":"saffronstuddedspankersp","status":"publish","type":"product","link":"https:\/\/carmogepereira.pt\/pt\/shop\/saffronstuddedspankersp\/","title":{"rendered":"Saffron Studded Spanker Sportsheets"},"content":{"rendered":"<p><b><span data-contrast=\"auto\">Caracter\u00edsticas:<\/span><\/b><span data-ccp-props=\"{&quot;201341983&quot;:0,&quot;335559739&quot;:160,&quot;335559740&quot;:259}\">\u00a0<\/span><\/p>\n<p><span data-contrast=\"auto\">Superf\u00edcie de impacto parcialmente cravada.<\/span><span data-ccp-props=\"{&quot;134233279&quot;:true,&quot;201341983&quot;:0,&quot;335559739&quot;:160,&quot;335559740&quot;:259}\">\u00a0<\/span><\/p>\n<p><span data-contrast=\"auto\">Detalhes met\u00e1licos sem n\u00edquel.<\/span><span data-ccp-props=\"{&quot;134233279&quot;:true,&quot;201341983&quot;:0,&quot;335559739&quot;:160,&quot;335559740&quot;:259}\">\u00a0<\/span><\/p>\n<p>Combina com a Colec\u00e7\u00e3o Saffron.<\/p>\n<p>Pega revestida em espiral e al\u00e7a de pulso robusta.<\/p>\n<p><span data-contrast=\"auto\">Al\u00e7a facilita pendurar para arruma\u00e7\u00e3o.<\/span><span data-ccp-props=\"{&quot;134233279&quot;:true,&quot;201341983&quot;:0,&quot;335559739&quot;:160,&quot;335559740&quot;:259}\">\u00a0<\/span><\/p>\n<p><span data-contrast=\"auto\">Couro falso vegan.<\/span><span data-ccp-props=\"{&quot;134233279&quot;:true,&quot;201341983&quot;:0,&quot;335559739&quot;:160,&quot;335559740&quot;:259}\">\u00a0<\/span><\/p>\n<p><b><span data-contrast=\"auto\">Dimens\u00f5es do Produto:<\/span><\/b><\/p>\n<p>Painel 17.8cm x 8.3cm<\/p>\n<p>Pega 9.5cm<\/p>\n<p>Al\u00e7a 9.52cm<\/p>\n<p>Total 45.1cm.<\/p>\n<p><b><span data-contrast=\"auto\">Conte\u00fado:<\/span><\/b><\/p>\n<p><span data-ccp-props=\"{&quot;201341983&quot;:0,&quot;335559739&quot;:160,&quot;335559740&quot;:259}\">1x studded spanker.\u00a0<\/span><\/p>\n<p><b><span data-contrast=\"auto\">Materiais:<\/span><\/b><\/p>\n<p><span data-ccp-props=\"{&quot;201341983&quot;:0,&quot;335559739&quot;:160,&quot;335559740&quot;:259}\">65% Poliuretano, 20% ABS Pl\u00e1stico, 15%\u00a0<\/span>Metal Isento de N\u00edquel.<\/p>","protected":false},"excerpt":{"rendered":"<p class=\"translation-block\">Quando a varia\u00e7\u00e3o \u00e9 imprescind\u00edvel, Saffron Studded Spanker \u00e9 a ferramenta vers\u00e1til perfeita. \nA superf\u00edcie de impacto fino de couro falso da paddle - parte lisa, parte lisa - d\u00e1 a op\u00e7\u00e3o de diminuir a intensidade e apenas a\u00e7oitar com a ponta lisa, ou levar a novos m\u00e1ximos e impactos, incluindo a \u00e1rea cravejada. A constru\u00e7\u00e3o da Spanker com costura dividida em duas partes acrescenta som \u00e0 excita\u00e7\u00e3o, com o cabo firme a refor\u00e7ar parcialmente cada palmadinha punitiva e prazerosa. As tachas sem n\u00edquel acrescentam peso e carga a cada oscila\u00e7\u00e3o. Uma al\u00e7a de couro falsa de tamanho generoso na base da pega enrolada em espiral torna esta paddle f\u00e1cil de guardar numa parede ou numa pregadeira.<\/p>\n<p><span class=\"TextRun BCX0 SCXW99360918\" lang=\"EN-US\" xml:lang=\"EN-US\" data-contrast=\"auto\"><span class=\"NormalTextRun BCX0 SCXW99360918\">Mistura e combina com outros produtos da colec\u00e7\u00e3o Saffron para ainda mais divers\u00e3o!<\/span><\/span><\/p>","protected":false},"featured_media":6398,"comment_status":"open","ping_status":"closed","template":"","meta":{"_acf_changed":false},"pwb-brand":[347],"product_brand":[],"product_cat":[113,121,119],"product_tag":[213,257,256,358],"class_list":{"0":"post-6396","1":"product","2":"type-product","3":"status-publish","4":"has-post-thumbnail","6":"pwb-brand-sportsheets","7":"product_cat-accessorieskink","8":"product_cat-paddles","9":"product_cat-whipsfeathers","10":"product_tag-bdsm","11":"product_tag-impact-play","12":"product_tag-paddle","13":"product_tag-saffron","14":"pa_color-red","15":"nt-post-class","16":"","17":"masonry-item","18":"col-lg-6","26":"first","27":"outofstock","28":"taxable","29":"shipping-taxable","30":"purchasable","31":"product-type-simple","32":"add-to-wishlist-after_add_to_cart"},"acf":[],"brands":[{"id":347,"name":"Sportsheets","slug":"sportsheets"}],"_links":{"self":[{"href":"https:\/\/carmogepereira.pt\/pt\/wp-json\/wp\/v2\/product\/6396","targetHints":{"allow":["GET"]}}],"collection":[{"href":"https:\/\/carmogepereira.pt\/pt\/wp-json\/wp\/v2\/product"}],"about":[{"href":"https:\/\/carmogepereira.pt\/pt\/wp-json\/wp\/v2\/types\/product"}],"replies":[{"embeddable":true,"href":"https:\/\/carmogepereira.pt\/pt\/wp-json\/wp\/v2\/comments?post=6396"}],"version-history":[{"count":0,"href":"https:\/\/carmogepereira.pt\/pt\/wp-json\/wp\/v2\/product\/6396\/revisions"}],"wp:featuredmedia":[{"embeddable":true,"href":"https:\/\/carmogepereira.pt\/pt\/wp-json\/wp\/v2\/media\/6398"}],"wp:attachment":[{"href":"https:\/\/carmogepereira.pt\/pt\/wp-json\/wp\/v2\/media?parent=6396"}],"wp:term":[{"taxonomy":"pwb-brand","embeddable":true,"href":"https:\/\/carmogepereira.pt\/pt\/wp-json\/wp\/v2\/pwb-brand?post=6396"},{"taxonomy":"product_brand","embeddable":true,"href":"https:\/\/carmogepereira.pt\/pt\/wp-json\/wp\/v2\/product_brand?post=6396"},{"taxonomy":"product_cat","embeddable":true,"href":"https:\/\/carmogepereira.pt\/pt\/wp-json\/wp\/v2\/product_cat?post=6396"},{"taxonomy":"product_tag","embeddable":true,"href":"https:\/\/carmogepereira.pt\/pt\/wp-json\/wp\/v2\/product_tag?post=6396"}],"curies":[{"name":"wp","href":"https:\/\/api.w.org\/{rel}","templated":true}]}}