{"id":6402,"date":"2022-10-11T01:32:51","date_gmt":"2022-10-11T01:32:51","guid":{"rendered":"http:\/\/carmogepereira.pt\/vaiserperfeito\/?post_type=product&#038;p=6402"},"modified":"2025-12-11T15:04:23","modified_gmt":"2025-12-11T15:04:23","slug":"saffronacrylicpaddlesp","status":"publish","type":"product","link":"https:\/\/carmogepereira.pt\/pt\/shop\/saffronacrylicpaddlesp\/","title":{"rendered":"Saffron Acrylic Paddle Sportsheets"},"content":{"rendered":"<p><b><span data-contrast=\"auto\">Caracter\u00edsticas:<\/span><\/b><span data-ccp-props=\"{&quot;201341983&quot;:0,&quot;335559739&quot;:160,&quot;335559740&quot;:259}\">\u00a0<\/span><\/p>\n<p><span data-contrast=\"auto\">Superf\u00edcie de impacto em acr\u00edlico transparente.<\/span><\/p>\n<p><span data-contrast=\"auto\">Pega lisa em PVC.<\/span><\/p>\n<p><span data-contrast=\"auto\">Al\u00e7a facilita pendurar para arruma\u00e7\u00e3o.<\/span><\/p>\n<p>Combina com a Colec\u00e7\u00e3o Saffron.<\/p>\n<p><b><span data-contrast=\"auto\">Dimens\u00f5es do Produto:<\/span><\/b><\/p>\n<p>Paddle 30.1cm<\/p>\n<p>Espessura 0.4cm<\/p>\n<p>Cabo 12.7cm<\/p>\n<p>Total 42.8cm<\/p>\n<p><b><span data-contrast=\"auto\">Conte\u00fado:<\/span><\/b><span data-ccp-props=\"{&quot;201341983&quot;:0,&quot;335559739&quot;:160,&quot;335559740&quot;:259}\">\u00a0<\/span><\/p>\n<p>1x Acrylic Paddle.<\/p>\n<p><b><span data-contrast=\"auto\">Materiais:<\/span><\/b><\/p>\n<p>65% Acr\u00edlico, 20% PVC sem ftalatos, 15% Nylon.<\/p>","protected":false},"excerpt":{"rendered":"<p><span class=\"TextRun BCX0 SCXW90791053\" lang=\"EN-US\" xml:lang=\"EN-US\" data-contrast=\"auto\"><span class=\"NormalTextRun BCX0 SCXW90791053\">A forte superf\u00edcie de impacto de 4mm de espessura da Saffron Acrylic Paddle proporciona uma pung\u00eancia intensa e um som de palmada como nenhuma outra. Feita em acr\u00edlico transparente para uma experi\u00eancia visual \u00fanica, quem empunha esta paddle consegue ver o momento em que a sua superf\u00edcie encontra e marca a pele.\u00a0<\/span><\/span><span class=\"TextRun BCX0 SCXW90791053\" lang=\"EN-US\" xml:lang=\"EN-US\" data-contrast=\"auto\"><span class=\"NormalTextRun BCX0 SCXW90791053\">A antecipa\u00e7\u00e3o constr\u00f3i-se \u00e0 medida que se ouve o silvo do experimento ecoar pelo ar. Depois balan\u00e7a-se e juntam-se o envio de ondas de dor e prazer com o crack satisfat\u00f3rio.<\/span><\/span><\/p>\n<p><span class=\"TextRun BCX0 SCXW90791053\" lang=\"EN-US\" xml:lang=\"EN-US\" data-contrast=\"auto\"><span class=\"NormalTextRun BCX0 SCXW90791053\">A al\u00e7a de nylon na base do cabo de PVC liso torna esta paddle f\u00e1cil de guardar numa parede ou placa de fixa\u00e7\u00e3o quando terminado. Mescla e combina com outros produtos de colec\u00e7\u00e3o Saffron para uma divers\u00e3o ainda mais proibitiva!<\/span><\/span><\/p>","protected":false},"featured_media":6405,"comment_status":"open","ping_status":"closed","template":"","meta":{"_acf_changed":false},"pwb-brand":[347],"product_brand":[],"product_cat":[113,121,119],"product_tag":[213,257,256,358],"class_list":{"0":"post-6402","1":"product","2":"type-product","3":"status-publish","4":"has-post-thumbnail","6":"pwb-brand-sportsheets","7":"product_cat-accessorieskink","8":"product_cat-paddles","9":"product_cat-whipsfeathers","10":"product_tag-bdsm","11":"product_tag-impact-play","12":"product_tag-paddle","13":"product_tag-saffron","14":"pa_color-black","15":"pa_color-clear","16":"pa_color-red","17":"nt-post-class","18":"","19":"masonry-item","20":"col-lg-6","28":"first","29":"outofstock","30":"taxable","31":"shipping-taxable","32":"purchasable","33":"product-type-simple","34":"add-to-wishlist-after_add_to_cart"},"acf":[],"brands":[{"id":347,"name":"Sportsheets","slug":"sportsheets"}],"_links":{"self":[{"href":"https:\/\/carmogepereira.pt\/pt\/wp-json\/wp\/v2\/product\/6402","targetHints":{"allow":["GET"]}}],"collection":[{"href":"https:\/\/carmogepereira.pt\/pt\/wp-json\/wp\/v2\/product"}],"about":[{"href":"https:\/\/carmogepereira.pt\/pt\/wp-json\/wp\/v2\/types\/product"}],"replies":[{"embeddable":true,"href":"https:\/\/carmogepereira.pt\/pt\/wp-json\/wp\/v2\/comments?post=6402"}],"version-history":[{"count":0,"href":"https:\/\/carmogepereira.pt\/pt\/wp-json\/wp\/v2\/product\/6402\/revisions"}],"wp:featuredmedia":[{"embeddable":true,"href":"https:\/\/carmogepereira.pt\/pt\/wp-json\/wp\/v2\/media\/6405"}],"wp:attachment":[{"href":"https:\/\/carmogepereira.pt\/pt\/wp-json\/wp\/v2\/media?parent=6402"}],"wp:term":[{"taxonomy":"pwb-brand","embeddable":true,"href":"https:\/\/carmogepereira.pt\/pt\/wp-json\/wp\/v2\/pwb-brand?post=6402"},{"taxonomy":"product_brand","embeddable":true,"href":"https:\/\/carmogepereira.pt\/pt\/wp-json\/wp\/v2\/product_brand?post=6402"},{"taxonomy":"product_cat","embeddable":true,"href":"https:\/\/carmogepereira.pt\/pt\/wp-json\/wp\/v2\/product_cat?post=6402"},{"taxonomy":"product_tag","embeddable":true,"href":"https:\/\/carmogepereira.pt\/pt\/wp-json\/wp\/v2\/product_tag?post=6402"}],"curies":[{"name":"wp","href":"https:\/\/api.w.org\/{rel}","templated":true}]}}