{"id":6407,"date":"2022-10-11T01:46:14","date_gmt":"2022-10-11T01:46:14","guid":{"rendered":"http:\/\/carmogepereira.pt\/vaiserperfeito\/?post_type=product&#038;p=6407"},"modified":"2025-12-11T15:04:23","modified_gmt":"2025-12-11T15:04:23","slug":"saffronacrylicspankersp","status":"publish","type":"product","link":"https:\/\/carmogepereira.pt\/pt\/shop\/saffronacrylicspankersp\/","title":{"rendered":"Saffron Acrylic Spanker Sportsheets"},"content":{"rendered":"<p><b><span data-contrast=\"auto\">Caracter\u00edsticas:<\/span><\/b><\/p>\n<p><span data-contrast=\"auto\">Furos cortados para maior intensidade.<\/span><\/p>\n<p><span data-contrast=\"auto\">Superf\u00edcie de impacto acr\u00edlico de 4mm de espessura.<\/span><\/p>\n<p><span data-contrast=\"auto\">Al\u00e7a facilita pendurar para arruma\u00e7\u00e3o.<\/span><\/p>\n<p>Combina com a Colec\u00e7\u00e3o Saffron.<\/p>\n<p><b><span data-contrast=\"auto\">Dimens\u00f5es do Produto:<\/span><\/b><\/p>\n<p>Paddle\u00a035.6cm<\/p>\n<p>Espessura 0.4cm<\/p>\n<p>Cabo 12.7cm<\/p>\n<p>Total 48.3cm<\/p>\n<p><b><span data-contrast=\"auto\">Conte\u00fado:<\/span><\/b><span data-ccp-props=\"{&quot;201341983&quot;:0,&quot;335559739&quot;:160,&quot;335559740&quot;:259}\">\u00a0<\/span><\/p>\n<p>1x Spanker<\/p>\n<p><b><span data-contrast=\"auto\">Materiais:<\/span><\/b><\/p>\n<p class=\"translation-block\">65% Acr\u00edlico, 20% PVC sem ftalatos, 15% Nylon.<\/p>","protected":false},"excerpt":{"rendered":"<p><span class=\"TextRun BCX0 SCXW112927724\" lang=\"EN-US\" xml:lang=\"EN-US\" data-contrast=\"auto\"><span class=\"NormalTextRun BCX0 SCXW112927724\">Com mais for\u00e7a. Mais r\u00e1pido. Mais. A  Saffron Acrylic Spanker apresenta uma superf\u00edcie de impacto com 13 buracos cortados sob press\u00e3o que reduzem a resist\u00eancia do ar para um balan\u00e7o mais r\u00e1pido e golpes mais duros. Os buracos tamb\u00e9m causam uma impress\u00e3o \u00fanica na pele, deixando para tr\u00e1s um delicioso padr\u00e3o de bolinhas.\u00a0<\/span><\/span><span class=\"TextRun BCX0 SCXW112927724\" lang=\"EN-US\" xml:lang=\"EN-US\" data-contrast=\"auto\"><span class=\"NormalTextRun BCX0 SCXW112927724\">O cabo em vinil desta ferramenta de prazer \u00e9 f\u00e1cil e confort\u00e1vel de agarrar, mesmo nas sess\u00f5es de spanking mais selvagens. A forma de extremidade aumenta a velocidade com 4mm de acr\u00edlico, o que proporciona uma ferroada excepcionalmente satisfat\u00f3ria.<\/span><\/span><\/p>\n<p><span class=\"TextRun BCX0 SCXW112927724\" lang=\"EN-US\" xml:lang=\"EN-US\" data-contrast=\"auto\"><span class=\"NormalTextRun BCX0 SCXW112927724\">A al\u00e7a de nylon na base do cabo de PVC liso torna esta paddle f\u00e1cil de guardar numa parede ou placa de fixa\u00e7\u00e3o quando terminado. Mescla e combina com outros produtos de colec\u00e7\u00e3o Saffron para uma divers\u00e3o ainda mais proibitiva!<\/span><\/span><\/p>","protected":false},"featured_media":6411,"comment_status":"open","ping_status":"closed","template":"","meta":{"_acf_changed":false},"pwb-brand":[347],"product_brand":[],"product_cat":[113,121,119],"product_tag":[213,257,256,358],"class_list":{"0":"post-6407","1":"product","2":"type-product","3":"status-publish","4":"has-post-thumbnail","6":"pwb-brand-sportsheets","7":"product_cat-accessorieskink","8":"product_cat-paddles","9":"product_cat-whipsfeathers","10":"product_tag-bdsm","11":"product_tag-impact-play","12":"product_tag-paddle","13":"product_tag-saffron","14":"pa_color-black","15":"pa_color-clear","16":"pa_color-red","17":"nt-post-class","18":"","19":"masonry-item","20":"col-lg-6","28":"first","29":"outofstock","30":"taxable","31":"shipping-taxable","32":"purchasable","33":"product-type-simple","34":"add-to-wishlist-after_add_to_cart"},"acf":[],"brands":[{"id":347,"name":"Sportsheets","slug":"sportsheets"}],"_links":{"self":[{"href":"https:\/\/carmogepereira.pt\/pt\/wp-json\/wp\/v2\/product\/6407","targetHints":{"allow":["GET"]}}],"collection":[{"href":"https:\/\/carmogepereira.pt\/pt\/wp-json\/wp\/v2\/product"}],"about":[{"href":"https:\/\/carmogepereira.pt\/pt\/wp-json\/wp\/v2\/types\/product"}],"replies":[{"embeddable":true,"href":"https:\/\/carmogepereira.pt\/pt\/wp-json\/wp\/v2\/comments?post=6407"}],"version-history":[{"count":0,"href":"https:\/\/carmogepereira.pt\/pt\/wp-json\/wp\/v2\/product\/6407\/revisions"}],"wp:featuredmedia":[{"embeddable":true,"href":"https:\/\/carmogepereira.pt\/pt\/wp-json\/wp\/v2\/media\/6411"}],"wp:attachment":[{"href":"https:\/\/carmogepereira.pt\/pt\/wp-json\/wp\/v2\/media?parent=6407"}],"wp:term":[{"taxonomy":"pwb-brand","embeddable":true,"href":"https:\/\/carmogepereira.pt\/pt\/wp-json\/wp\/v2\/pwb-brand?post=6407"},{"taxonomy":"product_brand","embeddable":true,"href":"https:\/\/carmogepereira.pt\/pt\/wp-json\/wp\/v2\/product_brand?post=6407"},{"taxonomy":"product_cat","embeddable":true,"href":"https:\/\/carmogepereira.pt\/pt\/wp-json\/wp\/v2\/product_cat?post=6407"},{"taxonomy":"product_tag","embeddable":true,"href":"https:\/\/carmogepereira.pt\/pt\/wp-json\/wp\/v2\/product_tag?post=6407"}],"curies":[{"name":"wp","href":"https:\/\/api.w.org\/{rel}","templated":true}]}}