{"id":6415,"date":"2022-10-11T02:54:52","date_gmt":"2022-10-11T02:54:52","guid":{"rendered":"http:\/\/carmogepereira.pt\/vaiserperfeito\/?post_type=product&#038;p=6415"},"modified":"2025-12-13T09:24:38","modified_gmt":"2025-12-13T09:24:38","slug":"acontorcionistadeckofcardscc","status":"publish","type":"product","link":"https:\/\/carmogepereira.pt\/pt\/shop\/acontorcionistadeckofcardscc\/","title":{"rendered":"ACONTORCIONISTA Deck of Cards"},"content":{"rendered":"<p><b><span data-contrast=\"auto\">Caracter\u00edsticas:<\/span><\/b><span data-ccp-props=\"{&quot;201341983&quot;:0,&quot;335559739&quot;:160,&quot;335559740&quot;:259}\">\u00a0<\/span><\/p>\n<p>Um baralho de cartas sem regras, mas com muita arte.<\/p>\n<p>Liberte a sua imagina\u00e7\u00e3o.<\/p>\n<p>Edi\u00e7\u00e3o independente portuguesa.<\/p>\n<p><b><span data-contrast=\"auto\">Conte\u00fado:<\/span><\/b><span data-ccp-props=\"{&quot;201341983&quot;:0,&quot;335559739&quot;:160,&quot;335559740&quot;:259}\">\u00a0<\/span><\/p>\n<p>Baralho de cartas.<\/p>","protected":false},"excerpt":{"rendered":"<p>Uma Raps\u00f3dia Er\u00f3tica de autoria do Grupo Emp\u00edreo, Sociedade An\u00f3nima de Recreio e Prazer, publicada pela MMMNNRRG e promovida e comercializada pela Associa\u00e7\u00e3o Chili Com Carne em Portugal.<\/p>\n<p class=\"translation-block\">AcontorcionistA \/ The ContorcionisT \u00e9 uma raps\u00f3dia er\u00f3tica constitu\u00edda por uma s\u00e9rie de livros ilustrados de v\u00e1rios formatos de autoria de um misterioso colectivo chamado Empireo. Esta \u00e9 a quarta edi\u00e7\u00e3o da AcontorcionistA desta vez disfar\u00e7ada de um jogo de cartas Apollonian para jogadores Dionysian, contendo um deck original de 68 unidades com regras a serem descobertas e criadas.<\/p>\n<div><\/div>\n<div>H\u00e1 apenas 200 c\u00f3pias deste fabuloso objecto.<\/div>\n<p><span class=\"style10\">*sinopse da editora<\/span><\/p>","protected":false},"featured_media":6418,"comment_status":"open","ping_status":"closed","template":"","meta":{"_acf_changed":false},"pwb-brand":[344],"product_brand":[],"product_cat":[128],"product_tag":[386,352],"class_list":{"0":"post-6415","1":"product","2":"type-product","3":"status-publish","4":"has-post-thumbnail","6":"pwb-brand-miscellaneous","7":"product_cat-artbooksfilm","8":"product_tag-art","9":"product_tag-game","10":"pa_color-light-pink","11":"nt-post-class","12":"","13":"masonry-item","14":"col-lg-6","22":"first","23":"outofstock","24":"taxable","25":"shipping-taxable","26":"purchasable","27":"product-type-simple","28":"add-to-wishlist-after_add_to_cart"},"acf":[],"brands":[{"id":344,"name":"Variadas","slug":"miscellaneous"}],"_links":{"self":[{"href":"https:\/\/carmogepereira.pt\/pt\/wp-json\/wp\/v2\/product\/6415","targetHints":{"allow":["GET"]}}],"collection":[{"href":"https:\/\/carmogepereira.pt\/pt\/wp-json\/wp\/v2\/product"}],"about":[{"href":"https:\/\/carmogepereira.pt\/pt\/wp-json\/wp\/v2\/types\/product"}],"replies":[{"embeddable":true,"href":"https:\/\/carmogepereira.pt\/pt\/wp-json\/wp\/v2\/comments?post=6415"}],"version-history":[{"count":0,"href":"https:\/\/carmogepereira.pt\/pt\/wp-json\/wp\/v2\/product\/6415\/revisions"}],"wp:featuredmedia":[{"embeddable":true,"href":"https:\/\/carmogepereira.pt\/pt\/wp-json\/wp\/v2\/media\/6418"}],"wp:attachment":[{"href":"https:\/\/carmogepereira.pt\/pt\/wp-json\/wp\/v2\/media?parent=6415"}],"wp:term":[{"taxonomy":"pwb-brand","embeddable":true,"href":"https:\/\/carmogepereira.pt\/pt\/wp-json\/wp\/v2\/pwb-brand?post=6415"},{"taxonomy":"product_brand","embeddable":true,"href":"https:\/\/carmogepereira.pt\/pt\/wp-json\/wp\/v2\/product_brand?post=6415"},{"taxonomy":"product_cat","embeddable":true,"href":"https:\/\/carmogepereira.pt\/pt\/wp-json\/wp\/v2\/product_cat?post=6415"},{"taxonomy":"product_tag","embeddable":true,"href":"https:\/\/carmogepereira.pt\/pt\/wp-json\/wp\/v2\/product_tag?post=6415"}],"curies":[{"name":"wp","href":"https:\/\/api.w.org\/{rel}","templated":true}]}}