{"id":6419,"date":"2022-10-11T03:03:12","date_gmt":"2022-10-11T03:03:12","guid":{"rendered":"http:\/\/carmogepereira.pt\/vaiserperfeito\/?post_type=product&#038;p=6419"},"modified":"2023-12-13T19:40:57","modified_gmt":"2023-12-13T19:40:57","slug":"acontorcionistapostcardscc","status":"publish","type":"product","link":"https:\/\/carmogepereira.pt\/pt\/shop\/acontorcionistapostcardscc\/","title":{"rendered":"ACONTORCIONISTA Postcards"},"content":{"rendered":"<p><b><span data-contrast=\"auto\">Caracter\u00edsticas:<\/span><\/b><span data-ccp-props=\"{&quot;201341983&quot;:0,&quot;335559739&quot;:160,&quot;335559740&quot;:259}\">\u00a0<\/span><\/p>\n<p>Um conjunto de cart\u00f5es postais com muita arte.<\/p>\n<p>Liberte a sua imagina\u00e7\u00e3o.<\/p>\n<p>Edi\u00e7\u00e3o independente portuguesa.<\/p>\n<p><b><span data-contrast=\"auto\">Conte\u00fado:<\/span><\/b><span data-ccp-props=\"{&quot;201341983&quot;:0,&quot;335559739&quot;:160,&quot;335559740&quot;:259}\">\u00a0<\/span><\/p>\n<p>16 postais + 4 envelopes.<\/p>","protected":false},"excerpt":{"rendered":"<p>Uma Raps\u00f3dia Er\u00f3tica de autoria do Grupo Emp\u00edreo, Sociedade An\u00f3nima de Recreio e Prazer, publicada pela MMMNNRRG e promovida e comercializada pela Associa\u00e7\u00e3o Chili Com Carne em Portugal. O Grupo Emp\u00edreo, Sociedade An\u00f3nima de Recreio e Prazer e as edi\u00e7\u00f5es da MMMNNNRRRG t\u00eam o prazer de anunciar a publica\u00e7\u00e3o do terceiro movimento da raps\u00f3dia er\u00f3tica AcontorcionistA, intitulado Cart\u00e3o Postal.<\/p>\n<p>Desta vez, estamos perante um folheto com 16 p\u00e1ginas + 4 encartes para a transmiss\u00e3o n\u00e3o electr\u00f3nica de mensagens com um conte\u00fado libertino.<\/p>\n<p><span class=\"style10\">*sinopse da editora<\/span><\/p>","protected":false},"featured_media":6422,"comment_status":"open","ping_status":"closed","template":"","meta":{"_acf_changed":false},"pwb-brand":[344],"product_brand":[],"product_cat":[128,555],"product_tag":[386,387],"class_list":{"0":"post-6419","1":"product","2":"type-product","3":"status-publish","4":"has-post-thumbnail","6":"pwb-brand-miscellaneous","7":"product_cat-artbooksfilm","8":"product_cat-readytoship","9":"product_tag-art","10":"product_tag-postcard","11":"nt-post-class","12":"","13":"masonry-item","14":"col-lg-6","22":"first","23":"instock","24":"taxable","25":"shipping-taxable","26":"purchasable","27":"product-type-simple","28":"add-to-wishlist-after_add_to_cart"},"acf":[],"brands":[{"id":344,"name":"Variadas","slug":"miscellaneous"}],"_links":{"self":[{"href":"https:\/\/carmogepereira.pt\/pt\/wp-json\/wp\/v2\/product\/6419","targetHints":{"allow":["GET"]}}],"collection":[{"href":"https:\/\/carmogepereira.pt\/pt\/wp-json\/wp\/v2\/product"}],"about":[{"href":"https:\/\/carmogepereira.pt\/pt\/wp-json\/wp\/v2\/types\/product"}],"replies":[{"embeddable":true,"href":"https:\/\/carmogepereira.pt\/pt\/wp-json\/wp\/v2\/comments?post=6419"}],"version-history":[{"count":0,"href":"https:\/\/carmogepereira.pt\/pt\/wp-json\/wp\/v2\/product\/6419\/revisions"}],"wp:featuredmedia":[{"embeddable":true,"href":"https:\/\/carmogepereira.pt\/pt\/wp-json\/wp\/v2\/media\/6422"}],"wp:attachment":[{"href":"https:\/\/carmogepereira.pt\/pt\/wp-json\/wp\/v2\/media?parent=6419"}],"wp:term":[{"taxonomy":"pwb-brand","embeddable":true,"href":"https:\/\/carmogepereira.pt\/pt\/wp-json\/wp\/v2\/pwb-brand?post=6419"},{"taxonomy":"product_brand","embeddable":true,"href":"https:\/\/carmogepereira.pt\/pt\/wp-json\/wp\/v2\/product_brand?post=6419"},{"taxonomy":"product_cat","embeddable":true,"href":"https:\/\/carmogepereira.pt\/pt\/wp-json\/wp\/v2\/product_cat?post=6419"},{"taxonomy":"product_tag","embeddable":true,"href":"https:\/\/carmogepereira.pt\/pt\/wp-json\/wp\/v2\/product_tag?post=6419"}],"curies":[{"name":"wp","href":"https:\/\/api.w.org\/{rel}","templated":true}]}}