{"id":6423,"date":"2022-10-11T03:16:46","date_gmt":"2022-10-11T03:16:46","guid":{"rendered":"http:\/\/carmogepereira.pt\/vaiserperfeito\/?post_type=product&#038;p=6423"},"modified":"2024-03-01T14:21:17","modified_gmt":"2024-03-01T14:21:17","slug":"harvestedcc","status":"publish","type":"product","link":"https:\/\/carmogepereira.pt\/pt\/shop\/harvestedcc\/","title":{"rendered":"HARVESTED"},"content":{"rendered":"<p><strong>Caracter\u00edsticas:<\/strong><\/p>\n<p>Capturas de arte em fundo de filmagens pornogr\u00e1ficas.<\/p>\n<p>Antologia.<\/p>\n<p><strong>Cont\u00e9m:<\/strong><\/p>\n<p>502 p\u00e1ginas<\/p>\n<p>Edi\u00e7\u00e3o em capa dura CMYK.<\/p>","protected":false},"excerpt":{"rendered":"<p>Harvested traz para o primeiro plano quinhentas obras de arte encontradas em resid\u00eancias, est\u00fadios, cen\u00e1rios de filmes e outras heterotopias da ind\u00fastria cinematogr\u00e1fica para adultos. Mais de dois mil filmes para adultos foram colhidos em massa de websites p2p directamente para um local de servidor onde foram quebrados em milhares de snapshots de JPG de baixa qualidade. O conjunto de imagens foi submetido a servi\u00e7os de crowdsourced e um grupo seleccionado de microtrabalhadores foi designado para filtr\u00e1-los de acordo com uma instru\u00e7\u00e3o conscientemente vaga: sobre se exibiam ou n\u00e3o arte contempor\u00e2nea. A antologia sublinha a import\u00e2ncia para uma hist\u00f3ria de arte contextual, espec\u00edfica da ind\u00fastria, e coloca, pelo mesmo motivo, a necessidade de activar a vis\u00e3o perif\u00e9rica em rela\u00e7\u00e3o \u00e0s pr\u00e1ticas escop\u00f3filas. Embora as pinturas IKEA sejam predominantes, \u00e9 poss\u00edvel encontrar obras de mestres modernos, como um rip-off de Fernand Leger, uma desconhecida Joan Miro, Castle and Sun de Paul Klee, mas tamb\u00e9m obras contempor\u00e2neas como Quote, 1964, uma estampa de Robert Rauschenberg, uma s\u00e9rie de pinturas de Mark Rothko, School of Fontainebleau de Cy Twombly e mesmo algumas r\u00e9plicas de Frank Stella e Lucio Fontana.<\/p>\n<p>Harvested \u00e9 uma co-produ\u00e7\u00e3o editorial de: MMMNNNRRRG (Portugal), Forlaens (Dinamarca), H\u00e9lice H\u00e9las (Su\u00ed\u00e7a), Lendroit Editions (Fran\u00e7a), La Cinquieme Couche (B\u00e9lgica), Topovoros (Gr\u00e9cia), Fortepressa (It\u00e1lia), Ediciones Valientes (Espanha), Pachiclon (M\u00e9xico) e Bitterkomix (\u00c1frica do Sul). 502 p\u00e1ginas | edi\u00e7\u00e3o em capa dura CMYK (165mm x 150mm) | 2015 |<\/p>\n<p><span class=\"style10\">*sinopse do autor<br \/>\n<\/span><\/p>\n<p>**oferta de fim de stock<\/p>","protected":false},"featured_media":6429,"comment_status":"open","ping_status":"closed","template":"","meta":{"_acf_changed":false},"pwb-brand":[344],"product_brand":[],"product_cat":[128],"product_tag":[386,351],"class_list":{"0":"post-6423","1":"product","2":"type-product","3":"status-publish","4":"has-post-thumbnail","6":"pwb-brand-miscellaneous","7":"product_cat-artbooksfilm","8":"product_tag-art","9":"product_tag-book","10":"nt-post-class","11":"","12":"masonry-item","13":"col-lg-6","21":"first","22":"instock","23":"sale","24":"taxable","25":"shipping-taxable","26":"purchasable","27":"product-type-simple","28":"add-to-wishlist-after_add_to_cart"},"acf":[],"brands":[{"id":344,"name":"Variadas","slug":"miscellaneous"}],"_links":{"self":[{"href":"https:\/\/carmogepereira.pt\/pt\/wp-json\/wp\/v2\/product\/6423","targetHints":{"allow":["GET"]}}],"collection":[{"href":"https:\/\/carmogepereira.pt\/pt\/wp-json\/wp\/v2\/product"}],"about":[{"href":"https:\/\/carmogepereira.pt\/pt\/wp-json\/wp\/v2\/types\/product"}],"replies":[{"embeddable":true,"href":"https:\/\/carmogepereira.pt\/pt\/wp-json\/wp\/v2\/comments?post=6423"}],"version-history":[{"count":0,"href":"https:\/\/carmogepereira.pt\/pt\/wp-json\/wp\/v2\/product\/6423\/revisions"}],"wp:featuredmedia":[{"embeddable":true,"href":"https:\/\/carmogepereira.pt\/pt\/wp-json\/wp\/v2\/media\/6429"}],"wp:attachment":[{"href":"https:\/\/carmogepereira.pt\/pt\/wp-json\/wp\/v2\/media?parent=6423"}],"wp:term":[{"taxonomy":"pwb-brand","embeddable":true,"href":"https:\/\/carmogepereira.pt\/pt\/wp-json\/wp\/v2\/pwb-brand?post=6423"},{"taxonomy":"product_brand","embeddable":true,"href":"https:\/\/carmogepereira.pt\/pt\/wp-json\/wp\/v2\/product_brand?post=6423"},{"taxonomy":"product_cat","embeddable":true,"href":"https:\/\/carmogepereira.pt\/pt\/wp-json\/wp\/v2\/product_cat?post=6423"},{"taxonomy":"product_tag","embeddable":true,"href":"https:\/\/carmogepereira.pt\/pt\/wp-json\/wp\/v2\/product_tag?post=6423"}],"curies":[{"name":"wp","href":"https:\/\/api.w.org\/{rel}","templated":true}]}}