{"id":6436,"date":"2022-10-11T14:49:44","date_gmt":"2022-10-11T14:49:44","guid":{"rendered":"http:\/\/carmogepereira.pt\/vaiserperfeito\/?post_type=product&#038;p=6436"},"modified":"2025-12-13T09:00:51","modified_gmt":"2025-12-13T09:00:51","slug":"playingmonogamysvs","status":"publish","type":"product","link":"https:\/\/carmogepereira.pt\/pt\/shop\/playingmonogamysvs\/","title":{"rendered":"Playing Monogamy"},"content":{"rendered":"<p><strong>Caracter\u00edsticas:<\/strong><\/p>\n<p>Releitura contempor\u00e2nea do culto da monogamia.<\/p>\n<p>Autorie Simon(e) Van Saarloos.<\/p>\n<p>Pref\u00e1cio de Leni Zumas.<\/p>\n<p><strong>Cont\u00e9m:<\/strong><\/p>\n<p>1x livro - 130 p\u00e1ginas.<\/p>","protected":false},"excerpt":{"rendered":"<p class=\"translation-block\">O amor \u00e9 amor, mas n\u00e3o realmente. Para reconhecer o amor como amor, precisamos de imagens compreens\u00edveis. Quais s\u00e3o as imagens contempor\u00e2neas que nos ajudam a identificar o amor e como poder\u00edamos identificar o amor de forma diferente, figurando-o como menos definido por procedimentos de seguran\u00e7a, compromisso medido e sentimentos de propriedade e direito? Playing Monogamy recusa-se a ver as rela\u00e7\u00f5es pessoais como portos seguros onde as pessoas se podem esconder das precaridades da sociedade, e em vez disso prop\u00f5e tornar a vida p\u00fablica mais \u00edntima e rom\u00e2ntica.<\/p>\n<p class=\"translation-block\">Atrav\u00e9s de uma releitura contempor\u00e2nea do culto da monogamia, van Saarloos brinca com a forma como a estrutura da monogamia \u00e9 mantida atrav\u00e9s de conven\u00e7\u00f5es sociais dentro dos contextos ocidentais. Escrito para um p\u00fablico mais leigo, o livro prop\u00f5e um envolvimento alargado e poliamoroso com a intimidade e a sexualidade como uma alternativa poss\u00edvel. Originalmente escrito em holand\u00eas e publicado por De Bezige Bij, Publication Studio est\u00e1 entusiasmado por levar este livro a um p\u00fablico de l\u00edngua inglesa pela primeira vez. Estamos tamb\u00e9m felizes por partilhar que esta edi\u00e7\u00e3o do livro, traduzido por Liz Waters, inclui um pref\u00e1cio de Leni Zumas, autora do bestseller norte-americano Red Clocks, e um pref\u00e1cio revisto por Simon(e), abordando de forma diferente a forma como poder\u00e3o abordar a escrita sobre n\u00e3omonogamia quatro anos ap\u00f3s a primeira publica\u00e7\u00e3o do livro - e depois de muitas experi\u00eancias no meio.<\/p>\n<p>*descri\u00e7\u00e3o da editora<\/p>","protected":false},"featured_media":6439,"comment_status":"open","ping_status":"closed","template":"","meta":{"_acf_changed":false},"pwb-brand":[344],"product_brand":[],"product_cat":[128],"product_tag":[351],"class_list":{"0":"post-6436","1":"product","2":"type-product","3":"status-publish","4":"has-post-thumbnail","6":"pwb-brand-miscellaneous","7":"product_cat-artbooksfilm","8":"product_tag-book","9":"pa_color-beige","10":"nt-post-class","11":"","12":"masonry-item","13":"col-lg-6","21":"first","22":"outofstock","23":"taxable","24":"shipping-taxable","25":"purchasable","26":"product-type-simple","27":"add-to-wishlist-after_add_to_cart"},"acf":[],"brands":[{"id":344,"name":"Variadas","slug":"miscellaneous"}],"_links":{"self":[{"href":"https:\/\/carmogepereira.pt\/pt\/wp-json\/wp\/v2\/product\/6436","targetHints":{"allow":["GET"]}}],"collection":[{"href":"https:\/\/carmogepereira.pt\/pt\/wp-json\/wp\/v2\/product"}],"about":[{"href":"https:\/\/carmogepereira.pt\/pt\/wp-json\/wp\/v2\/types\/product"}],"replies":[{"embeddable":true,"href":"https:\/\/carmogepereira.pt\/pt\/wp-json\/wp\/v2\/comments?post=6436"}],"version-history":[{"count":0,"href":"https:\/\/carmogepereira.pt\/pt\/wp-json\/wp\/v2\/product\/6436\/revisions"}],"wp:featuredmedia":[{"embeddable":true,"href":"https:\/\/carmogepereira.pt\/pt\/wp-json\/wp\/v2\/media\/6439"}],"wp:attachment":[{"href":"https:\/\/carmogepereira.pt\/pt\/wp-json\/wp\/v2\/media?parent=6436"}],"wp:term":[{"taxonomy":"pwb-brand","embeddable":true,"href":"https:\/\/carmogepereira.pt\/pt\/wp-json\/wp\/v2\/pwb-brand?post=6436"},{"taxonomy":"product_brand","embeddable":true,"href":"https:\/\/carmogepereira.pt\/pt\/wp-json\/wp\/v2\/product_brand?post=6436"},{"taxonomy":"product_cat","embeddable":true,"href":"https:\/\/carmogepereira.pt\/pt\/wp-json\/wp\/v2\/product_cat?post=6436"},{"taxonomy":"product_tag","embeddable":true,"href":"https:\/\/carmogepereira.pt\/pt\/wp-json\/wp\/v2\/product_tag?post=6436"}],"curies":[{"name":"wp","href":"https:\/\/api.w.org\/{rel}","templated":true}]}}